{"id":728864,"date":"2025-03-03T16:02:45","date_gmt":"2025-03-03T15:02:45","guid":{"rendered":"https:\/\/stoic-curie.212-227-153-4.plesk.page\/producto\/chaussette-a-pare-battage-fendress-a5-bleu-roi\/"},"modified":"2026-02-24T23:08:31","modified_gmt":"2026-02-24T23:08:31","slug":"chaussette-a-pare-battage-fendress-a5-bleu-roi","status":"publish","type":"product","link":"https:\/\/stoic-curie.212-227-153-4.plesk.page\/fr\/product\/chaussette-a-pare-battage-fendress-a5-bleu-roi\/","title":{"rendered":"Chaussette \u00e0 pare-battage Fendress A5, bleu roi"},"content":{"rendered":"<p>Chaussette \u00e0 pare-battage Fendress A5, bleu roi &#8211; <\/p>\n<p>Couvre-fenders Fendress en polaire. Protection premium pour vos fenders, tout en \u00e9liminant les bruits et les marques. Doux et robuste, ces couvre-fenders prot\u00e8gent efficacement votre peinture gel-coat et prolongent la dur\u00e9e de vie de vos fenders. <\/p>\n<p>\u2022 Les \u201cCouvre-fenders Fendress\u201d sont 100% acryliques, fabriqu\u00e9s \u00e0 la main en qualit\u00e9 premium, r\u00e9sistants et non-abrasifs. Les doux couvre-fenders en polaire offrent la protection ultime pour vos surfaces. <br \/>\u2022 Les \u201cCouvre-fenders Fendress\u201d sont r\u00e9sistants aux UV et \u00e0 l&#8217;eau de mer, prot\u00e9geant efficacement votre peinture gel-coat contre les marques et les abrasions. Le tissu polaire durable et r\u00e9sistant poss\u00e8de toutes les meilleures caract\u00e9ristiques, notamment la r\u00e9sistance aux d\u00e9chirures et aux abrasions, un s\u00e9chage rapide et un retrait facile pour le nettoyage.<br \/>\u2022 Les \u201cCouvre-fenders Fendress\u201d prolongent la vie de vos fenders et \u00e9liminent les bruits de fender irritants. Les couleurs r\u00e9sistantes aux UV ne laissent pas de traces sur vos surfaces. Lavables en machine.<br \/>\u2022 Les \u201cCouvre-fenders Fendress\u201d avec une partie sup\u00e9rieure haute r\u00e9sistance et un ourlet \u00e9lastique permettent un ajustement personnalis\u00e9 pour tous les types de fenders. Les couvertures sont disponibles en 9 couleurs.<\/p>\n","protected":false},"excerpt":{"rendered":"<p>Chaussette \u00e0 pare-battage Fendress A5, bleu roi &#8211; Couvre-fenders Fendress en polaire. Protection premium pour vos fenders, tout en \u00e9liminant<\/p>\n","protected":false},"featured_media":2997517,"comment_status":"open","ping_status":"closed","template":"","meta":[],"product_brand":[2233,2934],"product_cat":[1277],"product_tag":[],"class_list":{"0":"post-728864","1":"product","2":"type-product","3":"status-publish","4":"has-post-thumbnail","6":"product_brand-fendress","7":"product_brand-fendress-fr","8":"product_cat-housses-de-pare-battage","10":"first","11":"instock","12":"shipping-taxable","13":"purchasable","14":"product-type-simple"},"_links":{"self":[{"href":"https:\/\/stoic-curie.212-227-153-4.plesk.page\/fr\/wp-json\/wp\/v2\/product\/728864","targetHints":{"allow":["GET"]}}],"collection":[{"href":"https:\/\/stoic-curie.212-227-153-4.plesk.page\/fr\/wp-json\/wp\/v2\/product"}],"about":[{"href":"https:\/\/stoic-curie.212-227-153-4.plesk.page\/fr\/wp-json\/wp\/v2\/types\/product"}],"replies":[{"embeddable":true,"href":"https:\/\/stoic-curie.212-227-153-4.plesk.page\/fr\/wp-json\/wp\/v2\/comments?post=728864"}],"version-history":[{"count":0,"href":"https:\/\/stoic-curie.212-227-153-4.plesk.page\/fr\/wp-json\/wp\/v2\/product\/728864\/revisions"}],"wp:featuredmedia":[{"embeddable":true,"href":"https:\/\/stoic-curie.212-227-153-4.plesk.page\/fr\/wp-json\/"}],"wp:attachment":[{"href":"https:\/\/stoic-curie.212-227-153-4.plesk.page\/fr\/wp-json\/wp\/v2\/media?parent=728864"}],"wp:term":[{"taxonomy":"product_brand","embeddable":true,"href":"https:\/\/stoic-curie.212-227-153-4.plesk.page\/fr\/wp-json\/wp\/v2\/product_brand?post=728864"},{"taxonomy":"product_cat","embeddable":true,"href":"https:\/\/stoic-curie.212-227-153-4.plesk.page\/fr\/wp-json\/wp\/v2\/product_cat?post=728864"},{"taxonomy":"product_tag","embeddable":true,"href":"https:\/\/stoic-curie.212-227-153-4.plesk.page\/fr\/wp-json\/wp\/v2\/product_tag?post=728864"}],"curies":[{"name":"wp","href":"https:\/\/api.w.org\/{rel}","templated":true}]}}