{"id":728867,"date":"2025-03-03T16:02:46","date_gmt":"2025-03-03T15:02:46","guid":{"rendered":"https:\/\/stoic-curie.212-227-153-4.plesk.page\/producto\/telecommande-radio-haut-bas-pour-guindeau-avec-compteur-de-chaine-mz-12-24-v-2\/"},"modified":"2026-02-24T23:08:31","modified_gmt":"2026-02-24T23:08:31","slug":"telecommande-radio-haut-bas-pour-guindeau-avec-compteur-de-chaine-mz-12-24-v-2","status":"publish","type":"product","link":"https:\/\/stoic-curie.212-227-153-4.plesk.page\/fr\/product\/telecommande-radio-haut-bas-pour-guindeau-avec-compteur-de-chaine-mz-12-24-v-2\/","title":{"rendered":"T\u00e9l\u00e9commande radio haut\/bas pour guindeau avec compteur de cha\u00eene MZ, 12\/24\u00a0V"},"content":{"rendered":"<p>T\u00e9l\u00e9commande radio haut\/bas pour guindeau avec compteur de cha\u00eene MZ, 12\/24\u00a0V &#8211; <\/p>\n<p>Panneau de compteur de cha\u00eene pour guindeau \u00e0 commande radio, il compte la longueur de la cha\u00eene d\u00e9roul\u00e9e sans liens en plastique, garantissant toute la libert\u00e9 de man\u0153uvre lors des op\u00e9rations d&#8217;ancrage. Installation facile avec connexion directe \u00e0 l&#8217;alimentation de la batterie. Bo\u00eetier prot\u00e9g\u00e9 IP56. Dimensions : 100 x 100 x 18 mm.<\/p>\n","protected":false},"excerpt":{"rendered":"<p>T\u00e9l\u00e9commande radio haut\/bas pour guindeau avec compteur de cha\u00eene MZ, 12\/24\u00a0V &#8211; Panneau de compteur de cha\u00eene pour guindeau \u00e0<\/p>\n","protected":false},"featured_media":5940846,"comment_status":"open","ping_status":"closed","template":"","meta":[],"product_brand":[3159],"product_cat":[1037],"product_tag":[],"class_list":{"0":"post-728867","1":"product","2":"type-product","3":"status-publish","4":"has-post-thumbnail","6":"product_brand-mz-electronic-fr","7":"product_cat-guindeaux-quick","9":"first","10":"instock","11":"shipping-taxable","12":"purchasable","13":"product-type-simple"},"_links":{"self":[{"href":"https:\/\/stoic-curie.212-227-153-4.plesk.page\/fr\/wp-json\/wp\/v2\/product\/728867","targetHints":{"allow":["GET"]}}],"collection":[{"href":"https:\/\/stoic-curie.212-227-153-4.plesk.page\/fr\/wp-json\/wp\/v2\/product"}],"about":[{"href":"https:\/\/stoic-curie.212-227-153-4.plesk.page\/fr\/wp-json\/wp\/v2\/types\/product"}],"replies":[{"embeddable":true,"href":"https:\/\/stoic-curie.212-227-153-4.plesk.page\/fr\/wp-json\/wp\/v2\/comments?post=728867"}],"version-history":[{"count":0,"href":"https:\/\/stoic-curie.212-227-153-4.plesk.page\/fr\/wp-json\/wp\/v2\/product\/728867\/revisions"}],"wp:featuredmedia":[{"embeddable":true,"href":"https:\/\/stoic-curie.212-227-153-4.plesk.page\/fr\/wp-json\/wp\/v2\/media\/5940846"}],"wp:attachment":[{"href":"https:\/\/stoic-curie.212-227-153-4.plesk.page\/fr\/wp-json\/wp\/v2\/media?parent=728867"}],"wp:term":[{"taxonomy":"product_brand","embeddable":true,"href":"https:\/\/stoic-curie.212-227-153-4.plesk.page\/fr\/wp-json\/wp\/v2\/product_brand?post=728867"},{"taxonomy":"product_cat","embeddable":true,"href":"https:\/\/stoic-curie.212-227-153-4.plesk.page\/fr\/wp-json\/wp\/v2\/product_cat?post=728867"},{"taxonomy":"product_tag","embeddable":true,"href":"https:\/\/stoic-curie.212-227-153-4.plesk.page\/fr\/wp-json\/wp\/v2\/product_tag?post=728867"}],"curies":[{"name":"wp","href":"https:\/\/api.w.org\/{rel}","templated":true}]}}