{"id":728868,"date":"2025-03-03T16:02:46","date_gmt":"2025-03-03T15:02:46","guid":{"rendered":"https:\/\/stoic-curie.212-227-153-4.plesk.page\/producto\/groupe-electrogene-marin-paguro-3sy\/"},"modified":"2026-02-24T23:08:31","modified_gmt":"2026-02-24T23:08:31","slug":"groupe-electrogene-marin-paguro-3sy","status":"publish","type":"product","link":"https:\/\/stoic-curie.212-227-153-4.plesk.page\/fr\/product\/groupe-electrogene-marin-paguro-3sy\/","title":{"rendered":"Groupe \u00e9lectrog\u00e8ne marin Paguro 3SY"},"content":{"rendered":"<p>Groupe \u00e9lectrog\u00e8ne marin Paguro 3SY &#8211; <\/p>\n<p>Le g\u00e9n\u00e9rateur Paguro est aliment\u00e9 par un moteur diesel Yanmar avec alternateur refroidi par eau. Alternateur synchrone sans balais. Id\u00e9al pour les applications n\u00e9cessitant un courant de d\u00e9marrage \u00e9lev\u00e9. Composants marinis\u00e9s et bo\u00eetier en fibre de verre insonoris\u00e9. Complet avec un panneau de contr\u00f4le \u00e0 distance avec fil de 15 m, un compteur d&#8217;heures, un arr\u00eat d&#8217;urgence\/erreur automatique et un kit de montages anti-vibrations.<\/p>\n<p><strong>PAGURO 3 SY \u2013 3 KVA 3 KW<\/strong><\/p>\n<p>Le g\u00e9n\u00e9rateur PAGURO 3 SY est un \u00e9quipement remarquable, sp\u00e9cialement con\u00e7u pour les applications marines, et aliment\u00e9 par un moteur fiable Yanmar associ\u00e9 \u00e0 un alternateur refroidi par eau. Ce g\u00e9n\u00e9rateur se distingue comme l&#8217;une des options les plus silencieuses disponibles sur le march\u00e9 maritime, ce qui en fait un choix id\u00e9al pour les propri\u00e9taires de bateaux qui appr\u00e9cient la paix et le calme sur l&#8217;eau. L&#8217;une des caract\u00e9ristiques les plus remarquables du PAGURO 3 SY est son innovative syst\u00e8me de double amortisseur, qui minimise significativement les vibrations lors de l&#8217;utilisation. Cette fonction am\u00e9liore non seulement l&#8217;exp\u00e9rience utilisateur globale, mais assure \u00e9galement un fonctionnement plus fluide et plus stable, ce qui est crucial pour maintenir le confort \u00e0 bord.<\/p>\n<p>En termes de construction, tous les composants en contact avec l&#8217;eau de mer sont fabriqu\u00e9s avec soin en acier inoxydable 316 L. Ce choix de mat\u00e9riau est essentiel, car il offre une durabilit\u00e9 et une r\u00e9sistance \u00e0 la corrosion exceptionnelles, garantissant que le g\u00e9n\u00e9rateur peut r\u00e9sister aux durs environnements marins au fil du temps.<\/p>\n<p><strong>Alternateur<\/strong><\/p>\n<p>L&#8217;alternateur du PAGURO 3 SY est con\u00e7u avec une configuration synchrone et sans balais qui int\u00e8gre une r\u00e9gulation par condensateur. Ce design est particuli\u00e8rement avantageux, car il am\u00e9liore l&#8217;efficacit\u00e9 et la fiabilit\u00e9. L&#8217;alternateur est refroidi par eau \u00e0 travers un enveloppe de refroidissement en acier inoxydable AISI 316 L, ce qui contribue encore \u00e0 sa long\u00e9vit\u00e9. De plus, il dispose d&#8217;un chargeur de batterie d\u00e9di\u00e9 pour la batterie de d\u00e9marrage, \u00e9valu\u00e9e \u00e0 12 V et 8 A, et est class\u00e9 sous la classe d&#8217;isolation H, garantissant des performances optimales et la s\u00e9curit\u00e9.<\/p>\n<p><strong>Moteur<\/strong><\/p>\n<p>Ce g\u00e9n\u00e9rateur fonctionne avec du carburant diesel et est aliment\u00e9 par un moteur monocylindre. Il utilise un syst\u00e8me \u00e0 quatre temps, connu pour son efficacit\u00e9 et sa fiabilit\u00e9. Le moteur est \u00e9quip\u00e9 d&#8217;un \u00e9changeur de chaleur qui transf\u00e8re efficacement la chaleur de l&#8217;eau vers l&#8217;air, et ce composant est \u00e9galement fabriqu\u00e9 en acier inoxydable de haute qualit\u00e9, assurant durabilit\u00e9 et performance.<\/p>\n<p><strong>Capsule insonoris\u00e9e<\/strong><\/p>\n<p>La capsule insonoris\u00e9e du PAGURO 3 SY est construite en GRP multicouche, un mat\u00e9riau absorbant le son de haute densit\u00e9 qui r\u00e9duit consid\u00e9rablement les niveaux de bruit. Elle est doubl\u00e9e de mousse isolante thermique, qui aide non seulement \u00e0 l&#8217;insonorisation, mais maintient \u00e9galement des temp\u00e9ratures de fonctionnement optimales. Le design de la capsule est particuli\u00e8rement convivial, car il est construit en deux moiti\u00e9s, permettant un acc\u00e8s facile lors de l&#8217;entretien, m\u00eame dans des espaces confin\u00e9s. De plus, le syst\u00e8me double anti-vibration comprend quatre amortisseurs souples internes et quatre supports moteur captifs film\u00e9s situ\u00e9s \u00e0 l&#8217;ext\u00e9rieur de la capsule. Ce design sophistiqu\u00e9 am\u00e9liore encore la stabilit\u00e9 du g\u00e9n\u00e9rateur et ses capacit\u00e9s de r\u00e9duction du bruit, ce qui en fait un excellent choix pour les propri\u00e9taires de bateaux exigeants \u00e0 la recherche de fiabilit\u00e9 et de performance dans leur \u00e9quipement marin.<\/p>\n","protected":false},"excerpt":{"rendered":"<p>Groupe \u00e9lectrog\u00e8ne marin Paguro 3SY &#8211; Le g\u00e9n\u00e9rateur Paguro est aliment\u00e9 par un moteur diesel Yanmar avec alternateur refroidi par<\/p>\n","protected":false},"featured_media":5943606,"comment_status":"open","ping_status":"closed","template":"","meta":[],"product_brand":[3239],"product_cat":[1154],"product_tag":[],"class_list":{"0":"post-728868","1":"product","2":"type-product","3":"status-publish","4":"has-post-thumbnail","6":"product_brand-paguro-fr","7":"product_cat-generateurs-marins","9":"first","10":"instock","11":"shipping-taxable","12":"purchasable","13":"product-type-simple"},"_links":{"self":[{"href":"https:\/\/stoic-curie.212-227-153-4.plesk.page\/fr\/wp-json\/wp\/v2\/product\/728868","targetHints":{"allow":["GET"]}}],"collection":[{"href":"https:\/\/stoic-curie.212-227-153-4.plesk.page\/fr\/wp-json\/wp\/v2\/product"}],"about":[{"href":"https:\/\/stoic-curie.212-227-153-4.plesk.page\/fr\/wp-json\/wp\/v2\/types\/product"}],"replies":[{"embeddable":true,"href":"https:\/\/stoic-curie.212-227-153-4.plesk.page\/fr\/wp-json\/wp\/v2\/comments?post=728868"}],"version-history":[{"count":0,"href":"https:\/\/stoic-curie.212-227-153-4.plesk.page\/fr\/wp-json\/wp\/v2\/product\/728868\/revisions"}],"wp:featuredmedia":[{"embeddable":true,"href":"https:\/\/stoic-curie.212-227-153-4.plesk.page\/fr\/wp-json\/wp\/v2\/media\/5943606"}],"wp:attachment":[{"href":"https:\/\/stoic-curie.212-227-153-4.plesk.page\/fr\/wp-json\/wp\/v2\/media?parent=728868"}],"wp:term":[{"taxonomy":"product_brand","embeddable":true,"href":"https:\/\/stoic-curie.212-227-153-4.plesk.page\/fr\/wp-json\/wp\/v2\/product_brand?post=728868"},{"taxonomy":"product_cat","embeddable":true,"href":"https:\/\/stoic-curie.212-227-153-4.plesk.page\/fr\/wp-json\/wp\/v2\/product_cat?post=728868"},{"taxonomy":"product_tag","embeddable":true,"href":"https:\/\/stoic-curie.212-227-153-4.plesk.page\/fr\/wp-json\/wp\/v2\/product_tag?post=728868"}],"curies":[{"name":"wp","href":"https:\/\/api.w.org\/{rel}","templated":true}]}}