{"id":728869,"date":"2025-03-03T16:02:46","date_gmt":"2025-03-03T15:02:46","guid":{"rendered":"https:\/\/stoic-curie.212-227-153-4.plesk.page\/producto\/groupe-electrogene-marin-paguro-4sy\/"},"modified":"2026-02-24T23:08:31","modified_gmt":"2026-02-24T23:08:31","slug":"groupe-electrogene-marin-paguro-4sy","status":"publish","type":"product","link":"https:\/\/stoic-curie.212-227-153-4.plesk.page\/fr\/product\/groupe-electrogene-marin-paguro-4sy\/","title":{"rendered":"Groupe \u00e9lectrog\u00e8ne marin Paguro 4SY"},"content":{"rendered":"<p>Groupe \u00e9lectrog\u00e8ne marin Paguro 4SY &#8211; <\/p>\n<p>Le g\u00e9n\u00e9rateur PAGURO est aliment\u00e9 par un moteur diesel Yanmar avec alternateur refroidi par eau. C&#8217;est un alternateur sans balais et synchrone. Id\u00e9al pour les utilisations n\u00e9cessitant un courant de d\u00e9marrage \u00e9lev\u00e9. Composants marinis\u00e9s et bo\u00eetier en fibre de verre insonoris\u00e9. Complet avec panneau de contr\u00f4le \u00e0 distance avec c\u00e2ble de 15 m, compte-heure, arr\u00eat d&#8217;urgence\/erreur automatique et kit de supports antivibration.<\/p>\n<p><strong>PAGURO 4 SY \u2013 4 KVA 3.5 KW<\/strong><\/p>\n<p>Le g\u00e9n\u00e9rateur PAGURO 4 SY est un \u00e9quipement remarquable, sp\u00e9cialement con\u00e7u pour les applications marines, aliment\u00e9 par un moteur Yanmar fiable associ\u00e9 \u00e0 un alternateur refroidi par eau. Ce g\u00e9n\u00e9rateur se distingue comme l&#8217;une des options les plus silencieuses sur le march\u00e9 maritime, ce qui en fait un choix id\u00e9al pour les propri\u00e9taires de bateaux qui appr\u00e9cient la paix et la tranquillit\u00e9 sur l&#8217;eau. L&#8217;une des caract\u00e9ristiques remarquables du PAGURO 4 SY est son syst\u00e8me d&#8217;amortissement double, qui minimise consid\u00e9rablement les vibrations pendant le fonctionnement. Ce design innovant garantit des performances plus fluides et plus stables, am\u00e9liorant l&#8217;exp\u00e9rience utilisateur globale. De plus, tous les composants en contact avec l&#8217;eau de mer sont soigneusement fabriqu\u00e9s en acier inoxydable 316 L de haute qualit\u00e9, un mat\u00e9riau reconnu pour sa durabilit\u00e9 exceptionnelle et sa r\u00e9sistance \u00e0 la corrosion, assurant ainsi une long\u00e9vit\u00e9 m\u00eame dans des environnements marins difficiles.<\/p>\n<p><strong>Alternateur<\/strong><\/p>\n<p>Au c\u0153ur du PAGURO 4 SY se trouve un alternateur synchrone sans balais qui utilise la r\u00e9gulation par condensateurs pour une efficacit\u00e9 optimale. Cet alternateur est refroidi par eau \u00e0 travers une chemise d&#8217;eau en acier inoxydable AISI 316 L, ce qui am\u00e9liore non seulement ses performances mais contribue \u00e9galement \u00e0 sa durabilit\u00e9. De plus, le g\u00e9n\u00e9rateur est \u00e9quip\u00e9 d&#8217;un chargeur de batterie d\u00e9di\u00e9 pour la batterie de d\u00e9marrage, \u00e9valu\u00e9 \u00e0 12 V et 8 A, garantissant que votre g\u00e9n\u00e9rateur est toujours pr\u00eat \u00e0 l&#8217;emploi. L&#8217;isolant de l&#8217;alternateur est class\u00e9 en classe H, ce qui garantit une performance optimale dans diverses conditions de fonctionnement, apportant ainsi une tranquillit\u00e9 d&#8217;esprit aux propri\u00e9taires de bateaux.<\/p>\n<p><strong>Moteur<\/strong><\/p>\n<p>Le moteur du PAGURO 4 SY fonctionne au diesel et est aliment\u00e9 par un seul cylindre, utilisant un syst\u00e8me \u00e0 quatre temps \u00e0 la fois efficace et fiable. Un \u00e9changeur de chaleur est int\u00e9gr\u00e9 dans le design, transferrant efficacement la chaleur entre l&#8217;eau et l&#8217;air, et est \u00e9galement fabriqu\u00e9 en acier inoxydable de haute qualit\u00e9. Cette ing\u00e9nierie bien pens\u00e9e garantit que le g\u00e9n\u00e9rateur fonctionne efficacement tout en maintenant un faible impact environnemental.<\/p>\n<p><strong>Capsule Insonoris\u00e9e<\/strong><\/p>\n<p>Une des caract\u00e9ristiques les plus impressionnantes du PAGURO 4 SY est sa capsule insonoris\u00e9e, construite en GRP multicouche (Plastique Renforc\u00e9 de Verre). Ce mat\u00e9riau est connu pour sa haute densit\u00e9 et ses excellentes propri\u00e9t\u00e9s d&#8217;absorption du son, ce qui en fait une barri\u00e8re efficace contre le bruit. La capsule est en outre am\u00e9lior\u00e9e par un rev\u00eatement en mousse isolante thermique, qui aide \u00e0 maintenir des temp\u00e9ratures de fonctionnement optimales. Con\u00e7ue en deux parties, la capsule insonoris\u00e9e permet un acc\u00e8s facile aux composants internes pour l&#8217;entretien, m\u00eame dans les espaces confin\u00e9s, ce qui repr\u00e9sente un avantage consid\u00e9rable pour les propri\u00e9taires de bateaux. De plus, la capsule int\u00e8gre un double syst\u00e8me antivibratoire, comprenant quatre amortisseurs internes souples et quatre supports moteurs externes captifs. Ce design complet travaille ensemble pour r\u00e9duire encore le bruit et les vibrations, garantissant que vos moments sur l&#8217;eau restent aussi paisibles et agr\u00e9ables que possible.<\/p>\n<p>En r\u00e9sum\u00e9, le g\u00e9n\u00e9rateur PAGURO 4 SY est un choix exceptionnel pour les propri\u00e9taires de bateaux \u00e0 la recherche d&#8217;une source d&#8217;\u00e9nergie fiable, silencieuse et efficace pour leurs aventures marines.<\/p>\n","protected":false},"excerpt":{"rendered":"<p>Groupe \u00e9lectrog\u00e8ne marin Paguro 4SY &#8211; Le g\u00e9n\u00e9rateur PAGURO est aliment\u00e9 par un moteur diesel Yanmar avec alternateur refroidi par<\/p>\n","protected":false},"featured_media":5943608,"comment_status":"open","ping_status":"closed","template":"","meta":[],"product_brand":[3239],"product_cat":[1154],"product_tag":[],"class_list":{"0":"post-728869","1":"product","2":"type-product","3":"status-publish","4":"has-post-thumbnail","6":"product_brand-paguro-fr","7":"product_cat-generateurs-marins","9":"first","10":"outofstock","11":"shipping-taxable","12":"purchasable","13":"product-type-simple"},"_links":{"self":[{"href":"https:\/\/stoic-curie.212-227-153-4.plesk.page\/fr\/wp-json\/wp\/v2\/product\/728869","targetHints":{"allow":["GET"]}}],"collection":[{"href":"https:\/\/stoic-curie.212-227-153-4.plesk.page\/fr\/wp-json\/wp\/v2\/product"}],"about":[{"href":"https:\/\/stoic-curie.212-227-153-4.plesk.page\/fr\/wp-json\/wp\/v2\/types\/product"}],"replies":[{"embeddable":true,"href":"https:\/\/stoic-curie.212-227-153-4.plesk.page\/fr\/wp-json\/wp\/v2\/comments?post=728869"}],"version-history":[{"count":0,"href":"https:\/\/stoic-curie.212-227-153-4.plesk.page\/fr\/wp-json\/wp\/v2\/product\/728869\/revisions"}],"wp:featuredmedia":[{"embeddable":true,"href":"https:\/\/stoic-curie.212-227-153-4.plesk.page\/fr\/wp-json\/wp\/v2\/media\/5943608"}],"wp:attachment":[{"href":"https:\/\/stoic-curie.212-227-153-4.plesk.page\/fr\/wp-json\/wp\/v2\/media?parent=728869"}],"wp:term":[{"taxonomy":"product_brand","embeddable":true,"href":"https:\/\/stoic-curie.212-227-153-4.plesk.page\/fr\/wp-json\/wp\/v2\/product_brand?post=728869"},{"taxonomy":"product_cat","embeddable":true,"href":"https:\/\/stoic-curie.212-227-153-4.plesk.page\/fr\/wp-json\/wp\/v2\/product_cat?post=728869"},{"taxonomy":"product_tag","embeddable":true,"href":"https:\/\/stoic-curie.212-227-153-4.plesk.page\/fr\/wp-json\/wp\/v2\/product_tag?post=728869"}],"curies":[{"name":"wp","href":"https:\/\/api.w.org\/{rel}","templated":true}]}}