{"id":728870,"date":"2025-03-03T16:02:46","date_gmt":"2025-03-03T15:02:46","guid":{"rendered":"https:\/\/stoic-curie.212-227-153-4.plesk.page\/producto\/groupe-electrogene-marin-paguro-6000-5-kw\/"},"modified":"2026-02-24T23:08:31","modified_gmt":"2026-02-24T23:08:31","slug":"groupe-electrogene-marin-paguro-6000-5-kw","status":"publish","type":"product","link":"https:\/\/stoic-curie.212-227-153-4.plesk.page\/fr\/product\/groupe-electrogene-marin-paguro-6000-5-kw\/","title":{"rendered":"Groupe \u00e9lectrog\u00e8ne marin Paguro 6000, 5\u00a0kW"},"content":{"rendered":"<p>Groupe \u00e9lectrog\u00e8ne marin Paguro 6000, 5\u00a0kW &#8211; Le g\u00e9n\u00e9rateur marin VTE Paguro 6000 est une pi\u00e8ce d&#8217;ing\u00e9nierie remarquable, propuls\u00e9e par un robuste moteur Lombardini \u00e0 2 cylindres. Ce g\u00e9n\u00e9rateur repr\u00e9sente un \u00e9quilibre id\u00e9al entre une tr\u00e8s haute puissance, un design compact et un fonctionnement remarquablement silencieux, en faisant un excellent choix pour les propri\u00e9taires de bateaux \u00e0 la recherche de fiabilit\u00e9 et d&#8217;efficacit\u00e9. Chaque unit\u00e9 est minutieusement fabriqu\u00e9e \u00e0 partir de mat\u00e9riaux de qualit\u00e9 sup\u00e9rieure par des techniciens qualifi\u00e9s, garantissant qu&#8217;elle r\u00e9pond aux normes les plus \u00e9lev\u00e9es en mati\u00e8re de durabilit\u00e9 et de fiabilit\u00e9. Notamment, tous les composants qui entrent en contact avec l&#8217;eau brute sont fabriqu\u00e9s en acier inoxydable AISI 316 L, offrant une r\u00e9sistance \u00e0 la corrosion exceptionnelle, une caract\u00e9ristique essentielle pour les environnements marins o\u00f9 l&#8217;exposition \u00e0 l&#8217;eau de mer est in\u00e9vitable. La garantie standard pour le VTE Paguro 6000 est de deux ans \u00e0 partir de la date d&#8217;achat, offrant une tranquillit\u00e9 d&#8217;esprit aux clients. De plus, une option 50 Hz est disponible pour ceux qui en ont besoin. Le g\u00e9n\u00e9rateur est \u00e9quip\u00e9 d&#8217;un panneau de contr\u00f4le num\u00e9rique \u00e0 distance, d&#8217;un c\u00e2ble de 15 m\u00e8tres et d&#8217;une isolation phonique, am\u00e9liorant ainsi sa convivialit\u00e9 et son confort. VOLPI TECNO ENERGIA (VTE) a \u00e9tabli ses ensembles g\u00e9n\u00e9rateurs marins comme une r\u00e9f\u00e9rence sur le march\u00e9, gr\u00e2ce \u00e0 leurs performances optimales, \u00e0 leur faible niveau de bruit et \u00e0 leur design compact, en faisant un choix privil\u00e9gi\u00e9 parmi les passionn\u00e9s de bateau. La gamme PAGURO est vaste, r\u00e9pondant \u00e0 une vari\u00e9t\u00e9 de besoins en mati\u00e8re de puissance et de performances aussi bien pour les yachts que pour les bateaux \u00e0 moteur. Cette polyvalence garantit que, que vous soyez un plaisancier occasionnel ou un marin chevronn\u00e9, il existe un g\u00e9n\u00e9rateur Paguro capable de r\u00e9pondre \u00e0 vos exigences sp\u00e9cifiques. L&#8217;un des points forts du VTE Paguro 6000 est son fonctionnement remarquablement silencieux. Le moteur et l&#8217;alternateur de ce g\u00e9n\u00e9rateur Paguro sont tous deux refroidis par eau, \u00e9liminant ainsi le besoin de circulation d&#8217;air \u00e0 travers la capsule pour le refroidissement. Ce design innovant r\u00e9duit consid\u00e9rablement le bruit g\u00e9n\u00e9r\u00e9, permettant une exp\u00e9rience plus paisible \u00e0 bord. L&#8217;air n\u00e9cessaire \u00e0 la combustion entre par de petites ouvertures \u00e0 la base, sp\u00e9cialement con\u00e7ues pour minimiser l&#8217;\u00e9chappement sonore, garantissant que le g\u00e9n\u00e9rateur fonctionne en toute tranquillit\u00e9 sans compromettre les performances. La capsule insonoris\u00e9e est fabriqu\u00e9e en fibre de verre renforc\u00e9e multicouche, doubl\u00e9e de mousse absorbante sonore \u00e0 haute densit\u00e9, ce qui assure une isolation acoustique maximale. Cette prise en compte du design permet aux propri\u00e9taires de bateaux de profiter de leur temps sur l&#8217;eau sans le bruit intrusif souvent associ\u00e9 aux g\u00e9n\u00e9rateurs traditionnels. En plus de son fonctionnement silencieux, le VTE Paguro 6000 dispose d&#8217;un syst\u00e8me \u00e0 double anti-vibrations qui am\u00e9liore consid\u00e9rablement l&#8217;exp\u00e9rience utilisateur. Ce syst\u00e8me comprend quatre supports amortisseurs souples \u00e0 l&#8217;int\u00e9rieur de la capsule et quatre supports moteurs fermes \u00e0 l&#8217;ext\u00e9rieur, r\u00e9duisant efficacement le bruit et les vibrations sur une large plage de fr\u00e9quences. Cela signifie que non seulement le g\u00e9n\u00e9rateur est silencieux, mais qu&#8217;il fonctionne \u00e9galement en douceur, minimisant toute perturbation qui pourrait nuire \u00e0 votre plaisir sur l&#8217;eau. Chaque produit de la gamme Paguro est soigneusement con\u00e7u et fabriqu\u00e9, souvent en utilisant des composants sur mesure, afin de minimiser la taille du g\u00e9n\u00e9rateur tout en maximisant la puissance et en minimisant le bruit. \u00c9tant donn\u00e9 le place limit\u00e9 sur les bateaux modernes, le g\u00e9n\u00e9rateur Paguro permet \u00e0 un plus grand nombre de yachts de b\u00e9n\u00e9ficier d&#8217;une alimentation \u00e9lectrique que jamais auparavant. Son design compact et l\u00e9ger en fait un choix id\u00e9al pour les propri\u00e9taires de bateaux soucieux des limites d&#8217;espace et de poids, assurant qu&#8217;ils peuvent profiter des avantages d&#8217;une source d&#8217;\u00e9nergie fiable sans compromettre les performances ou la maniabilit\u00e9 de leur navire. La s\u00e9curit\u00e9 est primordiale lorsqu&#8217;il s&#8217;agit d&#8217;\u00e9quipement marin, et tous les g\u00e9n\u00e9rateurs Paguro sont dot\u00e9s de caract\u00e9ristiques de s\u00e9curit\u00e9 essentielles. Celles-ci incluent des syst\u00e8mes de protection contre la surchauffe et le faible niveau d&#8217;huile, qui comportent un arr\u00eat automatique et des t\u00e9moins lumineux pour alerter les utilisateurs de tout probl\u00e8me potentiel. Le panneau de contr\u00f4le \u00e0 distance comprend un moniteur LED de puissance en temps r\u00e9el, vous permettant de suivre facilement votre consommation \u00e9lectrique d&#8217;un coup d&#8217;\u0153il. Cette fonctionnalit\u00e9 est particuli\u00e8rement utile pour les propri\u00e9taires de bateaux qui doivent g\u00e9rer efficacement leur consommation \u00e9lectrique lorsqu&#8217;ils sont en mer. Pour plus de d\u00e9tails sur le VTE Paguro 6000, veuillez consulter la section des pi\u00e8ces jointes ci-dessous, o\u00f9 vous trouverez des documents et des sp\u00e9cifications suppl\u00e9mentaires qui peuvent vous aider \u00e0 prendre une d\u00e9cision \u00e9clair\u00e9e.<\/p>\n","protected":false},"excerpt":{"rendered":"<p>Groupe \u00e9lectrog\u00e8ne marin Paguro 6000, 5\u00a0kW &#8211; Le g\u00e9n\u00e9rateur marin VTE Paguro 6000 est une pi\u00e8ce d&#8217;ing\u00e9nierie remarquable, propuls\u00e9e par<\/p>\n","protected":false},"featured_media":5943610,"comment_status":"open","ping_status":"closed","template":"","meta":[],"product_brand":[3239],"product_cat":[1154],"product_tag":[],"class_list":{"0":"post-728870","1":"product","2":"type-product","3":"status-publish","4":"has-post-thumbnail","6":"product_brand-paguro-fr","7":"product_cat-generateurs-marins","9":"first","10":"instock","11":"shipping-taxable","12":"purchasable","13":"product-type-simple"},"_links":{"self":[{"href":"https:\/\/stoic-curie.212-227-153-4.plesk.page\/fr\/wp-json\/wp\/v2\/product\/728870","targetHints":{"allow":["GET"]}}],"collection":[{"href":"https:\/\/stoic-curie.212-227-153-4.plesk.page\/fr\/wp-json\/wp\/v2\/product"}],"about":[{"href":"https:\/\/stoic-curie.212-227-153-4.plesk.page\/fr\/wp-json\/wp\/v2\/types\/product"}],"replies":[{"embeddable":true,"href":"https:\/\/stoic-curie.212-227-153-4.plesk.page\/fr\/wp-json\/wp\/v2\/comments?post=728870"}],"version-history":[{"count":0,"href":"https:\/\/stoic-curie.212-227-153-4.plesk.page\/fr\/wp-json\/wp\/v2\/product\/728870\/revisions"}],"wp:featuredmedia":[{"embeddable":true,"href":"https:\/\/stoic-curie.212-227-153-4.plesk.page\/fr\/wp-json\/wp\/v2\/media\/5943610"}],"wp:attachment":[{"href":"https:\/\/stoic-curie.212-227-153-4.plesk.page\/fr\/wp-json\/wp\/v2\/media?parent=728870"}],"wp:term":[{"taxonomy":"product_brand","embeddable":true,"href":"https:\/\/stoic-curie.212-227-153-4.plesk.page\/fr\/wp-json\/wp\/v2\/product_brand?post=728870"},{"taxonomy":"product_cat","embeddable":true,"href":"https:\/\/stoic-curie.212-227-153-4.plesk.page\/fr\/wp-json\/wp\/v2\/product_cat?post=728870"},{"taxonomy":"product_tag","embeddable":true,"href":"https:\/\/stoic-curie.212-227-153-4.plesk.page\/fr\/wp-json\/wp\/v2\/product_tag?post=728870"}],"curies":[{"name":"wp","href":"https:\/\/api.w.org\/{rel}","templated":true}]}}