{"id":728871,"date":"2025-03-03T16:02:46","date_gmt":"2025-03-03T15:02:46","guid":{"rendered":"https:\/\/stoic-curie.212-227-153-4.plesk.page\/producto\/groupe-electrogene-marin-paguro-9000-8-kw\/"},"modified":"2026-02-24T23:08:31","modified_gmt":"2026-02-24T23:08:31","slug":"groupe-electrogene-marin-paguro-9000-8-kw","status":"publish","type":"product","link":"https:\/\/stoic-curie.212-227-153-4.plesk.page\/fr\/product\/groupe-electrogene-marin-paguro-9000-8-kw\/","title":{"rendered":"Groupe \u00e9lectrog\u00e8ne marin Paguro 9000, 8\u00a0kW"},"content":{"rendered":"<p>Groupe \u00e9lectrog\u00e8ne marin Paguro 9000, 8\u00a0kW &#8211; <\/p>\n<p>Le g\u00e9n\u00e9rateur Paguro, aliment\u00e9 par un puissant moteur diesel Yanmar, est \u00e9quip\u00e9 d&#8217;un alternateur refroidi par eau, qui poss\u00e8de \u00e0 la fois une technologie sans balais et synchrone. Ce g\u00e9n\u00e9rateur est particuli\u00e8rement adapt\u00e9 aux applications n\u00e9cessitant un courant de d\u00e9marrage \u00e9lev\u00e9, ce qui en fait un choix fiable pour divers environnements marins. La construction du g\u00e9n\u00e9rateur utilise des composants de qualit\u00e9 marine, garantissant qu&#8217;il peut r\u00e9sister aux exigences de la vie marine tout en \u00e9tant abrit\u00e9 dans une enceinte en fibre de verre insonoris\u00e9e. Ce design garantit non seulement la durabilit\u00e9, mais r\u00e9duit \u00e9galement consid\u00e9rablement les niveaux de bruit, un facteur crucial pour ceux qui appr\u00e9cient une exp\u00e9rience de navigation paisible. De plus, l&#8217;unit\u00e9 est accompagn\u00e9e d&#8217;un panneau de contr\u00f4le \u00e0 distance comprenant un c\u00e2ble de 15 m\u00e8tres, un compteur d&#8217;heures pour suivre l&#8217;utilisation, une fonction d&#8217;arr\u00eat d&#8217;urgence automatique pour la s\u00e9curit\u00e9 et un ensemble de supports anti-vibration pour am\u00e9liorer encore sa stabilit\u00e9 op\u00e9rationnelle.<\/p>\n<p><strong>VTE PAGURO 9000 &#8211; 8,5 kW &#8211; (60 Hz) 3600 RPM G\u00e9n\u00e9rateur Marin<\/strong><\/p>\n<p>Le VTE PAGURO 9000 se distingue comme un g\u00e9n\u00e9rateur marin de 8,5 kW fonctionnant \u00e0 60 Hz, aliment\u00e9 par un moteur Lombardini \u00e0 deux cylindres. Ce g\u00e9n\u00e9rateur trouve un \u00e9quilibre optimal entre une puissance \u00e9lev\u00e9e, une taille compacte et un fonctionnement silencieux, en faisant un excellent choix tant pour les applications maritimes r\u00e9cr\u00e9atives que professionnelles. Chaque g\u00e9n\u00e9rateur Paguro est m\u00e9ticuleusement fabriqu\u00e9 \u00e0 partir de mat\u00e9riaux de haute qualit\u00e9 par des techniciens exp\u00e9riment\u00e9s, garantissant que chaque unit\u00e9 respecte les plus hauts standards de performance et de fiabilit\u00e9. Notamment, tous les composants en contact avec l&#8217;eau brute sont construits en acier inoxydable AISI 316 L, reconnu pour sa durabilit\u00e9 et sa r\u00e9sistance \u00e0 la corrosion, un aspect critique dans les environnements marins. La garantie standard pour le VTE PAGURO 9000 est de deux ans \u00e0 partir de la date d&#8217;achat, offrant ainsi la tranquillit\u00e9 d&#8217;esprit aux utilisateurs. En outre, une version de 50 Hz est \u00e9galement disponible pour ceux qui en ont besoin. Le g\u00e9n\u00e9rateur est \u00e9quip\u00e9 d&#8217;un panneau de contr\u00f4le num\u00e9rique \u00e0 distance, d&#8217;un harnais de 15 m\u00e8tres (49 pieds) et d&#8217;un \u00e9cran acoustique qui am\u00e9liore ses performances en r\u00e9duisant encore les niveaux de bruit.<\/p>\n","protected":false},"excerpt":{"rendered":"<p>Groupe \u00e9lectrog\u00e8ne marin Paguro 9000, 8\u00a0kW &#8211; Le g\u00e9n\u00e9rateur Paguro, aliment\u00e9 par un puissant moteur diesel Yanmar, est \u00e9quip\u00e9 d&#8217;un<\/p>\n","protected":false},"featured_media":5943612,"comment_status":"open","ping_status":"closed","template":"","meta":[],"product_brand":[3239],"product_cat":[1154],"product_tag":[],"class_list":{"0":"post-728871","1":"product","2":"type-product","3":"status-publish","4":"has-post-thumbnail","6":"product_brand-paguro-fr","7":"product_cat-generateurs-marins","9":"first","10":"instock","11":"shipping-taxable","12":"purchasable","13":"product-type-simple"},"_links":{"self":[{"href":"https:\/\/stoic-curie.212-227-153-4.plesk.page\/fr\/wp-json\/wp\/v2\/product\/728871","targetHints":{"allow":["GET"]}}],"collection":[{"href":"https:\/\/stoic-curie.212-227-153-4.plesk.page\/fr\/wp-json\/wp\/v2\/product"}],"about":[{"href":"https:\/\/stoic-curie.212-227-153-4.plesk.page\/fr\/wp-json\/wp\/v2\/types\/product"}],"replies":[{"embeddable":true,"href":"https:\/\/stoic-curie.212-227-153-4.plesk.page\/fr\/wp-json\/wp\/v2\/comments?post=728871"}],"version-history":[{"count":0,"href":"https:\/\/stoic-curie.212-227-153-4.plesk.page\/fr\/wp-json\/wp\/v2\/product\/728871\/revisions"}],"wp:featuredmedia":[{"embeddable":true,"href":"https:\/\/stoic-curie.212-227-153-4.plesk.page\/fr\/wp-json\/wp\/v2\/media\/5943612"}],"wp:attachment":[{"href":"https:\/\/stoic-curie.212-227-153-4.plesk.page\/fr\/wp-json\/wp\/v2\/media?parent=728871"}],"wp:term":[{"taxonomy":"product_brand","embeddable":true,"href":"https:\/\/stoic-curie.212-227-153-4.plesk.page\/fr\/wp-json\/wp\/v2\/product_brand?post=728871"},{"taxonomy":"product_cat","embeddable":true,"href":"https:\/\/stoic-curie.212-227-153-4.plesk.page\/fr\/wp-json\/wp\/v2\/product_cat?post=728871"},{"taxonomy":"product_tag","embeddable":true,"href":"https:\/\/stoic-curie.212-227-153-4.plesk.page\/fr\/wp-json\/wp\/v2\/product_tag?post=728871"}],"curies":[{"name":"wp","href":"https:\/\/api.w.org\/{rel}","templated":true}]}}