{"id":728873,"date":"2025-03-03T16:02:46","date_gmt":"2025-03-03T15:02:46","guid":{"rendered":"https:\/\/stoic-curie.212-227-153-4.plesk.page\/producto\/barrette-de-led-quick-syria-blanc-chaud-3000-k-45-w-406-x-24-x-h-20-mm\/"},"modified":"2026-02-24T23:08:31","modified_gmt":"2026-02-24T23:08:31","slug":"barrette-de-led-quick-syria-blanc-chaud-3000-k-45-w-406-x-24-x-h-20-mm","status":"publish","type":"product","link":"https:\/\/stoic-curie.212-227-153-4.plesk.page\/fr\/product\/barrette-de-led-quick-syria-blanc-chaud-3000-k-45-w-406-x-24-x-h-20-mm\/","title":{"rendered":"Barrette de LED Quick Syria, blanc chaud 3000\u00a0K, 4,5\u00a0W, 406\u00a0x\u00a024\u00a0x\u00a0H\u00a020\u00a0mm"},"content":{"rendered":"<p>Barrette de LED Quick Syria, blanc chaud 3000\u00a0K, 4,5\u00a0W, 406\u00a0x\u00a024\u00a0x\u00a0H\u00a020\u00a0mm &#8211; <\/p>\n<p>Barre LED en aluminium chrom\u00e9 IP40 pour int\u00e9rieurs, r\u00e9glable avec interrupteur, id\u00e9ale pour l&#8217;\u00e9clairage de petits espaces. Montage en surface avec des vis. Tension de 10-15V avec LED prot\u00e9g\u00e9e contre les surtensions et les inversions.<\/p>\n","protected":false},"excerpt":{"rendered":"<p>Barrette de LED Quick Syria, blanc chaud 3000\u00a0K, 4,5\u00a0W, 406\u00a0x\u00a024\u00a0x\u00a0H\u00a020\u00a0mm &#8211; Barre LED en aluminium chrom\u00e9 IP40 pour int\u00e9rieurs, r\u00e9glable<\/p>\n","protected":false},"featured_media":5940844,"comment_status":"open","ping_status":"closed","template":"","meta":[],"product_brand":[3279],"product_cat":[1165],"product_tag":[],"class_list":{"0":"post-728873","1":"product","2":"type-product","3":"status-publish","4":"has-post-thumbnail","6":"product_brand-quick-fr","7":"product_cat-eclairage","9":"first","10":"instock","11":"shipping-taxable","12":"purchasable","13":"product-type-simple"},"_links":{"self":[{"href":"https:\/\/stoic-curie.212-227-153-4.plesk.page\/fr\/wp-json\/wp\/v2\/product\/728873","targetHints":{"allow":["GET"]}}],"collection":[{"href":"https:\/\/stoic-curie.212-227-153-4.plesk.page\/fr\/wp-json\/wp\/v2\/product"}],"about":[{"href":"https:\/\/stoic-curie.212-227-153-4.plesk.page\/fr\/wp-json\/wp\/v2\/types\/product"}],"replies":[{"embeddable":true,"href":"https:\/\/stoic-curie.212-227-153-4.plesk.page\/fr\/wp-json\/wp\/v2\/comments?post=728873"}],"version-history":[{"count":0,"href":"https:\/\/stoic-curie.212-227-153-4.plesk.page\/fr\/wp-json\/wp\/v2\/product\/728873\/revisions"}],"wp:featuredmedia":[{"embeddable":true,"href":"https:\/\/stoic-curie.212-227-153-4.plesk.page\/fr\/wp-json\/wp\/v2\/media\/5940844"}],"wp:attachment":[{"href":"https:\/\/stoic-curie.212-227-153-4.plesk.page\/fr\/wp-json\/wp\/v2\/media?parent=728873"}],"wp:term":[{"taxonomy":"product_brand","embeddable":true,"href":"https:\/\/stoic-curie.212-227-153-4.plesk.page\/fr\/wp-json\/wp\/v2\/product_brand?post=728873"},{"taxonomy":"product_cat","embeddable":true,"href":"https:\/\/stoic-curie.212-227-153-4.plesk.page\/fr\/wp-json\/wp\/v2\/product_cat?post=728873"},{"taxonomy":"product_tag","embeddable":true,"href":"https:\/\/stoic-curie.212-227-153-4.plesk.page\/fr\/wp-json\/wp\/v2\/product_tag?post=728873"}],"curies":[{"name":"wp","href":"https:\/\/api.w.org\/{rel}","templated":true}]}}