{"id":728874,"date":"2025-03-03T16:02:47","date_gmt":"2025-03-03T15:02:47","guid":{"rendered":"https:\/\/stoic-curie.212-227-153-4.plesk.page\/producto\/chauffe-eau-quick-b3-60-l\/"},"modified":"2026-02-24T23:08:31","modified_gmt":"2026-02-24T23:08:31","slug":"chauffe-eau-quick-b3-60-l","status":"publish","type":"product","link":"https:\/\/stoic-curie.212-227-153-4.plesk.page\/fr\/product\/chauffe-eau-quick-b3-60-l\/","title":{"rendered":"Chauffe-eau Quick B3, 60\u00a0l"},"content":{"rendered":"<p>Chauffe-eau Quick B3, 60\u00a0l &#8211; <\/p>\n<p style=\"color: rgb(34, 34, 34); font-family: Arial, Helvetica, sans-serif; font-size: small;\">Les chauffe-eau Nautic Boiler sont sp\u00e9cialement con\u00e7us pour les environnements marins. Ils sont \u00e9quip\u00e9s d&#8217;un \u00e9l\u00e9ment chauffant \u00e9lectrique de 1200W-220V, ce qui les rend id\u00e9aux pour une utilisation au quai ou avec un g\u00e9n\u00e9rateur. Ces chauffe-eau disposent \u00e9galement d&#8217;un \u00e9changeur thermique unique enroul\u00e9 qui r\u00e9cup\u00e8re la chaleur du syst\u00e8me de refroidissement du moteur.<\/p>\n<p style=\"color: rgb(34, 34, 34); font-family: Arial, Helvetica, sans-serif; font-size: small;\">Ces chaudi\u00e8res sont con\u00e7ues pour maintenir la qualit\u00e9 de l&#8217;eau potable et comprennent un anode pour pr\u00e9venir l&#8217;\u00e9lectrolyse. Le bo\u00eetier isolant est fabriqu\u00e9 \u00e0 partir d&#8217;un mat\u00e9riau composite sp\u00e9cial, tandis que le r\u00e9servoir est en acier inoxydable AISI 316 de haute qualit\u00e9. Chaque unit\u00e9 est garantie trois ans et doit \u00eatre utilis\u00e9e avec un kit de pr\u00e9m\u00e9lange d&#8217;eau.<\/p>\n<p style=\"color: rgb(34, 34, 34); font-family: Arial, Helvetica, sans-serif; font-size: small;\">Les chaudi\u00e8res de la s\u00e9rie Quick B3 sont disponibles en diff\u00e9rentes tailles et comportent un r\u00e9servoir en acier inoxydable de haute qualit\u00e9 avec une \u00e9paisseur de paroi de 1,5 mm. Elles sont \u00e9quip\u00e9es d&#8217;une isolation en mousse robuste et d&#8217;un bo\u00eetier en plastique durable. Chaque chaudi\u00e8re comprend une vanne de s\u00e9curit\u00e9\/non-retour et un \u00e9l\u00e9ment chauffant \u00e9lectrique, avec des options de 500 watts ou 1200 watts.<\/p>\n<p style=\"color: rgb(34, 34, 34); font-family: Arial, Helvetica, sans-serif; font-size: small;\">Le mod\u00e8le Quick B3 est un chauffe-eau rond qui utilise un \u00e9l\u00e9ment chauffant \u00e9lectrique en Incoloy, \u00e9quip\u00e9 d&#8217;un thermostat de s\u00e9curit\u00e9 bi-thermostatique r\u00e9glable. Ce mod\u00e8le poss\u00e8de un \u00e9changeur de chaleur en acier inoxydable AISI 316L, offrant une capacit\u00e9 sup\u00e9rieure \u00e0 celle de nombreux concurrents. Le r\u00e9servoir int\u00e9rieur est en acier inoxydable AISI 316 d&#8217;une \u00e9paisseur de 1,5 mm, soud\u00e9 avec du gaz de protection \u00e0 l&#8217;argon pour une meilleure r\u00e9sistance \u00e0 la corrosion. L&#8217;ext\u00e9rieur est construit en mat\u00e9riau composite plastique tr\u00e8s durable.<\/p>\n<p style=\"color: rgb(34, 34, 34); font-family: Arial, Helvetica, sans-serif; font-size: small;\">L&#8217;unit\u00e9 est isol\u00e9e avec de la mousse de polyur\u00e9thane haute densit\u00e9, inject\u00e9e entre le couvercle et le r\u00e9servoir pour garantir une excellente r\u00e9tention de la chaleur. Le mod\u00e8le B3 comprend \u00e9galement des supports m\u00e9talliques r\u00e9glables pour un montage flexible dans les espaces restreints. Chaque unit\u00e9 est livr\u00e9e compl\u00e8te avec le chauffe-eau, les supports de montage et quatre raccords en laiton.<\/p>\n<p style=\"color: rgb(34, 34, 34); font-family: Arial, Helvetica, sans-serif; font-size: small;\">Caract\u00e9ristiques cl\u00e9s :<\/p>\n<ul style=\"color: rgb(34, 34, 34); font-family: Arial, Helvetica, sans-serif; font-size: small;\">\n<li>Produits d&#8217;eau chaude \u00e0 l&#8217;aide de l&#8217;\u00e9l\u00e9ment \u00e9lectrique, qui dispose d&#8217;un thermostat de s\u00e9curit\u00e9 bi-thermostatique r\u00e9glable<\/li>\n<li>Echangeur de chaleur avec une grande surface pour un transfert de chaleur efficace<\/li>\n<li>Fabriqu\u00e9 \u00e0 partir de mat\u00e9riaux de haute qualit\u00e9<\/li>\n<li>Vanne de d\u00e9charge\/non-retour pour un d\u00e9versement s\u00fbr de l&#8217;eau lorsqu&#8217;elle n&#8217;est pas utilis\u00e9e<\/li>\n<\/ul>\n<p style=\"color: rgb(34, 34, 34); font-family: Arial, Helvetica, sans-serif; font-size: small;\">Chauffe-eau Quick B3 60lt :<\/p>\n<ul style=\"color: rgb(34, 34, 34); font-family: Arial, Helvetica, sans-serif; font-size: small;\">\n<li>Diam\u00e8tre : 400 MM<\/li>\n<li>Puissance de l&#8217;\u00e9l\u00e9ment \u00e9lectrique : 1200W (230 Volt)<\/li>\n<li>Longueur : 721 MM<\/li>\n<li>Forme : Ronde<\/li>\n<li>Capacit\u00e9 du r\u00e9servoir : 60 L<\/li>\n<li>Poids : 14,6 KG<\/li>\n<\/ul>\n<p style=\"color: rgb(34, 34, 34); font-family: Arial, Helvetica, sans-serif; font-size: small;\">Mod\u00e8les disponibles :<\/p>\n<ul style=\"color: rgb(34, 34, 34); font-family: Arial, Helvetica, sans-serif; font-size: small;\">\n<li>B3 15<\/li>\n<li>B3 20<\/li>\n<li>B3 25<\/li>\n<li>B3 30<\/li>\n<li>B3 40<\/li>\n<li>B3 60<\/li>\n<li>B3 80<\/li>\n<\/ul>\n<p style=\"color: rgb(34, 34, 34); font-family: Arial, Helvetica, sans-serif; font-size: small;\">Sp\u00e9cifications :<\/p>\n<ul style=\"color: rgb(34, 34, 34); font-family: Arial, Helvetica, sans-serif; font-size: small;\">\n<li>Capacit\u00e9 du r\u00e9servoir : 15L, 20L, 25L, 30L, 40L, 60L, 80L<\/li>\n<li>Mat\u00e9riau du r\u00e9servoir : Acier Inoxydable<\/li>\n<li>Isolement thermique : Mousse de Polyur\u00e9thane<\/li>\n<li>Mat\u00e9riau de l&#8217;enveloppe externe : Composite<\/li>\n<li>Pression du r\u00e9servoir (Test de fonctionnement) : 800 kPa<\/li>\n<li>Pression de fonctionnement maximale : 600 kPa<\/li>\n<li>Tension de l&#8217;\u00e9l\u00e9ment \u00e9lectrique : 220 Vac \u00b1 10% ou 110 Vac \u00b1 10%<\/li>\n<li>Puissance de l&#8217;\u00e9l\u00e9ment \u00e9lectrique : 500 W (Mod\u00e8le 05), 600 W (Mod\u00e8le 06), 1200 W (Mod\u00e8le 12)<\/li>\n<li>Diam\u00e8tre de sortie : 1\/2&#8243;<\/li>\n<li>Poids avec \u00e9changeur de chaleur : 15.4 lb, 17.9 lb, 18.7 lb, 23.1 lb, 25.8 lb, 32.2 lb, 39.2 lb<\/li>\n<\/ul>\n<p style=\"color: rgb(34, 34, 34); font-family: Arial, Helvetica, sans-serif; font-size: small;\">Cette vue d&#8217;ensemble d\u00e9taill\u00e9e met en lumi\u00e8re la qualit\u00e9 et les caract\u00e9ristiques de nos chauffe-eau Nautic Boiler, vous assurant de disposer de toutes les informations n\u00e9cessaires pour prendre une d\u00e9cision \u00e9clair\u00e9e.<\/p>\n","protected":false},"excerpt":{"rendered":"<p>Chauffe-eau Quick B3, 60\u00a0l &#8211; Les chauffe-eau Nautic Boiler sont sp\u00e9cialement con\u00e7us pour les environnements marins. Ils sont \u00e9quip\u00e9s d&#8217;un<\/p>\n","protected":false},"featured_media":5938709,"comment_status":"open","ping_status":"closed","template":"","meta":[],"product_brand":[3279],"product_cat":[1077],"product_tag":[],"class_list":{"0":"post-728874","1":"product","2":"type-product","3":"status-publish","4":"has-post-thumbnail","6":"product_brand-quick-fr","7":"product_cat-chauffe-eau","9":"first","10":"instock","11":"shipping-taxable","12":"purchasable","13":"product-type-simple"},"_links":{"self":[{"href":"https:\/\/stoic-curie.212-227-153-4.plesk.page\/fr\/wp-json\/wp\/v2\/product\/728874","targetHints":{"allow":["GET"]}}],"collection":[{"href":"https:\/\/stoic-curie.212-227-153-4.plesk.page\/fr\/wp-json\/wp\/v2\/product"}],"about":[{"href":"https:\/\/stoic-curie.212-227-153-4.plesk.page\/fr\/wp-json\/wp\/v2\/types\/product"}],"replies":[{"embeddable":true,"href":"https:\/\/stoic-curie.212-227-153-4.plesk.page\/fr\/wp-json\/wp\/v2\/comments?post=728874"}],"version-history":[{"count":0,"href":"https:\/\/stoic-curie.212-227-153-4.plesk.page\/fr\/wp-json\/wp\/v2\/product\/728874\/revisions"}],"wp:featuredmedia":[{"embeddable":true,"href":"https:\/\/stoic-curie.212-227-153-4.plesk.page\/fr\/wp-json\/wp\/v2\/media\/5938709"}],"wp:attachment":[{"href":"https:\/\/stoic-curie.212-227-153-4.plesk.page\/fr\/wp-json\/wp\/v2\/media?parent=728874"}],"wp:term":[{"taxonomy":"product_brand","embeddable":true,"href":"https:\/\/stoic-curie.212-227-153-4.plesk.page\/fr\/wp-json\/wp\/v2\/product_brand?post=728874"},{"taxonomy":"product_cat","embeddable":true,"href":"https:\/\/stoic-curie.212-227-153-4.plesk.page\/fr\/wp-json\/wp\/v2\/product_cat?post=728874"},{"taxonomy":"product_tag","embeddable":true,"href":"https:\/\/stoic-curie.212-227-153-4.plesk.page\/fr\/wp-json\/wp\/v2\/product_tag?post=728874"}],"curies":[{"name":"wp","href":"https:\/\/api.w.org\/{rel}","templated":true}]}}