{"id":728877,"date":"2025-03-03T16:02:47","date_gmt":"2025-03-03T15:02:47","guid":{"rendered":"https:\/\/stoic-curie.212-227-153-4.plesk.page\/producto\/housse-pour-moteur-hors-bord-fendress-bleu-roi-60-x-50-x-50-cm\/"},"modified":"2026-02-24T23:08:31","modified_gmt":"2026-02-24T23:08:31","slug":"housse-pour-moteur-hors-bord-fendress-bleu-roi-60-x-50-x-50-cm","status":"publish","type":"product","link":"https:\/\/stoic-curie.212-227-153-4.plesk.page\/fr\/product\/housse-pour-moteur-hors-bord-fendress-bleu-roi-60-x-50-x-50-cm\/","title":{"rendered":"Housse pour moteur hors-bord Fendress, bleu roi, 60\u00a0x\u00a050\u00a0x\u00a050\u00a0cm"},"content":{"rendered":"<p>Housse pour moteur hors-bord Fendress, bleu roi, 60\u00a0x\u00a050\u00a0x\u00a050\u00a0cm &#8211; <\/p>\n<p>Housses pour moteurs hors-bord de qualit\u00e9 premium, fabriqu\u00e9es dans le m\u00eame tissu que celui utilis\u00e9 pour les housses de pare-chocs Fendress, douces et robustes. Prot\u00e8ge contre l&#8217;usure, les intemp\u00e9ries, les chocs, les rayures, les UV, et peut m\u00eame rester sur le moteur hors-bord pendant la navigation. Les housses Fenboard sont fabriqu\u00e9es en tissu respirant (ne cr\u00e9e pas de condensation) et ne se d\u00e9colorent pas. Lavables en machine et \u00e0 s\u00e9chage rapide. Avec la housse Fendboard, votre moteur hors-bord restera comme neuf plus longtemps.<\/p>\n","protected":false},"excerpt":{"rendered":"<p>Housse pour moteur hors-bord Fendress, bleu roi, 60\u00a0x\u00a050\u00a0x\u00a050\u00a0cm &#8211; Housses pour moteurs hors-bord de qualit\u00e9 premium, fabriqu\u00e9es dans le m\u00eame<\/p>\n","protected":false},"featured_media":5936878,"comment_status":"open","ping_status":"closed","template":"","meta":[],"product_brand":[2934],"product_cat":[1253,1109],"product_tag":[],"class_list":{"0":"post-728877","1":"product","2":"type-product","3":"status-publish","4":"has-post-thumbnail","6":"product_brand-fendress-fr","7":"product_cat-accessoires-hors-bord","8":"product_cat-couvertures-et-housses","10":"first","11":"instock","12":"shipping-taxable","13":"purchasable","14":"product-type-simple"},"_links":{"self":[{"href":"https:\/\/stoic-curie.212-227-153-4.plesk.page\/fr\/wp-json\/wp\/v2\/product\/728877","targetHints":{"allow":["GET"]}}],"collection":[{"href":"https:\/\/stoic-curie.212-227-153-4.plesk.page\/fr\/wp-json\/wp\/v2\/product"}],"about":[{"href":"https:\/\/stoic-curie.212-227-153-4.plesk.page\/fr\/wp-json\/wp\/v2\/types\/product"}],"replies":[{"embeddable":true,"href":"https:\/\/stoic-curie.212-227-153-4.plesk.page\/fr\/wp-json\/wp\/v2\/comments?post=728877"}],"version-history":[{"count":0,"href":"https:\/\/stoic-curie.212-227-153-4.plesk.page\/fr\/wp-json\/wp\/v2\/product\/728877\/revisions"}],"wp:featuredmedia":[{"embeddable":true,"href":"https:\/\/stoic-curie.212-227-153-4.plesk.page\/fr\/wp-json\/wp\/v2\/media\/5936878"}],"wp:attachment":[{"href":"https:\/\/stoic-curie.212-227-153-4.plesk.page\/fr\/wp-json\/wp\/v2\/media?parent=728877"}],"wp:term":[{"taxonomy":"product_brand","embeddable":true,"href":"https:\/\/stoic-curie.212-227-153-4.plesk.page\/fr\/wp-json\/wp\/v2\/product_brand?post=728877"},{"taxonomy":"product_cat","embeddable":true,"href":"https:\/\/stoic-curie.212-227-153-4.plesk.page\/fr\/wp-json\/wp\/v2\/product_cat?post=728877"},{"taxonomy":"product_tag","embeddable":true,"href":"https:\/\/stoic-curie.212-227-153-4.plesk.page\/fr\/wp-json\/wp\/v2\/product_tag?post=728877"}],"curies":[{"name":"wp","href":"https:\/\/api.w.org\/{rel}","templated":true}]}}