{"id":728878,"date":"2025-03-03T16:02:47","date_gmt":"2025-03-03T15:02:47","guid":{"rendered":"https:\/\/stoic-curie.212-227-153-4.plesk.page\/producto\/echelle-de-bain-en-inox-un-seul-montant-telescopique-3-echelons-34-x-h-87-cm\/"},"modified":"2026-02-24T23:08:31","modified_gmt":"2026-02-24T23:08:31","slug":"echelle-de-bain-en-inox-un-seul-montant-telescopique-3-echelons-34-x-h-87-cm","status":"publish","type":"product","link":"https:\/\/stoic-curie.212-227-153-4.plesk.page\/fr\/product\/echelle-de-bain-en-inox-un-seul-montant-telescopique-3-echelons-34-x-h-87-cm\/","title":{"rendered":"\u00c9chelle de bain en inox (un seul montant) t\u00e9lescopique, 3\u00a0\u00e9chelons, 34\u00a0x\u00a0H\u00a087\u00a0cm"},"content":{"rendered":"<p>\u00c9chelle de bain en inox (un seul montant) t\u00e9lescopique, 3\u00a0\u00e9chelons, 34\u00a0x\u00a0H\u00a087\u00a0cm &#8211; <\/p>\n<p>\u00c9chelles en acier inoxydable \u00e9lectropolies, t\u00e9lescopiques et pliables. Acc\u00e8s facile pour les nageurs ou plongeurs avec des palmes et du mat\u00e9riel lourd gr\u00e2ce au support central et aux marches libres des deux c\u00f4t\u00e9s.<\/p>\n","protected":false},"excerpt":{"rendered":"<p>\u00c9chelle de bain en inox (un seul montant) t\u00e9lescopique, 3\u00a0\u00e9chelons, 34\u00a0x\u00a0H\u00a087\u00a0cm &#8211; \u00c9chelles en acier inoxydable \u00e9lectropolies, t\u00e9lescopiques et pliables.<\/p>\n","protected":false},"featured_media":5941046,"comment_status":"open","ping_status":"closed","template":"","meta":[],"product_brand":[3489],"product_cat":[1044],"product_tag":[],"class_list":{"0":"post-728878","1":"product","2":"type-product","3":"status-publish","4":"has-post-thumbnail","6":"product_brand-trem-fr","7":"product_cat-echelles","9":"first","10":"instock","11":"shipping-taxable","12":"purchasable","13":"product-type-simple"},"_links":{"self":[{"href":"https:\/\/stoic-curie.212-227-153-4.plesk.page\/fr\/wp-json\/wp\/v2\/product\/728878","targetHints":{"allow":["GET"]}}],"collection":[{"href":"https:\/\/stoic-curie.212-227-153-4.plesk.page\/fr\/wp-json\/wp\/v2\/product"}],"about":[{"href":"https:\/\/stoic-curie.212-227-153-4.plesk.page\/fr\/wp-json\/wp\/v2\/types\/product"}],"replies":[{"embeddable":true,"href":"https:\/\/stoic-curie.212-227-153-4.plesk.page\/fr\/wp-json\/wp\/v2\/comments?post=728878"}],"version-history":[{"count":0,"href":"https:\/\/stoic-curie.212-227-153-4.plesk.page\/fr\/wp-json\/wp\/v2\/product\/728878\/revisions"}],"wp:featuredmedia":[{"embeddable":true,"href":"https:\/\/stoic-curie.212-227-153-4.plesk.page\/fr\/wp-json\/wp\/v2\/media\/5941046"}],"wp:attachment":[{"href":"https:\/\/stoic-curie.212-227-153-4.plesk.page\/fr\/wp-json\/wp\/v2\/media?parent=728878"}],"wp:term":[{"taxonomy":"product_brand","embeddable":true,"href":"https:\/\/stoic-curie.212-227-153-4.plesk.page\/fr\/wp-json\/wp\/v2\/product_brand?post=728878"},{"taxonomy":"product_cat","embeddable":true,"href":"https:\/\/stoic-curie.212-227-153-4.plesk.page\/fr\/wp-json\/wp\/v2\/product_cat?post=728878"},{"taxonomy":"product_tag","embeddable":true,"href":"https:\/\/stoic-curie.212-227-153-4.plesk.page\/fr\/wp-json\/wp\/v2\/product_tag?post=728878"}],"curies":[{"name":"wp","href":"https:\/\/api.w.org\/{rel}","templated":true}]}}