{"id":728879,"date":"2025-03-03T16:02:47","date_gmt":"2025-03-03T15:02:47","guid":{"rendered":"https:\/\/stoic-curie.212-227-153-4.plesk.page\/producto\/pompe-multi-usage-marco-up1-n-35-24-v\/"},"modified":"2026-02-24T23:08:31","modified_gmt":"2026-02-24T23:08:31","slug":"pompe-multi-usage-marco-up1-n-35-24-v","status":"publish","type":"product","link":"https:\/\/stoic-curie.212-227-153-4.plesk.page\/fr\/product\/pompe-multi-usage-marco-up1-n-35-24-v\/","title":{"rendered":"Pompe multi-usage Marco UP1-N-35, 24\u00a0V"},"content":{"rendered":"<p>Pompe multi-usage Marco UP1-N-35, 24\u00a0V &#8211; <\/p>\n<p>Pompes auto-amor\u00e7antes Marco UP1 avec impulseur en nitrile et t\u00eate en laiton chrom\u00e9. Bo\u00eetier \u00e9tanche et joint de c\u00e2ble imperm\u00e9able. Convient pour le pompage d&#8217;eau douce, d&#8217;eau sal\u00e9e et d&#8217;eau de cale.<\/p>\n","protected":false},"excerpt":{"rendered":"<p>Pompe multi-usage Marco UP1-N-35, 24\u00a0V &#8211; Pompes auto-amor\u00e7antes Marco UP1 avec impulseur en nitrile et t\u00eate en laiton chrom\u00e9. Bo\u00eetier<\/p>\n","protected":false},"featured_media":5941054,"comment_status":"open","ping_status":"closed","template":"","meta":[],"product_brand":[3094],"product_cat":[1085,1097],"product_tag":[],"class_list":{"0":"post-728879","1":"product","2":"type-product","3":"status-publish","4":"has-post-thumbnail","6":"product_brand-marco-fr","7":"product_cat-pompes-de-cale-electriques","8":"product_cat-pompes-de-circulation","10":"first","11":"instock","12":"shipping-taxable","13":"purchasable","14":"product-type-simple"},"_links":{"self":[{"href":"https:\/\/stoic-curie.212-227-153-4.plesk.page\/fr\/wp-json\/wp\/v2\/product\/728879","targetHints":{"allow":["GET"]}}],"collection":[{"href":"https:\/\/stoic-curie.212-227-153-4.plesk.page\/fr\/wp-json\/wp\/v2\/product"}],"about":[{"href":"https:\/\/stoic-curie.212-227-153-4.plesk.page\/fr\/wp-json\/wp\/v2\/types\/product"}],"replies":[{"embeddable":true,"href":"https:\/\/stoic-curie.212-227-153-4.plesk.page\/fr\/wp-json\/wp\/v2\/comments?post=728879"}],"version-history":[{"count":0,"href":"https:\/\/stoic-curie.212-227-153-4.plesk.page\/fr\/wp-json\/wp\/v2\/product\/728879\/revisions"}],"wp:featuredmedia":[{"embeddable":true,"href":"https:\/\/stoic-curie.212-227-153-4.plesk.page\/fr\/wp-json\/wp\/v2\/media\/5941054"}],"wp:attachment":[{"href":"https:\/\/stoic-curie.212-227-153-4.plesk.page\/fr\/wp-json\/wp\/v2\/media?parent=728879"}],"wp:term":[{"taxonomy":"product_brand","embeddable":true,"href":"https:\/\/stoic-curie.212-227-153-4.plesk.page\/fr\/wp-json\/wp\/v2\/product_brand?post=728879"},{"taxonomy":"product_cat","embeddable":true,"href":"https:\/\/stoic-curie.212-227-153-4.plesk.page\/fr\/wp-json\/wp\/v2\/product_cat?post=728879"},{"taxonomy":"product_tag","embeddable":true,"href":"https:\/\/stoic-curie.212-227-153-4.plesk.page\/fr\/wp-json\/wp\/v2\/product_tag?post=728879"}],"curies":[{"name":"wp","href":"https:\/\/api.w.org\/{rel}","templated":true}]}}