{"id":728881,"date":"2025-03-03T16:02:48","date_gmt":"2025-03-03T15:02:48","guid":{"rendered":"https:\/\/stoic-curie.212-227-153-4.plesk.page\/producto\/spot-a-led-orientable-en-laiton-chrome-avec-interrupteur\/"},"modified":"2026-02-24T23:08:31","modified_gmt":"2026-02-24T23:08:31","slug":"spot-a-led-orientable-en-laiton-chrome-avec-interrupteur","status":"publish","type":"product","link":"https:\/\/stoic-curie.212-227-153-4.plesk.page\/fr\/product\/spot-a-led-orientable-en-laiton-chrome-avec-interrupteur\/","title":{"rendered":"Spot \u00e0 LED orientable en laiton chrom\u00e9 avec interrupteur"},"content":{"rendered":"<p>Spot \u00e0 LED orientable en laiton chrom\u00e9 avec interrupteur &#8211; <\/p>\n<p>Lampes de lecture ajustables en laiton poli et chrom\u00e9 avec LED de 3W et interrupteur.<\/p>\n","protected":false},"excerpt":{"rendered":"<p>Spot \u00e0 LED orientable en laiton chrom\u00e9 avec interrupteur &#8211; Lampes de lecture ajustables en laiton poli et chrom\u00e9 avec<\/p>\n","protected":false},"featured_media":5941068,"comment_status":"open","ping_status":"closed","template":"","meta":[],"product_brand":[2168,3219],"product_cat":[1165],"product_tag":[],"class_list":{"0":"post-728881","1":"product","2":"type-product","3":"status-publish","4":"has-post-thumbnail","6":"product_brand-oceanled","7":"product_brand-oceanled-fr","8":"product_cat-eclairage","10":"first","11":"instock","12":"shipping-taxable","13":"purchasable","14":"product-type-simple"},"_links":{"self":[{"href":"https:\/\/stoic-curie.212-227-153-4.plesk.page\/fr\/wp-json\/wp\/v2\/product\/728881","targetHints":{"allow":["GET"]}}],"collection":[{"href":"https:\/\/stoic-curie.212-227-153-4.plesk.page\/fr\/wp-json\/wp\/v2\/product"}],"about":[{"href":"https:\/\/stoic-curie.212-227-153-4.plesk.page\/fr\/wp-json\/wp\/v2\/types\/product"}],"replies":[{"embeddable":true,"href":"https:\/\/stoic-curie.212-227-153-4.plesk.page\/fr\/wp-json\/wp\/v2\/comments?post=728881"}],"version-history":[{"count":0,"href":"https:\/\/stoic-curie.212-227-153-4.plesk.page\/fr\/wp-json\/wp\/v2\/product\/728881\/revisions"}],"wp:featuredmedia":[{"embeddable":true,"href":"https:\/\/stoic-curie.212-227-153-4.plesk.page\/fr\/wp-json\/wp\/v2\/media\/5941068"}],"wp:attachment":[{"href":"https:\/\/stoic-curie.212-227-153-4.plesk.page\/fr\/wp-json\/wp\/v2\/media?parent=728881"}],"wp:term":[{"taxonomy":"product_brand","embeddable":true,"href":"https:\/\/stoic-curie.212-227-153-4.plesk.page\/fr\/wp-json\/wp\/v2\/product_brand?post=728881"},{"taxonomy":"product_cat","embeddable":true,"href":"https:\/\/stoic-curie.212-227-153-4.plesk.page\/fr\/wp-json\/wp\/v2\/product_cat?post=728881"},{"taxonomy":"product_tag","embeddable":true,"href":"https:\/\/stoic-curie.212-227-153-4.plesk.page\/fr\/wp-json\/wp\/v2\/product_tag?post=728881"}],"curies":[{"name":"wp","href":"https:\/\/api.w.org\/{rel}","templated":true}]}}