{"id":728882,"date":"2025-03-03T16:02:48","date_gmt":"2025-03-03T15:02:48","guid":{"rendered":"https:\/\/stoic-curie.212-227-153-4.plesk.page\/producto\/plafonnier-a-led-foresti-sextans-55-x-55-mm-12-24-v-blanc-chaud-3200-k\/"},"modified":"2026-02-24T23:08:31","modified_gmt":"2026-02-24T23:08:31","slug":"plafonnier-a-led-foresti-sextans-55-x-55-mm-12-24-v-blanc-chaud-3200-k","status":"publish","type":"product","link":"https:\/\/stoic-curie.212-227-153-4.plesk.page\/fr\/product\/plafonnier-a-led-foresti-sextans-55-x-55-mm-12-24-v-blanc-chaud-3200-k\/","title":{"rendered":"Plafonnier \u00e0 LED Foresti Sextans, 55\u00a0x\u00a055\u00a0mm, 12\/24\u00a0V, blanc chaud 3200\u00a0K"},"content":{"rendered":"<p>Plafonnier \u00e0 LED Foresti Sextans, 55\u00a0x\u00a055\u00a0mm, 12\/24\u00a0V, blanc chaud 3200\u00a0K &#8211; <\/p>\n<p>Spot encastr\u00e9 LED de puissance pour int\u00e9rieur avec bordure en laiton chrom\u00e9 et vis en acier inoxydable. Alimentation universelle 12\/24V &#8211; 3,5W. Prot\u00e9g\u00e9 IP43.<\/p>\n","protected":false},"excerpt":{"rendered":"<p>Plafonnier \u00e0 LED Foresti Sextans, 55\u00a0x\u00a055\u00a0mm, 12\/24\u00a0V, blanc chaud 3200\u00a0K &#8211; Spot encastr\u00e9 LED de puissance pour int\u00e9rieur avec bordure<\/p>\n","protected":false},"featured_media":5941061,"comment_status":"open","ping_status":"closed","template":"","meta":[],"product_brand":[2944],"product_cat":[1165],"product_tag":[],"class_list":{"0":"post-728882","1":"product","2":"type-product","3":"status-publish","4":"has-post-thumbnail","6":"product_brand-foresti-suardi-fr","7":"product_cat-eclairage","9":"first","10":"instock","11":"shipping-taxable","12":"purchasable","13":"product-type-simple"},"_links":{"self":[{"href":"https:\/\/stoic-curie.212-227-153-4.plesk.page\/fr\/wp-json\/wp\/v2\/product\/728882","targetHints":{"allow":["GET"]}}],"collection":[{"href":"https:\/\/stoic-curie.212-227-153-4.plesk.page\/fr\/wp-json\/wp\/v2\/product"}],"about":[{"href":"https:\/\/stoic-curie.212-227-153-4.plesk.page\/fr\/wp-json\/wp\/v2\/types\/product"}],"replies":[{"embeddable":true,"href":"https:\/\/stoic-curie.212-227-153-4.plesk.page\/fr\/wp-json\/wp\/v2\/comments?post=728882"}],"version-history":[{"count":0,"href":"https:\/\/stoic-curie.212-227-153-4.plesk.page\/fr\/wp-json\/wp\/v2\/product\/728882\/revisions"}],"wp:featuredmedia":[{"embeddable":true,"href":"https:\/\/stoic-curie.212-227-153-4.plesk.page\/fr\/wp-json\/wp\/v2\/media\/5941061"}],"wp:attachment":[{"href":"https:\/\/stoic-curie.212-227-153-4.plesk.page\/fr\/wp-json\/wp\/v2\/media?parent=728882"}],"wp:term":[{"taxonomy":"product_brand","embeddable":true,"href":"https:\/\/stoic-curie.212-227-153-4.plesk.page\/fr\/wp-json\/wp\/v2\/product_brand?post=728882"},{"taxonomy":"product_cat","embeddable":true,"href":"https:\/\/stoic-curie.212-227-153-4.plesk.page\/fr\/wp-json\/wp\/v2\/product_cat?post=728882"},{"taxonomy":"product_tag","embeddable":true,"href":"https:\/\/stoic-curie.212-227-153-4.plesk.page\/fr\/wp-json\/wp\/v2\/product_tag?post=728882"}],"curies":[{"name":"wp","href":"https:\/\/api.w.org\/{rel}","templated":true}]}}