{"id":728888,"date":"2025-03-03T16:02:48","date_gmt":"2025-03-03T15:02:48","guid":{"rendered":"https:\/\/stoic-curie.212-227-153-4.plesk.page\/producto\/primaire-sika-290-dc-250-ml\/"},"modified":"2026-02-24T23:08:31","modified_gmt":"2026-02-24T23:08:31","slug":"primaire-sika-290-dc-250-ml","status":"publish","type":"product","link":"https:\/\/stoic-curie.212-227-153-4.plesk.page\/fr\/product\/primaire-sika-290-dc-250-ml\/","title":{"rendered":"Primaire Sika 290\u00a0DC, 250\u00a0ml"},"content":{"rendered":"<p>Primaire Sika 290\u00a0DC, 250\u00a0ml &#8211; <\/p>\n<p>Sika Primer-290 DC est un liquide transparent \u00e0 faible viscosit\u00e9 qui s\u00e8che par r\u00e9action avec l&#8217;humidit\u00e9 ambiante. Il est utilis\u00e9 avant le jointoiement ou le collage.<\/p>\n","protected":false},"excerpt":{"rendered":"<p>Primaire Sika 290\u00a0DC, 250\u00a0ml &#8211; Sika Primer-290 DC est un liquide transparent \u00e0 faible viscosit\u00e9 qui s\u00e8che par r\u00e9action avec<\/p>\n","protected":false},"featured_media":5943618,"comment_status":"open","ping_status":"closed","template":"","meta":[],"product_brand":[3394],"product_cat":[1063],"product_tag":[],"class_list":{"0":"post-728888","1":"product","2":"type-product","3":"status-publish","4":"has-post-thumbnail","6":"product_brand-sika-marine-fr","7":"product_cat-collage-et-etancheite","9":"first","10":"instock","11":"shipping-taxable","12":"purchasable","13":"product-type-simple"},"_links":{"self":[{"href":"https:\/\/stoic-curie.212-227-153-4.plesk.page\/fr\/wp-json\/wp\/v2\/product\/728888","targetHints":{"allow":["GET"]}}],"collection":[{"href":"https:\/\/stoic-curie.212-227-153-4.plesk.page\/fr\/wp-json\/wp\/v2\/product"}],"about":[{"href":"https:\/\/stoic-curie.212-227-153-4.plesk.page\/fr\/wp-json\/wp\/v2\/types\/product"}],"replies":[{"embeddable":true,"href":"https:\/\/stoic-curie.212-227-153-4.plesk.page\/fr\/wp-json\/wp\/v2\/comments?post=728888"}],"version-history":[{"count":0,"href":"https:\/\/stoic-curie.212-227-153-4.plesk.page\/fr\/wp-json\/wp\/v2\/product\/728888\/revisions"}],"wp:featuredmedia":[{"embeddable":true,"href":"https:\/\/stoic-curie.212-227-153-4.plesk.page\/fr\/wp-json\/wp\/v2\/media\/5943618"}],"wp:attachment":[{"href":"https:\/\/stoic-curie.212-227-153-4.plesk.page\/fr\/wp-json\/wp\/v2\/media?parent=728888"}],"wp:term":[{"taxonomy":"product_brand","embeddable":true,"href":"https:\/\/stoic-curie.212-227-153-4.plesk.page\/fr\/wp-json\/wp\/v2\/product_brand?post=728888"},{"taxonomy":"product_cat","embeddable":true,"href":"https:\/\/stoic-curie.212-227-153-4.plesk.page\/fr\/wp-json\/wp\/v2\/product_cat?post=728888"},{"taxonomy":"product_tag","embeddable":true,"href":"https:\/\/stoic-curie.212-227-153-4.plesk.page\/fr\/wp-json\/wp\/v2\/product_tag?post=728888"}],"curies":[{"name":"wp","href":"https:\/\/api.w.org\/{rel}","templated":true}]}}