{"id":728889,"date":"2025-03-03T16:02:49","date_gmt":"2025-03-03T15:02:49","guid":{"rendered":"https:\/\/stoic-curie.212-227-153-4.plesk.page\/producto\/defense-de-ponton-eva-bumper-b60-60-x-35-x-18-cm\/"},"modified":"2026-02-24T23:08:31","modified_gmt":"2026-02-24T23:08:31","slug":"defense-de-ponton-eva-bumper-b60-60-x-35-x-18-cm","status":"publish","type":"product","link":"https:\/\/stoic-curie.212-227-153-4.plesk.page\/fr\/product\/defense-de-ponton-eva-bumper-b60-60-x-35-x-18-cm\/","title":{"rendered":"D\u00e9fense de ponton EVA Bumper B60, 60\u00a0x\u00a035\u00a0x\u00a018\u00a0cm"},"content":{"rendered":"<p>D\u00e9fense de ponton EVA Bumper B60, 60\u00a0x\u00a035\u00a0x\u00a018\u00a0cm &#8211; <\/p>\n<p>B60\/100 grand pare-chocs compact pour les postes d\u2019amarrage, les pontons et les quais. Fabriqu\u00e9 en mousse douce E.V.A. extra forte qui retrouve sa forme d&#8217;origine m\u00eame lorsqu&#8217;elle est fortement pli\u00e9e. R\u00e9sistant aux intemp\u00e9ries, aux huiles et aux solvants.<\/p>\n","protected":false},"excerpt":{"rendered":"<p>D\u00e9fense de ponton EVA Bumper B60, 60\u00a0x\u00a035\u00a0x\u00a018\u00a0cm &#8211; B60\/100 grand pare-chocs compact pour les postes d\u2019amarrage, les pontons et les<\/p>\n","protected":false},"featured_media":5943619,"comment_status":"open","ping_status":"closed","template":"","meta":[],"product_brand":[3089],"product_cat":[1275],"product_tag":[],"class_list":{"0":"post-728889","1":"product","2":"type-product","3":"status-publish","4":"has-post-thumbnail","6":"product_brand-majoni-fr","7":"product_cat-bumpers-et-pare-battages","9":"first","10":"instock","11":"shipping-taxable","12":"purchasable","13":"product-type-simple"},"_links":{"self":[{"href":"https:\/\/stoic-curie.212-227-153-4.plesk.page\/fr\/wp-json\/wp\/v2\/product\/728889","targetHints":{"allow":["GET"]}}],"collection":[{"href":"https:\/\/stoic-curie.212-227-153-4.plesk.page\/fr\/wp-json\/wp\/v2\/product"}],"about":[{"href":"https:\/\/stoic-curie.212-227-153-4.plesk.page\/fr\/wp-json\/wp\/v2\/types\/product"}],"replies":[{"embeddable":true,"href":"https:\/\/stoic-curie.212-227-153-4.plesk.page\/fr\/wp-json\/wp\/v2\/comments?post=728889"}],"version-history":[{"count":0,"href":"https:\/\/stoic-curie.212-227-153-4.plesk.page\/fr\/wp-json\/wp\/v2\/product\/728889\/revisions"}],"wp:featuredmedia":[{"embeddable":true,"href":"https:\/\/stoic-curie.212-227-153-4.plesk.page\/fr\/wp-json\/wp\/v2\/media\/5943619"}],"wp:attachment":[{"href":"https:\/\/stoic-curie.212-227-153-4.plesk.page\/fr\/wp-json\/wp\/v2\/media?parent=728889"}],"wp:term":[{"taxonomy":"product_brand","embeddable":true,"href":"https:\/\/stoic-curie.212-227-153-4.plesk.page\/fr\/wp-json\/wp\/v2\/product_brand?post=728889"},{"taxonomy":"product_cat","embeddable":true,"href":"https:\/\/stoic-curie.212-227-153-4.plesk.page\/fr\/wp-json\/wp\/v2\/product_cat?post=728889"},{"taxonomy":"product_tag","embeddable":true,"href":"https:\/\/stoic-curie.212-227-153-4.plesk.page\/fr\/wp-json\/wp\/v2\/product_tag?post=728889"}],"curies":[{"name":"wp","href":"https:\/\/api.w.org\/{rel}","templated":true}]}}