{"id":728890,"date":"2025-03-03T16:02:49","date_gmt":"2025-03-03T15:02:49","guid":{"rendered":"https:\/\/stoic-curie.212-227-153-4.plesk.page\/producto\/guindeau-avec-poupee-de-cabestan-quick-prince-dp3-1500-w-d-24-v-pour-chaine-d-10-mm\/"},"modified":"2026-02-24T23:08:31","modified_gmt":"2026-02-24T23:08:31","slug":"guindeau-avec-poupee-de-cabestan-quick-prince-dp3-1500-w-d-24-v-pour-chaine-d-10-mm","status":"publish","type":"product","link":"https:\/\/stoic-curie.212-227-153-4.plesk.page\/fr\/product\/guindeau-avec-poupee-de-cabestan-quick-prince-dp3-1500-w-d-24-v-pour-chaine-d-10-mm\/","title":{"rendered":"Guindeau avec poup\u00e9e de cabestan Quick Prince DP3 1500\u00a0W-D, 24\u00a0V, pour cha\u00eene D\u00a010\u00a0mm"},"content":{"rendered":"<p>Guindeau avec poup\u00e9e de cabestan Quick Prince DP3 1500\u00a0W-D, 24\u00a0V, pour cha\u00eene D\u00a010\u00a0mm &#8211; <\/p>\n<p style=\"color: rgb(34, 34, 34); font-family: Arial, Helvetica, sans-serif; font-size: small;\">Le Prince DP3 1524D Winch Vertical est un treuil d&#8217;ancre sophistiqu\u00e9 \u00e0 chute libre, dot\u00e9 de composants de traction en bronze et en acier inoxydable durables. Ce mod\u00e8le comprend un capteur de compteur de cha\u00eene et un syst\u00e8me de cha\u00eene \u00e0 chute libre manuel, garantissant une utilisation facile. Il est \u00e9quip\u00e9 d&#8217;un syst\u00e8me de levage manuel d&#8217;urgence et d&#8217;un levier de pression pour une s\u00e9curit\u00e9 accrue. Le treuil est fourni avec une bo\u00eete de contr\u00f4le et une poign\u00e9e, et sa construction robuste comprend une base et un bo\u00eetier en acier inoxydable, ainsi qu&#8217;un moteur \u00e9tanche class\u00e9 IP67.<\/p>\n<p style=\"color: rgb(34, 34, 34); font-family: Arial, Helvetica, sans-serif; font-size: small;\">Le treuil dispose d&#8217;une base en acier inoxydable 316 int\u00e9grant un tuyau \u00e0 cha\u00eene int\u00e9gr\u00e9. Il est con\u00e7u avec un gypsy combin\u00e9 corde\/cha\u00eene \u00e9quip\u00e9 d&#8217;un capteur de compteur de cha\u00eene. L&#8217;unit\u00e9 est fournie avec une bo\u00eete de relais et un gypsy, qui peut \u00eatre fournie avec ou sans tambour. Le moteur est \u00e9galement class\u00e9 IP67 pour une protection \u00e9tanche.<\/p>\n<p style=\"color: rgb(34, 34, 34); font-family: Arial, Helvetica, sans-serif; font-size: small;\">Le Prince DP3 1524D est adapt\u00e9 aux bateaux mesurant entre 12 et 15 m\u00e8tres (39 \u00e0 49 pieds) de longueur.<\/p>\n<p style=\"color: rgb(34, 34, 34); font-family: Arial, Helvetica, sans-serif; font-size: small;\">Les sp\u00e9cifications comprennent :<\/p>\n<ul style=\"color: rgb(34, 34, 34); font-family: Arial, Helvetica, sans-serif; font-size: small;\">\n<li>Tambour : Oui<\/li>\n<li>Puissance du moteur : 1500 W<\/li>\n<li>Tension d&#8217;entr\u00e9e : 24 V<\/li>\n<li>Force de traction maximale : 1100 kg<\/li>\n<li>Charge de travail maximale : 540 kg<\/li>\n<li>Charge de travail : 180 kg<\/li>\n<li>Vitesse de la cha\u00eene sous charge de travail : 19 m\/min<\/li>\n<li>Consommation \u00e9lectrique sous charge de travail : 85 A<\/li>\n<li>\u00c9paisseur du pont : 30-50 mm<\/li>\n<li>Poids : 21,4 kg<\/li>\n<li>Taille du gypsy : 10 mm<\/li>\n<\/ul>\n<p style=\"color: rgb(34, 34, 34); font-family: Arial, Helvetica, sans-serif; font-size: small;\">Ce treuil allie fiabilit\u00e9 et performance, ce qui en fait un excellent choix pour les propri\u00e9taires de bateaux \u00e0 la recherche d&#8217;un \u00e9quipement de haute qualit\u00e9.<\/p>\n","protected":false},"excerpt":{"rendered":"<p>Guindeau avec poup\u00e9e de cabestan Quick Prince DP3 1500\u00a0W-D, 24\u00a0V, pour cha\u00eene D\u00a010\u00a0mm &#8211; Le Prince DP3 1524D Winch Vertical<\/p>\n","protected":false},"featured_media":5941169,"comment_status":"open","ping_status":"closed","template":"","meta":[],"product_brand":[3279],"product_cat":[1037],"product_tag":[],"class_list":{"0":"post-728890","1":"product","2":"type-product","3":"status-publish","4":"has-post-thumbnail","6":"product_brand-quick-fr","7":"product_cat-guindeaux-quick","9":"first","10":"instock","11":"shipping-taxable","12":"purchasable","13":"product-type-simple"},"_links":{"self":[{"href":"https:\/\/stoic-curie.212-227-153-4.plesk.page\/fr\/wp-json\/wp\/v2\/product\/728890","targetHints":{"allow":["GET"]}}],"collection":[{"href":"https:\/\/stoic-curie.212-227-153-4.plesk.page\/fr\/wp-json\/wp\/v2\/product"}],"about":[{"href":"https:\/\/stoic-curie.212-227-153-4.plesk.page\/fr\/wp-json\/wp\/v2\/types\/product"}],"replies":[{"embeddable":true,"href":"https:\/\/stoic-curie.212-227-153-4.plesk.page\/fr\/wp-json\/wp\/v2\/comments?post=728890"}],"version-history":[{"count":0,"href":"https:\/\/stoic-curie.212-227-153-4.plesk.page\/fr\/wp-json\/wp\/v2\/product\/728890\/revisions"}],"wp:featuredmedia":[{"embeddable":true,"href":"https:\/\/stoic-curie.212-227-153-4.plesk.page\/fr\/wp-json\/wp\/v2\/media\/5941169"}],"wp:attachment":[{"href":"https:\/\/stoic-curie.212-227-153-4.plesk.page\/fr\/wp-json\/wp\/v2\/media?parent=728890"}],"wp:term":[{"taxonomy":"product_brand","embeddable":true,"href":"https:\/\/stoic-curie.212-227-153-4.plesk.page\/fr\/wp-json\/wp\/v2\/product_brand?post=728890"},{"taxonomy":"product_cat","embeddable":true,"href":"https:\/\/stoic-curie.212-227-153-4.plesk.page\/fr\/wp-json\/wp\/v2\/product_cat?post=728890"},{"taxonomy":"product_tag","embeddable":true,"href":"https:\/\/stoic-curie.212-227-153-4.plesk.page\/fr\/wp-json\/wp\/v2\/product_tag?post=728890"}],"curies":[{"name":"wp","href":"https:\/\/api.w.org\/{rel}","templated":true}]}}