{"id":728891,"date":"2025-03-03T16:02:49","date_gmt":"2025-03-03T15:02:49","guid":{"rendered":"https:\/\/stoic-curie.212-227-153-4.plesk.page\/producto\/afficheur-deporte-rds-1560-q-pour-chargeurs-de-batterie-quick\/"},"modified":"2026-02-24T23:08:31","modified_gmt":"2026-02-24T23:08:31","slug":"afficheur-deporte-rds-1560-q-pour-chargeurs-de-batterie-quick","status":"publish","type":"product","link":"https:\/\/stoic-curie.212-227-153-4.plesk.page\/fr\/product\/afficheur-deporte-rds-1560-q-pour-chargeurs-de-batterie-quick\/","title":{"rendered":"Afficheur d\u00e9port\u00e9 RDS 1560 Q pour chargeurs de batterie Quick"},"content":{"rendered":"<p>Afficheur d\u00e9port\u00e9 RDS 1560 Q pour chargeurs de batterie Quick &#8211; <\/p>\n<p>Affichage RDS 1562 LCD 12\/24V avec interface Can Bus permettant de surveiller \u00e0 distance l&#8217;\u00e9tat des chargeurs de batterie Quick SBC NRG+ de puissance moyenne et \u00e9lev\u00e9e. Affiche en m\u00eame temps les trois tensions de sortie et le courant total fourni, dot\u00e9 d&#8217;une luminosit\u00e9 r\u00e9glable et d&#8217;une interface multilingue. Complet avec un buzzer de signalisation et la possibilit\u00e9 de r\u00e9gler les param\u00e8tres sur le chargeur de batterie (param\u00e8tres CAN exclus).<\/p>\n","protected":false},"excerpt":{"rendered":"<p>Afficheur d\u00e9port\u00e9 RDS 1560 Q pour chargeurs de batterie Quick &#8211; Affichage RDS 1562 LCD 12\/24V avec interface Can Bus<\/p>\n","protected":false},"featured_media":5943621,"comment_status":"open","ping_status":"closed","template":"","meta":[],"product_brand":[3279],"product_cat":[1163],"product_tag":[],"class_list":{"0":"post-728891","1":"product","2":"type-product","3":"status-publish","4":"has-post-thumbnail","6":"product_brand-quick-fr","7":"product_cat-chargeurs-de-batteries","9":"first","10":"instock","11":"shipping-taxable","12":"purchasable","13":"product-type-simple"},"_links":{"self":[{"href":"https:\/\/stoic-curie.212-227-153-4.plesk.page\/fr\/wp-json\/wp\/v2\/product\/728891","targetHints":{"allow":["GET"]}}],"collection":[{"href":"https:\/\/stoic-curie.212-227-153-4.plesk.page\/fr\/wp-json\/wp\/v2\/product"}],"about":[{"href":"https:\/\/stoic-curie.212-227-153-4.plesk.page\/fr\/wp-json\/wp\/v2\/types\/product"}],"replies":[{"embeddable":true,"href":"https:\/\/stoic-curie.212-227-153-4.plesk.page\/fr\/wp-json\/wp\/v2\/comments?post=728891"}],"version-history":[{"count":0,"href":"https:\/\/stoic-curie.212-227-153-4.plesk.page\/fr\/wp-json\/wp\/v2\/product\/728891\/revisions"}],"wp:featuredmedia":[{"embeddable":true,"href":"https:\/\/stoic-curie.212-227-153-4.plesk.page\/fr\/wp-json\/wp\/v2\/media\/5943621"}],"wp:attachment":[{"href":"https:\/\/stoic-curie.212-227-153-4.plesk.page\/fr\/wp-json\/wp\/v2\/media?parent=728891"}],"wp:term":[{"taxonomy":"product_brand","embeddable":true,"href":"https:\/\/stoic-curie.212-227-153-4.plesk.page\/fr\/wp-json\/wp\/v2\/product_brand?post=728891"},{"taxonomy":"product_cat","embeddable":true,"href":"https:\/\/stoic-curie.212-227-153-4.plesk.page\/fr\/wp-json\/wp\/v2\/product_cat?post=728891"},{"taxonomy":"product_tag","embeddable":true,"href":"https:\/\/stoic-curie.212-227-153-4.plesk.page\/fr\/wp-json\/wp\/v2\/product_tag?post=728891"}],"curies":[{"name":"wp","href":"https:\/\/api.w.org\/{rel}","templated":true}]}}