{"id":728893,"date":"2025-03-03T16:02:49","date_gmt":"2025-03-03T15:02:49","guid":{"rendered":"https:\/\/stoic-curie.212-227-153-4.plesk.page\/producto\/helice-en-aluminium-solas-725-x-5\/"},"modified":"2026-02-24T23:08:31","modified_gmt":"2026-02-24T23:08:31","slug":"helice-en-aluminium-solas-725-x-5","status":"publish","type":"product","link":"https:\/\/stoic-curie.212-227-153-4.plesk.page\/fr\/product\/helice-en-aluminium-solas-725-x-5\/","title":{"rendered":"H\u00e9lice en aluminium SOLAS, 7,25\u00a0x\u00a05"},"content":{"rendered":"<p>H\u00e9lice en aluminium SOLAS, 7,25\u00a0x\u00a05 &#8211; <\/p>\n<p>H\u00e9lices en aluminium Solas pour moteurs hors-bord Yamaha. La qualit\u00e9 de construction sup\u00e9rieure permet aux h\u00e9lices Solas de remplacer facilement n&#8217;importe quel type d&#8217;h\u00e9lice d&#8217;origine.<br \/> Plus = H\u00e9lice avec surface de lame augment\u00e9e<br \/> L = H\u00e9lice \u00e0 rotation inverse (dans le sens antihoraire)<br \/> = \u00c0 partir de l&#8217;ann\u00e9e indiqu\u00e9e (inclus)<\/p>\n","protected":false},"excerpt":{"rendered":"<p>H\u00e9lice en aluminium SOLAS, 7,25\u00a0x\u00a05 &#8211; H\u00e9lices en aluminium Solas pour moteurs hors-bord Yamaha. La qualit\u00e9 de construction sup\u00e9rieure permet<\/p>\n","protected":false},"featured_media":5936916,"comment_status":"open","ping_status":"closed","template":"","meta":[],"product_brand":[3409],"product_cat":[1229,1257],"product_tag":[],"class_list":{"0":"post-728893","1":"product","2":"type-product","3":"status-publish","4":"has-post-thumbnail","6":"product_brand-solas-fr","7":"product_cat-helices-pour-hors-bord","8":"product_cat-pieces-detachees-hors-bord-yamaha","10":"first","11":"instock","12":"shipping-taxable","13":"purchasable","14":"product-type-simple"},"_links":{"self":[{"href":"https:\/\/stoic-curie.212-227-153-4.plesk.page\/fr\/wp-json\/wp\/v2\/product\/728893","targetHints":{"allow":["GET"]}}],"collection":[{"href":"https:\/\/stoic-curie.212-227-153-4.plesk.page\/fr\/wp-json\/wp\/v2\/product"}],"about":[{"href":"https:\/\/stoic-curie.212-227-153-4.plesk.page\/fr\/wp-json\/wp\/v2\/types\/product"}],"replies":[{"embeddable":true,"href":"https:\/\/stoic-curie.212-227-153-4.plesk.page\/fr\/wp-json\/wp\/v2\/comments?post=728893"}],"version-history":[{"count":0,"href":"https:\/\/stoic-curie.212-227-153-4.plesk.page\/fr\/wp-json\/wp\/v2\/product\/728893\/revisions"}],"wp:featuredmedia":[{"embeddable":true,"href":"https:\/\/stoic-curie.212-227-153-4.plesk.page\/fr\/wp-json\/wp\/v2\/media\/5936916"}],"wp:attachment":[{"href":"https:\/\/stoic-curie.212-227-153-4.plesk.page\/fr\/wp-json\/wp\/v2\/media?parent=728893"}],"wp:term":[{"taxonomy":"product_brand","embeddable":true,"href":"https:\/\/stoic-curie.212-227-153-4.plesk.page\/fr\/wp-json\/wp\/v2\/product_brand?post=728893"},{"taxonomy":"product_cat","embeddable":true,"href":"https:\/\/stoic-curie.212-227-153-4.plesk.page\/fr\/wp-json\/wp\/v2\/product_cat?post=728893"},{"taxonomy":"product_tag","embeddable":true,"href":"https:\/\/stoic-curie.212-227-153-4.plesk.page\/fr\/wp-json\/wp\/v2\/product_tag?post=728893"}],"curies":[{"name":"wp","href":"https:\/\/api.w.org\/{rel}","templated":true}]}}