{"id":728894,"date":"2025-03-03T16:02:49","date_gmt":"2025-03-03T15:02:49","guid":{"rendered":"https:\/\/stoic-curie.212-227-153-4.plesk.page\/producto\/helice-en-aluminium-solas-85-x-7\/"},"modified":"2026-02-24T23:08:31","modified_gmt":"2026-02-24T23:08:31","slug":"helice-en-aluminium-solas-85-x-7","status":"publish","type":"product","link":"https:\/\/stoic-curie.212-227-153-4.plesk.page\/fr\/product\/helice-en-aluminium-solas-85-x-7\/","title":{"rendered":"H\u00e9lice en aluminium SOLAS, 8,5\u00a0x\u00a07"},"content":{"rendered":"<p>H\u00e9lice en aluminium SOLAS, 8,5\u00a0x\u00a07 &#8211; <\/p>\n<p>H\u00e9lices en aluminium Solas pour moteurs hors-bord Selva. La qualit\u00e9 de construction sup\u00e9rieure permet aux h\u00e9lices Solas de remplacer facilement tout type d&#8217;h\u00e9lice d&#8217;origine. Plus = Augmentation de la surface des p\u00e2les de l&#8217;h\u00e9lice L = H\u00e9lice invers\u00e9e (dans le sens antihoraire) = \u00c0 partir de l&#8217;ann\u00e9e indiqu\u00e9e (inclus)<\/p>\n","protected":false},"excerpt":{"rendered":"<p>H\u00e9lice en aluminium SOLAS, 8,5\u00a0x\u00a07 &#8211; H\u00e9lices en aluminium Solas pour moteurs hors-bord Selva. La qualit\u00e9 de construction sup\u00e9rieure permet<\/p>\n","protected":false},"featured_media":5936916,"comment_status":"open","ping_status":"closed","template":"","meta":[],"product_brand":[3409],"product_cat":[1229,1257],"product_tag":[],"class_list":{"0":"post-728894","1":"product","2":"type-product","3":"status-publish","4":"has-post-thumbnail","6":"product_brand-solas-fr","7":"product_cat-helices-pour-hors-bord","8":"product_cat-pieces-detachees-hors-bord-yamaha","10":"first","11":"instock","12":"shipping-taxable","13":"purchasable","14":"product-type-simple"},"_links":{"self":[{"href":"https:\/\/stoic-curie.212-227-153-4.plesk.page\/fr\/wp-json\/wp\/v2\/product\/728894","targetHints":{"allow":["GET"]}}],"collection":[{"href":"https:\/\/stoic-curie.212-227-153-4.plesk.page\/fr\/wp-json\/wp\/v2\/product"}],"about":[{"href":"https:\/\/stoic-curie.212-227-153-4.plesk.page\/fr\/wp-json\/wp\/v2\/types\/product"}],"replies":[{"embeddable":true,"href":"https:\/\/stoic-curie.212-227-153-4.plesk.page\/fr\/wp-json\/wp\/v2\/comments?post=728894"}],"version-history":[{"count":0,"href":"https:\/\/stoic-curie.212-227-153-4.plesk.page\/fr\/wp-json\/wp\/v2\/product\/728894\/revisions"}],"wp:featuredmedia":[{"embeddable":true,"href":"https:\/\/stoic-curie.212-227-153-4.plesk.page\/fr\/wp-json\/wp\/v2\/media\/5936916"}],"wp:attachment":[{"href":"https:\/\/stoic-curie.212-227-153-4.plesk.page\/fr\/wp-json\/wp\/v2\/media?parent=728894"}],"wp:term":[{"taxonomy":"product_brand","embeddable":true,"href":"https:\/\/stoic-curie.212-227-153-4.plesk.page\/fr\/wp-json\/wp\/v2\/product_brand?post=728894"},{"taxonomy":"product_cat","embeddable":true,"href":"https:\/\/stoic-curie.212-227-153-4.plesk.page\/fr\/wp-json\/wp\/v2\/product_cat?post=728894"},{"taxonomy":"product_tag","embeddable":true,"href":"https:\/\/stoic-curie.212-227-153-4.plesk.page\/fr\/wp-json\/wp\/v2\/product_tag?post=728894"}],"curies":[{"name":"wp","href":"https:\/\/api.w.org\/{rel}","templated":true}]}}