{"id":728926,"date":"2025-03-03T16:02:54","date_gmt":"2025-03-03T15:02:54","guid":{"rendered":"https:\/\/stoic-curie.212-227-153-4.plesk.page\/producto\/compas-de-route-riviera-bz2-standard-blanc\/"},"modified":"2026-02-24T23:08:31","modified_gmt":"2026-02-24T23:08:31","slug":"compas-de-route-riviera-bz2-standard-blanc","status":"publish","type":"product","link":"https:\/\/stoic-curie.212-227-153-4.plesk.page\/fr\/product\/compas-de-route-riviera-bz2-standard-blanc\/","title":{"rendered":"Compas de route Riviera BZ2 standard blanc"},"content":{"rendered":"<p>Compas de route Riviera BZ2 standard blanc &#8211; <\/p>\n<p>Boussole de montage Zenith BZ1 avec \u00e9cran anti-reflet. Version standard et \u00e0 haute vitesse pour bateaux rapides. <br \/>\u2022 R\u00e9glage de compensation int\u00e9gr\u00e9 <br \/>\u2022 Gimbal interne <br \/>\u2022 \u00c9clairage: 12V (24V sur demande) <br \/>\u2022 Diam\u00e8tre de carte apparent de 3&#8243; &#8211; 80 mm <br \/>\u2022 Lecture arri\u00e8re (graduation de carte 5\u00b0) <br \/>\u2022 Pour bateaux standards et \u00e0 haute vitesse <br \/>\u2022 Garantie de 3 ans <br \/>* Certification MED (si n\u00e9cessaire) \u00e0 demander avant l&#8217;achat<\/p>\n","protected":false},"excerpt":{"rendered":"<p>Compas de route Riviera BZ2 standard blanc &#8211; Boussole de montage Zenith BZ1 avec \u00e9cran anti-reflet. Version standard et \u00e0<\/p>\n","protected":false},"featured_media":5939538,"comment_status":"open","ping_status":"closed","template":"","meta":[],"product_brand":[3304],"product_cat":[1206],"product_tag":[],"class_list":{"0":"post-728926","1":"product","2":"type-product","3":"status-publish","4":"has-post-thumbnail","6":"product_brand-riviera-fr","7":"product_cat-boussole-de-navigation","9":"first","10":"instock","11":"shipping-taxable","12":"purchasable","13":"product-type-simple"},"_links":{"self":[{"href":"https:\/\/stoic-curie.212-227-153-4.plesk.page\/fr\/wp-json\/wp\/v2\/product\/728926","targetHints":{"allow":["GET"]}}],"collection":[{"href":"https:\/\/stoic-curie.212-227-153-4.plesk.page\/fr\/wp-json\/wp\/v2\/product"}],"about":[{"href":"https:\/\/stoic-curie.212-227-153-4.plesk.page\/fr\/wp-json\/wp\/v2\/types\/product"}],"replies":[{"embeddable":true,"href":"https:\/\/stoic-curie.212-227-153-4.plesk.page\/fr\/wp-json\/wp\/v2\/comments?post=728926"}],"version-history":[{"count":0,"href":"https:\/\/stoic-curie.212-227-153-4.plesk.page\/fr\/wp-json\/wp\/v2\/product\/728926\/revisions"}],"wp:featuredmedia":[{"embeddable":true,"href":"https:\/\/stoic-curie.212-227-153-4.plesk.page\/fr\/wp-json\/wp\/v2\/media\/5939538"}],"wp:attachment":[{"href":"https:\/\/stoic-curie.212-227-153-4.plesk.page\/fr\/wp-json\/wp\/v2\/media?parent=728926"}],"wp:term":[{"taxonomy":"product_brand","embeddable":true,"href":"https:\/\/stoic-curie.212-227-153-4.plesk.page\/fr\/wp-json\/wp\/v2\/product_brand?post=728926"},{"taxonomy":"product_cat","embeddable":true,"href":"https:\/\/stoic-curie.212-227-153-4.plesk.page\/fr\/wp-json\/wp\/v2\/product_cat?post=728926"},{"taxonomy":"product_tag","embeddable":true,"href":"https:\/\/stoic-curie.212-227-153-4.plesk.page\/fr\/wp-json\/wp\/v2\/product_tag?post=728926"}],"curies":[{"name":"wp","href":"https:\/\/api.w.org\/{rel}","templated":true}]}}