{"id":728927,"date":"2025-03-03T16:02:54","date_gmt":"2025-03-03T15:02:54","guid":{"rendered":"https:\/\/stoic-curie.212-227-153-4.plesk.page\/producto\/convertisseur-waeco-sinepower-dsp1012-1000-w-12-v\/"},"modified":"2026-02-24T23:08:31","modified_gmt":"2026-02-24T23:08:31","slug":"convertisseur-waeco-sinepower-dsp1012-1000-w-12-v","status":"publish","type":"product","link":"https:\/\/stoic-curie.212-227-153-4.plesk.page\/fr\/product\/convertisseur-waeco-sinepower-dsp1012-1000-w-12-v\/","title":{"rendered":"Convertisseur Waeco SinePower DSP1012, 1000\u00a0W, 12\u00a0V"},"content":{"rendered":"<p>Convertisseur Waeco SinePower DSP1012, 1000\u00a0W, 12\u00a0V &#8211; <\/p>\n<p>Onduleur Dometic SinePower professionnel qui convertit le courant continu 12\/24V de la batterie en courant alternatif 220V avec onde sinuso\u00efdale vraie. Parfait pour alimenter tous les appareils \u00e9lectroniques et \u00e9lectriques sensibles. \u00c9quip\u00e9 d&#8217;un mode veille \u00e9conomiseur d&#8217;\u00e9nergie, de circuits intelligents, d&#8217;un design compact et d&#8217;un poids r\u00e9duit.<\/p>\n","protected":false},"excerpt":{"rendered":"<p>Convertisseur Waeco SinePower DSP1012, 1000\u00a0W, 12\u00a0V &#8211; Onduleur Dometic SinePower professionnel qui convertit le courant continu 12\/24V de la batterie<\/p>\n","protected":false},"featured_media":5941271,"comment_status":"open","ping_status":"closed","template":"","meta":[],"product_brand":[2894],"product_cat":[1168],"product_tag":[],"class_list":{"0":"post-728927","1":"product","2":"type-product","3":"status-publish","4":"has-post-thumbnail","6":"product_brand-dometic-fr","7":"product_cat-inverseurs-electriques","9":"first","10":"instock","11":"shipping-taxable","12":"purchasable","13":"product-type-simple"},"_links":{"self":[{"href":"https:\/\/stoic-curie.212-227-153-4.plesk.page\/fr\/wp-json\/wp\/v2\/product\/728927","targetHints":{"allow":["GET"]}}],"collection":[{"href":"https:\/\/stoic-curie.212-227-153-4.plesk.page\/fr\/wp-json\/wp\/v2\/product"}],"about":[{"href":"https:\/\/stoic-curie.212-227-153-4.plesk.page\/fr\/wp-json\/wp\/v2\/types\/product"}],"replies":[{"embeddable":true,"href":"https:\/\/stoic-curie.212-227-153-4.plesk.page\/fr\/wp-json\/wp\/v2\/comments?post=728927"}],"version-history":[{"count":0,"href":"https:\/\/stoic-curie.212-227-153-4.plesk.page\/fr\/wp-json\/wp\/v2\/product\/728927\/revisions"}],"wp:featuredmedia":[{"embeddable":true,"href":"https:\/\/stoic-curie.212-227-153-4.plesk.page\/fr\/wp-json\/wp\/v2\/media\/5941271"}],"wp:attachment":[{"href":"https:\/\/stoic-curie.212-227-153-4.plesk.page\/fr\/wp-json\/wp\/v2\/media?parent=728927"}],"wp:term":[{"taxonomy":"product_brand","embeddable":true,"href":"https:\/\/stoic-curie.212-227-153-4.plesk.page\/fr\/wp-json\/wp\/v2\/product_brand?post=728927"},{"taxonomy":"product_cat","embeddable":true,"href":"https:\/\/stoic-curie.212-227-153-4.plesk.page\/fr\/wp-json\/wp\/v2\/product_cat?post=728927"},{"taxonomy":"product_tag","embeddable":true,"href":"https:\/\/stoic-curie.212-227-153-4.plesk.page\/fr\/wp-json\/wp\/v2\/product_tag?post=728927"}],"curies":[{"name":"wp","href":"https:\/\/api.w.org\/{rel}","templated":true}]}}