{"id":728928,"date":"2025-03-03T16:02:54","date_gmt":"2025-03-03T15:02:54","guid":{"rendered":"https:\/\/stoic-curie.212-227-153-4.plesk.page\/producto\/convertisseur-professionnel-waeco-sinepower-dsp1524-1500-w-24-v\/"},"modified":"2026-02-24T23:08:31","modified_gmt":"2026-02-24T23:08:31","slug":"convertisseur-professionnel-waeco-sinepower-dsp1524-1500-w-24-v","status":"publish","type":"product","link":"https:\/\/stoic-curie.212-227-153-4.plesk.page\/fr\/product\/convertisseur-professionnel-waeco-sinepower-dsp1524-1500-w-24-v\/","title":{"rendered":"Convertisseur professionnel Waeco SinePower DSP1524, 1500\u00a0W, 24\u00a0V"},"content":{"rendered":"<p>Convertisseur professionnel Waeco SinePower DSP1524, 1500\u00a0W, 24\u00a0V &#8211; <\/p>\n<p>Onduleur professionnel Dometic SinePower qui convertit le courant continu 12\/24V de la batterie en courant alternatif 220V avec une vraie onde sinuso\u00efdale. Parfait pour alimenter toute \u00e9lectronique sensible et appareils \u00e9lectriques. Dot\u00e9 d&#8217;une fonction veille \u00e9conerg\u00e9tique et de circuits intelligents. Les mod\u00e8les 1812-24T, 2312-24T et 3512-24T sont \u00e9quip\u00e9s d&#8217;un circuit de priorit\u00e9 principal int\u00e9gr\u00e9.<\/p>\n","protected":false},"excerpt":{"rendered":"<p>Convertisseur professionnel Waeco SinePower DSP1524, 1500\u00a0W, 24\u00a0V &#8211; Onduleur professionnel Dometic SinePower qui convertit le courant continu 12\/24V de la<\/p>\n","protected":false},"featured_media":5941272,"comment_status":"open","ping_status":"closed","template":"","meta":[],"product_brand":[2894],"product_cat":[1168],"product_tag":[],"class_list":{"0":"post-728928","1":"product","2":"type-product","3":"status-publish","4":"has-post-thumbnail","6":"product_brand-dometic-fr","7":"product_cat-inverseurs-electriques","9":"first","10":"instock","11":"shipping-taxable","12":"purchasable","13":"product-type-simple"},"_links":{"self":[{"href":"https:\/\/stoic-curie.212-227-153-4.plesk.page\/fr\/wp-json\/wp\/v2\/product\/728928","targetHints":{"allow":["GET"]}}],"collection":[{"href":"https:\/\/stoic-curie.212-227-153-4.plesk.page\/fr\/wp-json\/wp\/v2\/product"}],"about":[{"href":"https:\/\/stoic-curie.212-227-153-4.plesk.page\/fr\/wp-json\/wp\/v2\/types\/product"}],"replies":[{"embeddable":true,"href":"https:\/\/stoic-curie.212-227-153-4.plesk.page\/fr\/wp-json\/wp\/v2\/comments?post=728928"}],"version-history":[{"count":0,"href":"https:\/\/stoic-curie.212-227-153-4.plesk.page\/fr\/wp-json\/wp\/v2\/product\/728928\/revisions"}],"wp:featuredmedia":[{"embeddable":true,"href":"https:\/\/stoic-curie.212-227-153-4.plesk.page\/fr\/wp-json\/wp\/v2\/media\/5941272"}],"wp:attachment":[{"href":"https:\/\/stoic-curie.212-227-153-4.plesk.page\/fr\/wp-json\/wp\/v2\/media?parent=728928"}],"wp:term":[{"taxonomy":"product_brand","embeddable":true,"href":"https:\/\/stoic-curie.212-227-153-4.plesk.page\/fr\/wp-json\/wp\/v2\/product_brand?post=728928"},{"taxonomy":"product_cat","embeddable":true,"href":"https:\/\/stoic-curie.212-227-153-4.plesk.page\/fr\/wp-json\/wp\/v2\/product_cat?post=728928"},{"taxonomy":"product_tag","embeddable":true,"href":"https:\/\/stoic-curie.212-227-153-4.plesk.page\/fr\/wp-json\/wp\/v2\/product_tag?post=728928"}],"curies":[{"name":"wp","href":"https:\/\/api.w.org\/{rel}","templated":true}]}}