{"id":728930,"date":"2025-03-03T16:02:54","date_gmt":"2025-03-03T15:02:54","guid":{"rendered":"https:\/\/stoic-curie.212-227-153-4.plesk.page\/producto\/convertisseur-professionnel-waeco-sinepower-dsp1824t-1800-w-24-v\/"},"modified":"2026-02-24T23:08:31","modified_gmt":"2026-02-24T23:08:31","slug":"convertisseur-professionnel-waeco-sinepower-dsp1824t-1800-w-24-v","status":"publish","type":"product","link":"https:\/\/stoic-curie.212-227-153-4.plesk.page\/fr\/product\/convertisseur-professionnel-waeco-sinepower-dsp1824t-1800-w-24-v\/","title":{"rendered":"Onduleur Dometic SinePower DSP1824T 24V"},"content":{"rendered":"<p>Onduleur Dometic SinePower DSP1824T 24V &#8211; <\/p>\n<p>Ce convertisseur de courant sinuso\u00efdal de confort est con\u00e7u pour transformer l&#8217;alimentation d&#8217;une batterie de 24 V en courant alternatif pur de 230 V, vous permettant d&#8217;alimenter des appareils \u00e9lectriques jusqu&#8217;\u00e0 1800 W directement \u00e0 partir de la batterie de votre v\u00e9hicule. Parmi les caract\u00e9ristiques notables de ce produit haut de gamme, on trouve un circuit de priorit\u00e9 secteur qui \u00e9conomise la batterie et un mode veille intelligent \u00e9conome en \u00e9nergie. Vous pouvez \u00e9galement connecter le convertisseur \u00e0 un panneau de contr\u00f4le \u00e9l\u00e9gant pour une utilisation simplifi\u00e9e et une affichage clair de ses fonctionnalit\u00e9s.<\/p>\n<p>La sortie de courant alternatif pur sinuso\u00efdal de 230 V est id\u00e9ale pour les appareils \u00e9lectroniques d\u00e9licats.<\/p>\n<p>Le mode veille intelligent innovant permet d&#8217;\u00e9conomiser de l&#8217;\u00e9nergie lorsque le convertisseur n&#8217;est pas actif.<\/p>\n<p>L&#8217;interface utilisateur am\u00e9lior\u00e9e simplifie le fonctionnement et le contr\u00f4le.<\/p>\n<p>Il est compatible avec CI-Bus, facilitant une int\u00e9gration ais\u00e9e dans le syst\u00e8me \u00e9lectrique de votre v\u00e9hicule.<\/p>\n<p>Le circuit de priorit\u00e9 secteur int\u00e9gr\u00e9 garantit la synchronisation de la tension.<\/p>\n<p>Avec une large gamme de tension d&#8217;entr\u00e9e CC, ce convertisseur est parfait pour les v\u00e9hicules conformes aux normes d&#8217;\u00e9mission EURO 6.<\/p>\n<p><strong>Dimensions du produit :<\/strong><\/p>\n<ul>\n<li>Profondeur : 405 mm<\/li>\n<li>Hauteur : 118 mm<\/li>\n<li>Largeur : 284 mm<\/li>\n<\/ul>\n<p><strong>Poids net :<\/strong> 6,10 kg<\/p>\n","protected":false},"excerpt":{"rendered":"<p>Onduleur Dometic SinePower DSP1824T 24V &#8211; Ce convertisseur de courant sinuso\u00efdal de confort est con\u00e7u pour transformer l&#8217;alimentation d&#8217;une batterie<\/p>\n","protected":false},"featured_media":5941272,"comment_status":"open","ping_status":"closed","template":"","meta":[],"product_brand":[2894],"product_cat":[1168],"product_tag":[],"class_list":{"0":"post-728930","1":"product","2":"type-product","3":"status-publish","4":"has-post-thumbnail","6":"product_brand-dometic-fr","7":"product_cat-inverseurs-electriques","9":"first","10":"instock","11":"shipping-taxable","12":"purchasable","13":"product-type-simple"},"_links":{"self":[{"href":"https:\/\/stoic-curie.212-227-153-4.plesk.page\/fr\/wp-json\/wp\/v2\/product\/728930","targetHints":{"allow":["GET"]}}],"collection":[{"href":"https:\/\/stoic-curie.212-227-153-4.plesk.page\/fr\/wp-json\/wp\/v2\/product"}],"about":[{"href":"https:\/\/stoic-curie.212-227-153-4.plesk.page\/fr\/wp-json\/wp\/v2\/types\/product"}],"replies":[{"embeddable":true,"href":"https:\/\/stoic-curie.212-227-153-4.plesk.page\/fr\/wp-json\/wp\/v2\/comments?post=728930"}],"version-history":[{"count":0,"href":"https:\/\/stoic-curie.212-227-153-4.plesk.page\/fr\/wp-json\/wp\/v2\/product\/728930\/revisions"}],"wp:featuredmedia":[{"embeddable":true,"href":"https:\/\/stoic-curie.212-227-153-4.plesk.page\/fr\/wp-json\/wp\/v2\/media\/5941272"}],"wp:attachment":[{"href":"https:\/\/stoic-curie.212-227-153-4.plesk.page\/fr\/wp-json\/wp\/v2\/media?parent=728930"}],"wp:term":[{"taxonomy":"product_brand","embeddable":true,"href":"https:\/\/stoic-curie.212-227-153-4.plesk.page\/fr\/wp-json\/wp\/v2\/product_brand?post=728930"},{"taxonomy":"product_cat","embeddable":true,"href":"https:\/\/stoic-curie.212-227-153-4.plesk.page\/fr\/wp-json\/wp\/v2\/product_cat?post=728930"},{"taxonomy":"product_tag","embeddable":true,"href":"https:\/\/stoic-curie.212-227-153-4.plesk.page\/fr\/wp-json\/wp\/v2\/product_tag?post=728930"}],"curies":[{"name":"wp","href":"https:\/\/api.w.org\/{rel}","templated":true}]}}