{"id":728931,"date":"2025-03-03T16:02:55","date_gmt":"2025-03-03T15:02:55","guid":{"rendered":"https:\/\/stoic-curie.212-227-153-4.plesk.page\/producto\/convertisseur-professionnel-waeco-sinepower-dsp2324t-2300-w-24-v\/"},"modified":"2026-02-24T23:08:31","modified_gmt":"2026-02-24T23:08:31","slug":"convertisseur-professionnel-waeco-sinepower-dsp2324t-2300-w-24-v","status":"publish","type":"product","link":"https:\/\/stoic-curie.212-227-153-4.plesk.page\/fr\/product\/convertisseur-professionnel-waeco-sinepower-dsp2324t-2300-w-24-v\/","title":{"rendered":"Convertisseur professionnel Waeco SinePower DSP2324T, 2300\u00a0W, 24\u00a0V"},"content":{"rendered":"<p>Convertisseur professionnel Waeco SinePower DSP2324T, 2300\u00a0W, 24\u00a0V &#8211; <\/p>\n<p>Nous vous pr\u00e9sentons l&#8217;onduleur Waeco SinePower DSP2324T 2300w 24v Professionnel, un appareil m\u00e9ticuleusement con\u00e7u qui joue un r\u00f4le crucial dans la conversion de 24V de courant continu (CC) de votre batterie en 230V de courant alternatif (CA). Cette conversion est essentielle pour alimenter une vari\u00e9t\u00e9 d&#8217;appareils \u00e9lectriques et d&#8217;\u00e9lectronique sensible, car elle fournit une sortie d&#8217;onde sinuso\u00efdale vraie. L&#8217;importance de cette fonctionnalit\u00e9 ne peut \u00eatre sous-estim\u00e9e, car elle garantit un fonctionnement s\u00fbr et efficace de vos appareils, \u00e9liminant le risque de dommages ou de d\u00e9faillances pouvant survenir avec des sources d&#8217;alimentation inf\u00e9rieures.<\/p>\n<p>Une des caract\u00e9ristiques remarquables de cet onduleur est son mode veille intelligent et \u00e9conome en \u00e9nergie. Cette fonctionnalit\u00e9 innovante r\u00e9duit consid\u00e9rablement la consommation d&#8217;\u00e9nergie lorsque le dispositif n&#8217;est pas utilis\u00e9 activement, ce qui est non seulement b\u00e9n\u00e9fique pour \u00e9conomiser de l&#8217;\u00e9nergie, mais contribue \u00e9galement \u00e0 prolonger la dur\u00e9e de vie globale de l&#8217;onduleur. En minimisant la consommation d&#8217;\u00e9nergie inutile, cet onduleur se pr\u00e9sente comme une option respectueuse de l&#8217;environnement, r\u00e9pondant \u00e0 la demande croissante de solutions durables dans les secteurs de l&#8217;\u00e9quipement nautique et des activit\u00e9s de plein air.<\/p>\n<p>L&#8217;interface conviviale de l&#8217;onduleur Waeco SinePower permet une manipulation et un contr\u00f4le simples, la rendant accessible aux utilisateurs de tous niveaux d&#8217;exp\u00e9rience, des propri\u00e9taires de bateaux chevronn\u00e9s \u00e0 ceux qui d\u00e9couvrent le monde de l&#8217;\u00e9lectronique marine. Cette facilit\u00e9 d&#8217;utilisation est un facteur critique, car elle permet aux utilisateurs de faire fonctionner l&#8217;onduleur en toute confiance, sans n\u00e9cessiter de connaissances techniques approfondies.<\/p>\n<p>La compatibilit\u00e9 est un autre aspect cl\u00e9 de cet onduleur, qui est con\u00e7u pour fonctionner parfaitement avec les syst\u00e8mes CI-Bus. Cette compatibilit\u00e9 garantit que l&#8217;onduleur peut \u00eatre int\u00e9gr\u00e9 au syst\u00e8me \u00e9lectrique existant de votre v\u00e9hicule sans complications, permettant un fonctionnement harmonieux aux c\u00f4t\u00e9s d&#8217;autres composants. Une telle int\u00e9gration am\u00e9liore la fonctionnalit\u00e9 globale de votre configuration, en faisant un ajout pr\u00e9cieux \u00e0 votre exp\u00e9rience nautique. De plus, l&#8217;onduleur comprend un circuit de priorit\u00e9 de r\u00e9seau int\u00e9gr\u00e9 avec synchronisation de tension, qui garantit des performances fiables dans diverses conditions, assurant \u00e0 vos appareils une alimentation constante.<\/p>\n<p>L&#8217;onduleur Waeco SinePower b\u00e9n\u00e9ficie \u00e9galement d&#8217;une large plage de tension d&#8217;entr\u00e9e CC, ce qui le rend particuli\u00e8rement adapt\u00e9 aux v\u00e9hicules conformes aux r\u00e9glementations d&#8217;\u00e9mission EURO 6. Cette fonctionnalit\u00e9 souligne non seulement la polyvalence de l&#8217;onduleur, mais le positionne \u00e9galement comme un choix responsable pour les consommateurs soucieux de l&#8217;environnement, d\u00e9sireux de r\u00e9duire leur empreinte carbone tout en appr\u00e9ciant le confort de la technologie moderne sur l&#8217;eau.<\/p>\n<p>En plus de ses sp\u00e9cifications techniques impressionnantes, l&#8217;onduleur fonctionne silencieusement, gr\u00e2ce \u00e0 un ventilateur qui ajuste intelligemment sa vitesse en fonction de la charge. Cette capacit\u00e9 am\u00e9liore l&#8217;efficacit\u00e9 de l&#8217;onduleur tout en optimisant l&#8217;exp\u00e9rience utilisateur globale. Vous pouvez profiter des avantages de vos appareils \u00e9lectriques sans \u00eatre distrait par un bruit excessif, permettant un environnement plus agr\u00e9able et serein sur votre bateau.<\/p>\n<p>En r\u00e9sum\u00e9, l&#8217;onduleur Dometic SinePower DSP2324T est une excellente option pour les propri\u00e9taires de bateaux \u00e0 la recherche d&#8217;une solution d&#8217;alimentation fiable et efficace pour leurs besoins \u00e9lectroniques. Avec sa combinaison de fonctionnalit\u00e9s avanc\u00e9es, d&#8217;efficacit\u00e9 \u00e9nerg\u00e9tique et de conception conviviale, cet onduleur se d\u00e9marque comme un choix de premier plan sur le march\u00e9. Que vous alimentiez des \u00e9quipements essentiels ou que vous profitiez du confort de chez vous sur l&#8217;eau, l&#8217;onduleur Waeco SinePower est pr\u00eat \u00e0 r\u00e9pondre \u00e0 vos exigences avec excellence et fiabilit\u00e9.<\/p>\n","protected":false},"excerpt":{"rendered":"<p>Convertisseur professionnel Waeco SinePower DSP2324T, 2300\u00a0W, 24\u00a0V &#8211; Nous vous pr\u00e9sentons l&#8217;onduleur Waeco SinePower DSP2324T 2300w 24v Professionnel, un appareil<\/p>\n","protected":false},"featured_media":5941272,"comment_status":"open","ping_status":"closed","template":"","meta":[],"product_brand":[2894],"product_cat":[1168],"product_tag":[],"class_list":{"0":"post-728931","1":"product","2":"type-product","3":"status-publish","4":"has-post-thumbnail","6":"product_brand-dometic-fr","7":"product_cat-inverseurs-electriques","9":"first","10":"instock","11":"shipping-taxable","12":"purchasable","13":"product-type-simple"},"_links":{"self":[{"href":"https:\/\/stoic-curie.212-227-153-4.plesk.page\/fr\/wp-json\/wp\/v2\/product\/728931","targetHints":{"allow":["GET"]}}],"collection":[{"href":"https:\/\/stoic-curie.212-227-153-4.plesk.page\/fr\/wp-json\/wp\/v2\/product"}],"about":[{"href":"https:\/\/stoic-curie.212-227-153-4.plesk.page\/fr\/wp-json\/wp\/v2\/types\/product"}],"replies":[{"embeddable":true,"href":"https:\/\/stoic-curie.212-227-153-4.plesk.page\/fr\/wp-json\/wp\/v2\/comments?post=728931"}],"version-history":[{"count":0,"href":"https:\/\/stoic-curie.212-227-153-4.plesk.page\/fr\/wp-json\/wp\/v2\/product\/728931\/revisions"}],"wp:featuredmedia":[{"embeddable":true,"href":"https:\/\/stoic-curie.212-227-153-4.plesk.page\/fr\/wp-json\/wp\/v2\/media\/5941272"}],"wp:attachment":[{"href":"https:\/\/stoic-curie.212-227-153-4.plesk.page\/fr\/wp-json\/wp\/v2\/media?parent=728931"}],"wp:term":[{"taxonomy":"product_brand","embeddable":true,"href":"https:\/\/stoic-curie.212-227-153-4.plesk.page\/fr\/wp-json\/wp\/v2\/product_brand?post=728931"},{"taxonomy":"product_cat","embeddable":true,"href":"https:\/\/stoic-curie.212-227-153-4.plesk.page\/fr\/wp-json\/wp\/v2\/product_cat?post=728931"},{"taxonomy":"product_tag","embeddable":true,"href":"https:\/\/stoic-curie.212-227-153-4.plesk.page\/fr\/wp-json\/wp\/v2\/product_tag?post=728931"}],"curies":[{"name":"wp","href":"https:\/\/api.w.org\/{rel}","templated":true}]}}