{"id":728936,"date":"2025-03-03T16:02:55","date_gmt":"2025-03-03T15:02:55","guid":{"rendered":"https:\/\/stoic-curie.212-227-153-4.plesk.page\/producto\/antenne-vhf-supergain-target-053-m\/"},"modified":"2026-02-24T23:08:31","modified_gmt":"2026-02-24T23:08:31","slug":"antenne-vhf-supergain-target-053-m","status":"publish","type":"product","link":"https:\/\/stoic-curie.212-227-153-4.plesk.page\/fr\/product\/antenne-vhf-supergain-target-053-m\/","title":{"rendered":"Antenne VHF Supergain Target, 0,53\u00a0m"},"content":{"rendered":"<p>Antenne VHF Supergain Target, 0,53\u00a0m &#8211; <\/p>\n<p>Antenne VHF Supergain Target en acier pour tous types de bateaux. 50W \/ 3db \/ 156\/162 MHz \/ 50 Ohm. Hauteur : 0,53 m. Fournie avec un c\u00e2ble coaxial de 6 m et une base de montage int\u00e9gr\u00e9e.<\/p>\n","protected":false},"excerpt":{"rendered":"<p>Antenne VHF Supergain Target, 0,53\u00a0m &#8211; Antenne VHF Supergain Target en acier pour tous types de bateaux. 50W \/ 3db<\/p>\n","protected":false},"featured_media":5943663,"comment_status":"open","ping_status":"closed","template":"","meta":[],"product_brand":[3444],"product_cat":[1179],"product_tag":[],"class_list":{"0":"post-728936","1":"product","2":"type-product","3":"status-publish","4":"has-post-thumbnail","6":"product_brand-supergain-fr","7":"product_cat-antennes-vhf","9":"first","10":"instock","11":"shipping-taxable","12":"purchasable","13":"product-type-simple"},"_links":{"self":[{"href":"https:\/\/stoic-curie.212-227-153-4.plesk.page\/fr\/wp-json\/wp\/v2\/product\/728936","targetHints":{"allow":["GET"]}}],"collection":[{"href":"https:\/\/stoic-curie.212-227-153-4.plesk.page\/fr\/wp-json\/wp\/v2\/product"}],"about":[{"href":"https:\/\/stoic-curie.212-227-153-4.plesk.page\/fr\/wp-json\/wp\/v2\/types\/product"}],"replies":[{"embeddable":true,"href":"https:\/\/stoic-curie.212-227-153-4.plesk.page\/fr\/wp-json\/wp\/v2\/comments?post=728936"}],"version-history":[{"count":0,"href":"https:\/\/stoic-curie.212-227-153-4.plesk.page\/fr\/wp-json\/wp\/v2\/product\/728936\/revisions"}],"wp:featuredmedia":[{"embeddable":true,"href":"https:\/\/stoic-curie.212-227-153-4.plesk.page\/fr\/wp-json\/wp\/v2\/media\/5943663"}],"wp:attachment":[{"href":"https:\/\/stoic-curie.212-227-153-4.plesk.page\/fr\/wp-json\/wp\/v2\/media?parent=728936"}],"wp:term":[{"taxonomy":"product_brand","embeddable":true,"href":"https:\/\/stoic-curie.212-227-153-4.plesk.page\/fr\/wp-json\/wp\/v2\/product_brand?post=728936"},{"taxonomy":"product_cat","embeddable":true,"href":"https:\/\/stoic-curie.212-227-153-4.plesk.page\/fr\/wp-json\/wp\/v2\/product_cat?post=728936"},{"taxonomy":"product_tag","embeddable":true,"href":"https:\/\/stoic-curie.212-227-153-4.plesk.page\/fr\/wp-json\/wp\/v2\/product_tag?post=728936"}],"curies":[{"name":"wp","href":"https:\/\/api.w.org\/{rel}","templated":true}]}}