{"id":728937,"date":"2025-03-03T16:02:55","date_gmt":"2025-03-03T15:02:55","guid":{"rendered":"https:\/\/stoic-curie.212-227-153-4.plesk.page\/producto\/levier-de-commande-morse-ultraflex-b400\/"},"modified":"2026-02-24T23:08:31","modified_gmt":"2026-02-24T23:08:31","slug":"levier-de-commande-morse-ultraflex-b400","status":"publish","type":"product","link":"https:\/\/stoic-curie.212-227-153-4.plesk.page\/fr\/product\/levier-de-commande-morse-ultraflex-b400\/","title":{"rendered":"Levier de commande Morse Ultraflex B400"},"content":{"rendered":"<p>Levier de commande Morse Ultraflex B400 &#8211; <\/p>\n<p>Commande en acier inoxydable \u00e0 double action, mont\u00e9 sur le c\u00f4t\u00e9, avec levier unique pour le contr\u00f4le de l&#8217;acc\u00e9l\u00e9rateur et du changement de vitesse pour les moteurs inboard. Parfait pour les voiliers gr\u00e2ce \u00e0 la douceur du levier. Utilise des c\u00e2bles de commande C2 \/ C8 \/ C33 \/ MACHZero. Avec l&#8217;interrupteur de s\u00e9curit\u00e9 en option X41 (4620141), le moteur ne peut \u00eatre d\u00e9marr\u00e9 qu&#8217;avec la bo\u00eete de vitesses d\u00e9bray\u00e9e. \u00c9quip\u00e9 d&#8217;un verrouillage positif au point mort pour \u00e9viter l&#8217;engagement accidentel des vitesses.<\/p>\n","protected":false},"excerpt":{"rendered":"<p>Levier de commande Morse Ultraflex B400 &#8211; Commande en acier inoxydable \u00e0 double action, mont\u00e9 sur le c\u00f4t\u00e9, avec levier<\/p>\n","protected":false},"featured_media":5943667,"comment_status":"open","ping_status":"closed","template":"","meta":[],"product_brand":[3499],"product_cat":[1217],"product_tag":[],"class_list":{"0":"post-728937","1":"product","2":"type-product","3":"status-publish","4":"has-post-thumbnail","6":"product_brand-ultraflex-uflex-fr","7":"product_cat-commandes-morse","9":"first","10":"instock","11":"shipping-taxable","12":"purchasable","13":"product-type-simple"},"_links":{"self":[{"href":"https:\/\/stoic-curie.212-227-153-4.plesk.page\/fr\/wp-json\/wp\/v2\/product\/728937","targetHints":{"allow":["GET"]}}],"collection":[{"href":"https:\/\/stoic-curie.212-227-153-4.plesk.page\/fr\/wp-json\/wp\/v2\/product"}],"about":[{"href":"https:\/\/stoic-curie.212-227-153-4.plesk.page\/fr\/wp-json\/wp\/v2\/types\/product"}],"replies":[{"embeddable":true,"href":"https:\/\/stoic-curie.212-227-153-4.plesk.page\/fr\/wp-json\/wp\/v2\/comments?post=728937"}],"version-history":[{"count":0,"href":"https:\/\/stoic-curie.212-227-153-4.plesk.page\/fr\/wp-json\/wp\/v2\/product\/728937\/revisions"}],"wp:featuredmedia":[{"embeddable":true,"href":"https:\/\/stoic-curie.212-227-153-4.plesk.page\/fr\/wp-json\/wp\/v2\/media\/5943667"}],"wp:attachment":[{"href":"https:\/\/stoic-curie.212-227-153-4.plesk.page\/fr\/wp-json\/wp\/v2\/media?parent=728937"}],"wp:term":[{"taxonomy":"product_brand","embeddable":true,"href":"https:\/\/stoic-curie.212-227-153-4.plesk.page\/fr\/wp-json\/wp\/v2\/product_brand?post=728937"},{"taxonomy":"product_cat","embeddable":true,"href":"https:\/\/stoic-curie.212-227-153-4.plesk.page\/fr\/wp-json\/wp\/v2\/product_cat?post=728937"},{"taxonomy":"product_tag","embeddable":true,"href":"https:\/\/stoic-curie.212-227-153-4.plesk.page\/fr\/wp-json\/wp\/v2\/product_tag?post=728937"}],"curies":[{"name":"wp","href":"https:\/\/api.w.org\/{rel}","templated":true}]}}