{"id":728947,"date":"2025-03-03T16:02:57","date_gmt":"2025-03-03T15:02:57","guid":{"rendered":"https:\/\/stoic-curie.212-227-153-4.plesk.page\/producto\/volant-en-inox-avec-garniture-en-polyurethane-blanc-ray-d-350-mm\/"},"modified":"2026-02-24T23:08:31","modified_gmt":"2026-02-24T23:08:31","slug":"volant-en-inox-avec-garniture-en-polyurethane-blanc-ray-d-350-mm","status":"publish","type":"product","link":"https:\/\/stoic-curie.212-227-153-4.plesk.page\/fr\/product\/volant-en-inox-avec-garniture-en-polyurethane-blanc-ray-d-350-mm\/","title":{"rendered":"Volant en inox avec garniture en polyur\u00e9thane blanc Ray, D\u00a0350\u00a0mm"},"content":{"rendered":"<p>Volant en inox avec garniture en polyur\u00e9thane blanc Ray, D\u00a0350\u00a0mm &#8211; <\/p>\n<p>Volants en acier inoxydable \u00e0 3 branches avec prise en polyur\u00e9thane ou en bruy\u00e8re.<br \/>Anneaux de finition en acier inoxydable.<\/p>\n","protected":false},"excerpt":{"rendered":"<p>Volant en inox avec garniture en polyur\u00e9thane blanc Ray, D\u00a0350\u00a0mm &#8211; Volants en acier inoxydable \u00e0 3 branches avec prise<\/p>\n","protected":false},"featured_media":5941456,"comment_status":"open","ping_status":"closed","template":"","meta":[],"product_brand":[3329],"product_cat":[1248],"product_tag":[],"class_list":{"0":"post-728947","1":"product","2":"type-product","3":"status-publish","4":"has-post-thumbnail","6":"product_brand-savoretti-fr","7":"product_cat-volants-et-barre-a-roue","9":"first","10":"instock","11":"shipping-taxable","12":"purchasable","13":"product-type-simple"},"_links":{"self":[{"href":"https:\/\/stoic-curie.212-227-153-4.plesk.page\/fr\/wp-json\/wp\/v2\/product\/728947","targetHints":{"allow":["GET"]}}],"collection":[{"href":"https:\/\/stoic-curie.212-227-153-4.plesk.page\/fr\/wp-json\/wp\/v2\/product"}],"about":[{"href":"https:\/\/stoic-curie.212-227-153-4.plesk.page\/fr\/wp-json\/wp\/v2\/types\/product"}],"replies":[{"embeddable":true,"href":"https:\/\/stoic-curie.212-227-153-4.plesk.page\/fr\/wp-json\/wp\/v2\/comments?post=728947"}],"version-history":[{"count":0,"href":"https:\/\/stoic-curie.212-227-153-4.plesk.page\/fr\/wp-json\/wp\/v2\/product\/728947\/revisions"}],"wp:featuredmedia":[{"embeddable":true,"href":"https:\/\/stoic-curie.212-227-153-4.plesk.page\/fr\/wp-json\/wp\/v2\/media\/5941456"}],"wp:attachment":[{"href":"https:\/\/stoic-curie.212-227-153-4.plesk.page\/fr\/wp-json\/wp\/v2\/media?parent=728947"}],"wp:term":[{"taxonomy":"product_brand","embeddable":true,"href":"https:\/\/stoic-curie.212-227-153-4.plesk.page\/fr\/wp-json\/wp\/v2\/product_brand?post=728947"},{"taxonomy":"product_cat","embeddable":true,"href":"https:\/\/stoic-curie.212-227-153-4.plesk.page\/fr\/wp-json\/wp\/v2\/product_cat?post=728947"},{"taxonomy":"product_tag","embeddable":true,"href":"https:\/\/stoic-curie.212-227-153-4.plesk.page\/fr\/wp-json\/wp\/v2\/product_tag?post=728947"}],"curies":[{"name":"wp","href":"https:\/\/api.w.org\/{rel}","templated":true}]}}