{"id":728970,"date":"2025-03-03T16:03:00","date_gmt":"2025-03-03T15:03:00","guid":{"rendered":"https:\/\/stoic-curie.212-227-153-4.plesk.page\/producto\/raccords-en-t-sanisplit-t-dadmission-refoulement-t-pf-p58-nk\/"},"modified":"2026-02-24T23:08:31","modified_gmt":"2026-02-24T23:08:31","slug":"raccords-en-t-sanisplit-t-dadmission-refoulement-t-pf-p58-nk","status":"publish","type":"product","link":"https:\/\/stoic-curie.212-227-153-4.plesk.page\/fr\/product\/raccords-en-t-sanisplit-t-dadmission-refoulement-t-pf-p58-nk\/","title":{"rendered":"Raccords en T Sanisplit T d\u2019admission\/refoulement T-PF.P58\/NK"},"content":{"rendered":"<p>Raccords en T Sanisplit T d\u2019admission\/refoulement T-PF.P58\/NK &#8211; <\/p>\n<p>Sanisplit NK est une unit\u00e9 de pompage puissante et silencieuse qui \u00e9vacue les eaux grises des bidets, des douches et des lavabos. Elle est dot\u00e9e d&#8217;une valve unidirectionnelle et d&#8217;un interrupteur de pression qui s&#8217;active d\u00e8s que l&#8217;eau entre dans l&#8217;unit\u00e9. La hauteur minimale requise \u00e0 partir du drain est de 200 mm.<\/p>\n","protected":false},"excerpt":{"rendered":"<p>Raccords en T Sanisplit T d\u2019admission\/refoulement T-PF.P58\/NK &#8211; Sanisplit NK est une unit\u00e9 de pompage puissante et silencieuse qui \u00e9vacue<\/p>\n","protected":false},"featured_media":5943687,"comment_status":"open","ping_status":"closed","template":"","meta":[],"product_brand":[3469],"product_cat":[1082],"product_tag":[],"class_list":{"0":"post-728970","1":"product","2":"type-product","3":"status-publish","4":"has-post-thumbnail","6":"product_brand-tecma-fr","7":"product_cat-systemes-deau-grise","9":"first","10":"instock","11":"shipping-taxable","12":"purchasable","13":"product-type-simple"},"_links":{"self":[{"href":"https:\/\/stoic-curie.212-227-153-4.plesk.page\/fr\/wp-json\/wp\/v2\/product\/728970","targetHints":{"allow":["GET"]}}],"collection":[{"href":"https:\/\/stoic-curie.212-227-153-4.plesk.page\/fr\/wp-json\/wp\/v2\/product"}],"about":[{"href":"https:\/\/stoic-curie.212-227-153-4.plesk.page\/fr\/wp-json\/wp\/v2\/types\/product"}],"replies":[{"embeddable":true,"href":"https:\/\/stoic-curie.212-227-153-4.plesk.page\/fr\/wp-json\/wp\/v2\/comments?post=728970"}],"version-history":[{"count":0,"href":"https:\/\/stoic-curie.212-227-153-4.plesk.page\/fr\/wp-json\/wp\/v2\/product\/728970\/revisions"}],"wp:featuredmedia":[{"embeddable":true,"href":"https:\/\/stoic-curie.212-227-153-4.plesk.page\/fr\/wp-json\/wp\/v2\/media\/5943687"}],"wp:attachment":[{"href":"https:\/\/stoic-curie.212-227-153-4.plesk.page\/fr\/wp-json\/wp\/v2\/media?parent=728970"}],"wp:term":[{"taxonomy":"product_brand","embeddable":true,"href":"https:\/\/stoic-curie.212-227-153-4.plesk.page\/fr\/wp-json\/wp\/v2\/product_brand?post=728970"},{"taxonomy":"product_cat","embeddable":true,"href":"https:\/\/stoic-curie.212-227-153-4.plesk.page\/fr\/wp-json\/wp\/v2\/product_cat?post=728970"},{"taxonomy":"product_tag","embeddable":true,"href":"https:\/\/stoic-curie.212-227-153-4.plesk.page\/fr\/wp-json\/wp\/v2\/product_tag?post=728970"}],"curies":[{"name":"wp","href":"https:\/\/api.w.org\/{rel}","templated":true}]}}