{"id":728974,"date":"2025-03-03T16:03:00","date_gmt":"2025-03-03T15:03:00","guid":{"rendered":"https:\/\/stoic-curie.212-227-153-4.plesk.page\/producto\/guindeau-avec-poupee-de-cabestan-quick-dylan-2000w-d-24-v-pour-chaine-d-12-mm\/"},"modified":"2026-02-24T23:08:31","modified_gmt":"2026-02-24T23:08:31","slug":"guindeau-avec-poupee-de-cabestan-quick-dylan-2000w-d-24-v-pour-chaine-d-12-mm","status":"publish","type":"product","link":"https:\/\/stoic-curie.212-227-153-4.plesk.page\/fr\/product\/guindeau-avec-poupee-de-cabestan-quick-dylan-2000w-d-24-v-pour-chaine-d-12-mm\/","title":{"rendered":"Guindeau avec poup\u00e9e de cabestan Quick Dylan 2000W-D, 24\u00a0V, pour cha\u00eene D\u00a012\u00a0mm"},"content":{"rendered":"<p>Guindeau avec poup\u00e9e de cabestan Quick Dylan 2000W-D, 24\u00a0V, pour cha\u00eene D\u00a012\u00a0mm &#8211; <\/p>\n<p style=\"color: rgb(34, 34, 34); font-family: Arial, Helvetica, sans-serif; font-size: small;\">Nous vous pr\u00e9sentons le Quick Rope and Chain Anchor Windlass, qui poss\u00e8de des composants de traction robustes en bronze et en acier inoxydable. Cette ancre est \u00e9quip\u00e9e d&#8217;un capteur de compteur de cha\u00eene et d&#8217;un syst\u00e8me de cha\u00eene de chute libre manuel, garantissant un fonctionnement efficace. Elle comprend \u00e9galement un syst\u00e8me de levage manuel d&#8217;urgence et un levier de pression pour plus de s\u00e9curit\u00e9. L&#8217;unit\u00e9 est livr\u00e9e avec une bo\u00eete de contr\u00f4le et une poign\u00e9e, et sa base et son bo\u00eetier sont fabriqu\u00e9s en acier inoxydable et en aluminium dur anodis\u00e9. Le moteur est class\u00e9 IP67 pour une protection contre l&#8217;eau.<\/p>\n<p style=\"color: rgb(34, 34, 34); font-family: Arial, Helvetica, sans-serif; font-size: small;\">Le Quick Vertical Windlass Dylan DR4 est con\u00e7u pour des bateaux de 10 \u00e0 20 m\u00e8tres de long. Il offre des options de puissance de 1500W \u00e0 2000W \u00e0 12V ou 24V, ainsi qu&#8217;une option de 3000W pour moteurs de 380V ou hydrauliques.<\/p>\n<p style=\"color: rgb(34, 34, 34); font-family: Arial, Helvetica, sans-serif; font-size: small;\"><strong>Quick Nautical Equipment Dylan DR4<\/strong><\/p>\n<p style=\"color: rgb(34, 34, 34); font-family: Arial, Helvetica, sans-serif; font-size: small;\"><strong>Caract\u00e9ristiques de l&#8217;Ancre Verticale :<\/strong><\/p>\n<ul style=\"color: rgb(34, 34, 34); font-family: Arial, Helvetica, sans-serif; font-size: small;\">\n<li>Base en aluminium anodis\u00e9 et acier inoxydable avec un tuyau de cha\u00eene int\u00e9gr\u00e9.<\/li>\n<li>Tambour en acier inoxydable (AISI 316).<\/li>\n<li>Gypsy pour cordage\/cha\u00eene \u00e9quip\u00e9e d&#8217;un capteur de compteur de cha\u00eene.<\/li>\n<li>Bras de pression et couvercle d&#8217;inspection pour un acc\u00e8s facile.<\/li>\n<li>Syst\u00e8me de chute libre manuel pour un d\u00e9ploiement rapide.<\/li>\n<li>Syst\u00e8me de levage manuel d&#8217;urgence pour plus de s\u00e9curit\u00e9.<\/li>\n<li>Fournie avec une bo\u00eete relais et un gypsy (disponible avec ou sans tambour).<\/li>\n<li>Moteur \u00e9tanche IP67 pour des performances fiables en milieu marin.<\/li>\n<\/ul>\n<p style=\"color: rgb(34, 34, 34); font-family: Arial, Helvetica, sans-serif; font-size: small;\"><strong>Dylan DR4 2024D &#8211; Gypsy et Tambour<\/strong><\/p>\n<p style=\"color: rgb(34, 34, 34); font-family: Arial, Helvetica, sans-serif; font-size: small;\">Ce mod\u00e8le convient pour les bateaux mesurant entre 15 et 20 m\u00e8tres (46-66 pieds).<\/p>\n","protected":false},"excerpt":{"rendered":"<p>Guindeau avec poup\u00e9e de cabestan Quick Dylan 2000W-D, 24\u00a0V, pour cha\u00eene D\u00a012\u00a0mm &#8211; Nous vous pr\u00e9sentons le Quick Rope and<\/p>\n","protected":false},"featured_media":5943692,"comment_status":"open","ping_status":"closed","template":"","meta":[],"product_brand":[3279],"product_cat":[1037],"product_tag":[],"class_list":{"0":"post-728974","1":"product","2":"type-product","3":"status-publish","4":"has-post-thumbnail","6":"product_brand-quick-fr","7":"product_cat-guindeaux-quick","9":"first","10":"instock","11":"shipping-taxable","12":"purchasable","13":"product-type-simple"},"_links":{"self":[{"href":"https:\/\/stoic-curie.212-227-153-4.plesk.page\/fr\/wp-json\/wp\/v2\/product\/728974","targetHints":{"allow":["GET"]}}],"collection":[{"href":"https:\/\/stoic-curie.212-227-153-4.plesk.page\/fr\/wp-json\/wp\/v2\/product"}],"about":[{"href":"https:\/\/stoic-curie.212-227-153-4.plesk.page\/fr\/wp-json\/wp\/v2\/types\/product"}],"replies":[{"embeddable":true,"href":"https:\/\/stoic-curie.212-227-153-4.plesk.page\/fr\/wp-json\/wp\/v2\/comments?post=728974"}],"version-history":[{"count":0,"href":"https:\/\/stoic-curie.212-227-153-4.plesk.page\/fr\/wp-json\/wp\/v2\/product\/728974\/revisions"}],"wp:featuredmedia":[{"embeddable":true,"href":"https:\/\/stoic-curie.212-227-153-4.plesk.page\/fr\/wp-json\/wp\/v2\/media\/5943692"}],"wp:attachment":[{"href":"https:\/\/stoic-curie.212-227-153-4.plesk.page\/fr\/wp-json\/wp\/v2\/media?parent=728974"}],"wp:term":[{"taxonomy":"product_brand","embeddable":true,"href":"https:\/\/stoic-curie.212-227-153-4.plesk.page\/fr\/wp-json\/wp\/v2\/product_brand?post=728974"},{"taxonomy":"product_cat","embeddable":true,"href":"https:\/\/stoic-curie.212-227-153-4.plesk.page\/fr\/wp-json\/wp\/v2\/product_cat?post=728974"},{"taxonomy":"product_tag","embeddable":true,"href":"https:\/\/stoic-curie.212-227-153-4.plesk.page\/fr\/wp-json\/wp\/v2\/product_tag?post=728974"}],"curies":[{"name":"wp","href":"https:\/\/api.w.org\/{rel}","templated":true}]}}