{"id":728976,"date":"2025-03-03T16:03:01","date_gmt":"2025-03-03T15:03:01","guid":{"rendered":"https:\/\/stoic-curie.212-227-153-4.plesk.page\/producto\/wc-electrique-compact-tecma-nano-24-v-avec-panneau-de-commande-economique\/"},"modified":"2026-02-24T23:08:31","modified_gmt":"2026-02-24T23:08:31","slug":"wc-electrique-compact-tecma-nano-24-v-avec-panneau-de-commande-economique","status":"publish","type":"product","link":"https:\/\/stoic-curie.212-227-153-4.plesk.page\/fr\/product\/wc-electrique-compact-tecma-nano-24-v-avec-panneau-de-commande-economique\/","title":{"rendered":"Toilette Tecma Nano 24V (Panneau \u00c9cologique)"},"content":{"rendered":"<p>Toilette Tecma Nano 24V (Panneau \u00c9cologique) &#8211; <\/p>\n<p>Nous sommes heureux de vous pr\u00e9senter les toilettes compactes Tecma Nano 24v avec panneau Eco. Ce mod\u00e8le se distingue par sa cuvette en thermodurcissable, alliant confort et design optimis\u00e9 pour un gain d&#8217;espace, tout en offrant des performances exceptionnelles. \u00c9quip\u00e9e d&#8217;une pompe de mac\u00e9ration robuste, cette toilette assure une utilisation efficace de l&#8217;eau et de l&#8217;\u00e9lectricit\u00e9, le tout en fonctionnement \u00e0 faible niveau sonore. L&#8217;installation et le c\u00e2blage sont simples et rapides, ne n\u00e9cessitant aucun entretien continu.<\/p>\n<p>Les toilettes Tecma Nano peuvent \u00eatre contr\u00f4l\u00e9es via deux panneaux distincts :<\/p>\n<ul>\n<li><strong>Panneau Eco<\/strong> : Ce panneau comprend un bouton qui active les fonctions de chargement et de d\u00e9charge.<\/li>\n<li><strong>Panneau SFT tout-en-un<\/strong> : Ce panneau \u00e0 deux boutons incorpore la technologie Smart Flush, qui aide \u00e0 minimiser l&#8217;utilisation d&#8217;eau et le bruit. Il dispose \u00e9galement d&#8217;un indicateur pour surveiller le r\u00e9servoir des eaux noires et d&#8217;une fonction pour \u00e9viter le d\u00e9bordement de l&#8217;eau de charge.<\/li>\n<\/ul>\n<p>Mod\u00e8le le plus compact disponible, le Nano combine confort, fiabilit\u00e9 et performance. Avec une hauteur de seulement 295 mm, il fonctionne aussi silencieusement que d&#8217;autres toilettes \u00e9lectriques Tecma. Fabriqu\u00e9 en c\u00e9ramique blanche italienne, il comprend une cuvette en polyester thermodurcissable et est \u00e9quip\u00e9 d&#8217;un panneau de contr\u00f4le \u00e0 bascule Eco. Il est con\u00e7u pour \u00eatre install\u00e9 avec une pompe d&#8217;entr\u00e9e d&#8217;eau de mer et inclut un sol\u00e9no\u00efde pour contourner le syst\u00e8me de plomberie embarqu\u00e9.<\/p>\n<p>La toilette Nano utilise une technologie de turbine avanc\u00e9e, offrant un puissant chasse d&#8217;eau qui r\u00e9siste aux obstructions. Ce mod\u00e8le repr\u00e9sente le m\u00e9lange parfait entre efficacit\u00e9 et design compact, fournissant le m\u00eame niveau de confort que les toilettes plus grandes. Il est sp\u00e9cifiquement adapt\u00e9 aux exigences des navires mesurant moins de 50 pieds (15 m\u00e8tres). L&#8217;\u00e9quipe de d\u00e9veloppement de produits de Thetford Marine a con\u00e7u une solution \u00e9l\u00e9gante qui offre flexibilit\u00e9 pour l&#8217;installation gr\u00e2ce \u00e0 ses dimensions compactes.<\/p>\n<p>Les principales caract\u00e9ristiques incluent :<\/p>\n<ul>\n<li>Deux clapets anti-retour avec un siphon pour pr\u00e9venir les odeurs d\u00e9sagr\u00e9ables.<\/li>\n<li>Un fonctionnement exceptionnellement silencieux.<\/li>\n<li>Compatible avec les syst\u00e8mes de chasse d&#8217;eau \u00e0 eau brute et sous pression.<\/li>\n<li>Une cuvette propre et s\u00e8che apr\u00e8s chaque chasse d&#8217;eau puissante.<\/li>\n<li>Un interrupteur \u00e0 bascule Eco facile \u00e0 utiliser pour r\u00e9duire la consommation d&#8217;\u00e9nergie et d&#8217;eau, ou un contr\u00f4leur de chasse intelligente avec des fonctionnalit\u00e9s avanc\u00e9es pour la gestion de la chasse d&#8217;eau et du r\u00e9servoir.<\/li>\n<\/ul>\n<p>Les performances de la pompe de mac\u00e9ration respectent toutes les normes de qualit\u00e9, et la technologie int\u00e9gr\u00e9e dans les toilettes a \u00e9t\u00e9 optimis\u00e9e pour r\u00e9duire les \u00e9missions sonores tout en maintenant une utilisation faible en eau et en \u00e9lectricit\u00e9. L&#8217;installation, la plomberie et le c\u00e2blage sont simples et rapides, avec pratiquement aucun entretien n\u00e9cessaire.<\/p>\n<p>Les toilettes marines Tecma Nano se trouvent fr\u00e9quemment sur les bateaux Chaparral, Monterey et Canados.<\/p>\n<p><strong>Sp\u00e9cifications :<\/strong><\/p>\n<ul>\n<li>Poids : 17,6 kg (38,8 lb)<\/li>\n<li>Pompe de sortie : MAC 4 12V<\/li>\n<li>Dispositif d&#8217;entr\u00e9e : Sol\u00e9no\u00efde (pompe d&#8217;entr\u00e9e en option)<\/li>\n<\/ul>\n","protected":false},"excerpt":{"rendered":"<p>Toilette Tecma Nano 24V (Panneau \u00c9cologique) &#8211; Nous sommes heureux de vous pr\u00e9senter les toilettes compactes Tecma Nano 24v avec<\/p>\n","protected":false},"featured_media":5941647,"comment_status":"open","ping_status":"closed","template":"","meta":[],"product_brand":[3469],"product_cat":[1101],"product_tag":[],"class_list":{"0":"post-728976","1":"product","2":"type-product","3":"status-publish","4":"has-post-thumbnail","6":"product_brand-tecma-fr","7":"product_cat-toilettes-marines","9":"first","10":"instock","11":"shipping-taxable","12":"purchasable","13":"product-type-simple"},"_links":{"self":[{"href":"https:\/\/stoic-curie.212-227-153-4.plesk.page\/fr\/wp-json\/wp\/v2\/product\/728976","targetHints":{"allow":["GET"]}}],"collection":[{"href":"https:\/\/stoic-curie.212-227-153-4.plesk.page\/fr\/wp-json\/wp\/v2\/product"}],"about":[{"href":"https:\/\/stoic-curie.212-227-153-4.plesk.page\/fr\/wp-json\/wp\/v2\/types\/product"}],"replies":[{"embeddable":true,"href":"https:\/\/stoic-curie.212-227-153-4.plesk.page\/fr\/wp-json\/wp\/v2\/comments?post=728976"}],"version-history":[{"count":0,"href":"https:\/\/stoic-curie.212-227-153-4.plesk.page\/fr\/wp-json\/wp\/v2\/product\/728976\/revisions"}],"wp:featuredmedia":[{"embeddable":true,"href":"https:\/\/stoic-curie.212-227-153-4.plesk.page\/fr\/wp-json\/wp\/v2\/media\/5941647"}],"wp:attachment":[{"href":"https:\/\/stoic-curie.212-227-153-4.plesk.page\/fr\/wp-json\/wp\/v2\/media?parent=728976"}],"wp:term":[{"taxonomy":"product_brand","embeddable":true,"href":"https:\/\/stoic-curie.212-227-153-4.plesk.page\/fr\/wp-json\/wp\/v2\/product_brand?post=728976"},{"taxonomy":"product_cat","embeddable":true,"href":"https:\/\/stoic-curie.212-227-153-4.plesk.page\/fr\/wp-json\/wp\/v2\/product_cat?post=728976"},{"taxonomy":"product_tag","embeddable":true,"href":"https:\/\/stoic-curie.212-227-153-4.plesk.page\/fr\/wp-json\/wp\/v2\/product_tag?post=728976"}],"curies":[{"name":"wp","href":"https:\/\/api.w.org\/{rel}","templated":true}]}}