{"id":728977,"date":"2025-03-03T16:03:01","date_gmt":"2025-03-03T15:03:01","guid":{"rendered":"https:\/\/stoic-curie.212-227-153-4.plesk.page\/producto\/wc-tecma-nano-compact-12-v-avec-panneau-de-commande-tout-en-un-sft\/"},"modified":"2026-02-24T23:08:31","modified_gmt":"2026-02-24T23:08:31","slug":"wc-tecma-nano-compact-12-v-avec-panneau-de-commande-tout-en-un-sft","status":"publish","type":"product","link":"https:\/\/stoic-curie.212-227-153-4.plesk.page\/fr\/product\/wc-tecma-nano-compact-12-v-avec-panneau-de-commande-tout-en-un-sft\/","title":{"rendered":"Toilette Tecma Nano 12v (panneau tout-en-un SFT)"},"content":{"rendered":"<p>Toilette Tecma Nano 12v (panneau tout-en-un SFT) &#8211; <\/p>\n<p>Nous sommes heureux de vous pr\u00e9senter les toilettes compactes Tecma Nano 12v avec panneau All-in-One SFT. Ces toilettes disposent d&#8217;un si\u00e8ge thermodurci qui allie confort et design compact tout en offrant une performance exceptionnelle. \u00c9quip\u00e9e d&#8217;une pompe de mac\u00e9ration robuste, cette toilette garantit une utilisation minimale d&#8217;eau et d&#8217;\u00e9lectricit\u00e9, ainsi qu&#8217;un niveau sonore faible. Le processus d&#8217;installation et de c\u00e2blage est simple et rapide, sans n\u00e9cessiter d&#8217;entretien continu.<\/p>\n<p>Les toilettes Tecma Nano peuvent \u00eatre contr\u00f4l\u00e9es via deux panneaux diff\u00e9rents :<\/p>\n<ul>\n<li><strong>Panneau Eco<\/strong> : Ce panneau inclut un bouton pour activer les fonctions de charge et de d\u00e9charge.<\/li>\n<li><strong>Panneau All-in-One SFT<\/strong> : Ce panneau \u00e0 deux boutons int\u00e8gre la technologie Smart Flush, qui contribue \u00e0 r\u00e9duire la consommation d&#8217;eau et le bruit. De plus, il dispose d&#8217;un indicateur pour surveiller le r\u00e9servoir de produits noirs et d&#8217;une fonction de protection contre les d\u00e9bordements d&#8217;eau de charge.<\/li>\n<\/ul>\n<p>En tant que mod\u00e8le le plus compact disponible, le Nano allie confort, fiabilit\u00e9 et performance. Il mesure seulement 295 mm de hauteur et fonctionne aussi silencieusement que les autres toilettes \u00e9lectriques Tecma. Con\u00e7ue en c\u00e9ramique blanche italienne, elle comprend un si\u00e8ge en polyester thermodurci et est livr\u00e9e avec un panneau de contr\u00f4le Eco Rocker Switch. Elle est con\u00e7ue pour \u00eatre install\u00e9e avec une pompe d&#8217;entr\u00e9e d&#8217;eau de mer et inclut un sol\u00e9no\u00efde pour contourner le syst\u00e8me de plomberie embarqu\u00e9.<\/p>\n<p>Les toilettes Nano emploient une technologie de turbine de pointe, offrant une chasse puissante qui r\u00e9siste aux obstructions. Ce mod\u00e8le illustre le parfait m\u00e9lange d&#8217;efficacit\u00e9 et de design compact, fournissant le m\u00eame niveau de confort que des toilettes plus grandes. Il est sp\u00e9cifiquement con\u00e7u pour r\u00e9pondre aux exigences des embarcations mesurant moins de 50 pieds (15 m\u00e8tres). L&#8217;\u00e9quipe de d\u00e9veloppement de produits de Thetford Marine a con\u00e7u une solution \u00e9l\u00e9gante offrant une flexibilit\u00e9 d&#8217;installation gr\u00e2ce \u00e0 ses dimensions compactes.<\/p>\n<p>Les caract\u00e9ristiques notables incluent :<\/p>\n<ul>\n<li>Deux clapets antiretour associ\u00e9s \u00e0 un pi\u00e8ge \u00e0 eau pour pr\u00e9venir les odeurs d\u00e9sagr\u00e9ables.<\/li>\n<li>Un fonctionnement exceptionnellement silencieux.<\/li>\n<li>Compatibilit\u00e9 avec les syst\u00e8mes de chasse d&#8217;eau \u00e0 eau brute et sous pression.<\/li>\n<li>Une cuvette propre et s\u00e8che apr\u00e8s chaque chasse puissante.<\/li>\n<li>Un interrupteur Eco facile \u00e0 utiliser pour minimiser l&#8217;utilisation d&#8217;\u00e9nergie et d&#8217;eau, ou un contr\u00f4leur de chasse intelligent avec des fonctionnalit\u00e9s avanc\u00e9es pour la gestion de la chasse et du r\u00e9servoir.<\/li>\n<\/ul>\n<p>La performance de la pompe de mac\u00e9ration respecte toutes les normes de qualit\u00e9, et la technologie au sein des toilettes a \u00e9t\u00e9 optimis\u00e9e pour r\u00e9duire les \u00e9missions sonores tout en maintenant une faible consommation d&#8217;eau et d&#8217;\u00e9lectricit\u00e9. L&#8217;installation, la plomberie et le c\u00e2blage sont simples et rapides, avec pratiquement aucun entretien requis.<\/p>\n<p>Les toilettes marines Tecma Nano sont fr\u00e9quemment pr\u00e9sentes sur les bateaux Chaparral, Monterey et les navires Canados.<\/p>\n<p><strong>Sp\u00e9cifications :<\/strong><\/p>\n<ul>\n<li>Poids : 17,6 kg (38,8 lb)<\/li>\n<li>Pompe de sortie : MAC 4 12V<\/li>\n<li>Dispositif d&#8217;entr\u00e9e : Sol\u00e9no\u00efde (pompe d&#8217;entr\u00e9e en option)<\/li>\n<\/ul>\n","protected":false},"excerpt":{"rendered":"<p>Toilette Tecma Nano 12v (panneau tout-en-un SFT) &#8211; Nous sommes heureux de vous pr\u00e9senter les toilettes compactes Tecma Nano 12v<\/p>\n","protected":false},"featured_media":5941647,"comment_status":"open","ping_status":"closed","template":"","meta":[],"product_brand":[3469],"product_cat":[1101],"product_tag":[],"class_list":{"0":"post-728977","1":"product","2":"type-product","3":"status-publish","4":"has-post-thumbnail","6":"product_brand-tecma-fr","7":"product_cat-toilettes-marines","9":"first","10":"instock","11":"shipping-taxable","12":"purchasable","13":"product-type-simple"},"_links":{"self":[{"href":"https:\/\/stoic-curie.212-227-153-4.plesk.page\/fr\/wp-json\/wp\/v2\/product\/728977","targetHints":{"allow":["GET"]}}],"collection":[{"href":"https:\/\/stoic-curie.212-227-153-4.plesk.page\/fr\/wp-json\/wp\/v2\/product"}],"about":[{"href":"https:\/\/stoic-curie.212-227-153-4.plesk.page\/fr\/wp-json\/wp\/v2\/types\/product"}],"replies":[{"embeddable":true,"href":"https:\/\/stoic-curie.212-227-153-4.plesk.page\/fr\/wp-json\/wp\/v2\/comments?post=728977"}],"version-history":[{"count":0,"href":"https:\/\/stoic-curie.212-227-153-4.plesk.page\/fr\/wp-json\/wp\/v2\/product\/728977\/revisions"}],"wp:featuredmedia":[{"embeddable":true,"href":"https:\/\/stoic-curie.212-227-153-4.plesk.page\/fr\/wp-json\/wp\/v2\/media\/5941647"}],"wp:attachment":[{"href":"https:\/\/stoic-curie.212-227-153-4.plesk.page\/fr\/wp-json\/wp\/v2\/media?parent=728977"}],"wp:term":[{"taxonomy":"product_brand","embeddable":true,"href":"https:\/\/stoic-curie.212-227-153-4.plesk.page\/fr\/wp-json\/wp\/v2\/product_brand?post=728977"},{"taxonomy":"product_cat","embeddable":true,"href":"https:\/\/stoic-curie.212-227-153-4.plesk.page\/fr\/wp-json\/wp\/v2\/product_cat?post=728977"},{"taxonomy":"product_tag","embeddable":true,"href":"https:\/\/stoic-curie.212-227-153-4.plesk.page\/fr\/wp-json\/wp\/v2\/product_tag?post=728977"}],"curies":[{"name":"wp","href":"https:\/\/api.w.org\/{rel}","templated":true}]}}