{"id":728982,"date":"2025-03-03T16:03:02","date_gmt":"2025-03-03T15:03:02","guid":{"rendered":"https:\/\/stoic-curie.212-227-153-4.plesk.page\/producto\/projecteur-marin-au-xenon-portee-800-m-24-v\/"},"modified":"2026-02-24T23:08:31","modified_gmt":"2026-02-24T23:08:31","slug":"projecteur-marin-au-xenon-portee-800-m-24-v","status":"publish","type":"product","link":"https:\/\/stoic-curie.212-227-153-4.plesk.page\/fr\/product\/projecteur-marin-au-xenon-portee-800-m-24-v\/","title":{"rendered":"Projecteur marin au x\u00e9non, port\u00e9e 800\u00a0m, 24\u00a0V"},"content":{"rendered":"<p>Projecteur marin au x\u00e9non, port\u00e9e 800\u00a0m, 24\u00a0V &#8211; <\/p>\n<p>Projecteur ajustable avec panneau de contr\u00f4le c\u00e2bl\u00e9 \u00e9tanche, ayant une rotation de 360\u00b0 x 70\u00b0 vers le haut\/vers le bas. Ampoule scell\u00e9e XENON, 7 fois plus lumineuse qu&#8217;un phare standard. Dimensions : 350 mm de longueur &#8211; 260 mm de largeur &#8211; 320 mm de hauteur. Contr\u00f4le sans fil optionnel avec r\u00e9cepteur et \u00e9metteur plug and play jusqu&#8217;\u00e0 35 m. S&#8217;il est install\u00e9, il remplace le panneau de contr\u00f4le c\u00e2bl\u00e9. Pour maintenir les deux, le panneau \u00e0 double station doit \u00eatre achet\u00e9.<\/p>\n","protected":false},"excerpt":{"rendered":"<p>Projecteur marin au x\u00e9non, port\u00e9e 800\u00a0m, 24\u00a0V &#8211; Projecteur ajustable avec panneau de contr\u00f4le c\u00e2bl\u00e9 \u00e9tanche, ayant une rotation de<\/p>\n","protected":false},"featured_media":5941694,"comment_status":"open","ping_status":"closed","template":"","meta":[],"product_brand":[3139],"product_cat":[1160],"product_tag":[],"class_list":{"0":"post-728982","1":"product","2":"type-product","3":"status-publish","4":"has-post-thumbnail","6":"product_brand-matromarine-fr","7":"product_cat-projecteurs","9":"first","10":"instock","11":"shipping-taxable","12":"purchasable","13":"product-type-simple"},"_links":{"self":[{"href":"https:\/\/stoic-curie.212-227-153-4.plesk.page\/fr\/wp-json\/wp\/v2\/product\/728982","targetHints":{"allow":["GET"]}}],"collection":[{"href":"https:\/\/stoic-curie.212-227-153-4.plesk.page\/fr\/wp-json\/wp\/v2\/product"}],"about":[{"href":"https:\/\/stoic-curie.212-227-153-4.plesk.page\/fr\/wp-json\/wp\/v2\/types\/product"}],"replies":[{"embeddable":true,"href":"https:\/\/stoic-curie.212-227-153-4.plesk.page\/fr\/wp-json\/wp\/v2\/comments?post=728982"}],"version-history":[{"count":0,"href":"https:\/\/stoic-curie.212-227-153-4.plesk.page\/fr\/wp-json\/wp\/v2\/product\/728982\/revisions"}],"wp:featuredmedia":[{"embeddable":true,"href":"https:\/\/stoic-curie.212-227-153-4.plesk.page\/fr\/wp-json\/wp\/v2\/media\/5941694"}],"wp:attachment":[{"href":"https:\/\/stoic-curie.212-227-153-4.plesk.page\/fr\/wp-json\/wp\/v2\/media?parent=728982"}],"wp:term":[{"taxonomy":"product_brand","embeddable":true,"href":"https:\/\/stoic-curie.212-227-153-4.plesk.page\/fr\/wp-json\/wp\/v2\/product_brand?post=728982"},{"taxonomy":"product_cat","embeddable":true,"href":"https:\/\/stoic-curie.212-227-153-4.plesk.page\/fr\/wp-json\/wp\/v2\/product_cat?post=728982"},{"taxonomy":"product_tag","embeddable":true,"href":"https:\/\/stoic-curie.212-227-153-4.plesk.page\/fr\/wp-json\/wp\/v2\/product_tag?post=728982"}],"curies":[{"name":"wp","href":"https:\/\/api.w.org\/{rel}","templated":true}]}}