{"id":728987,"date":"2025-03-03T16:03:03","date_gmt":"2025-03-03T15:03:03","guid":{"rendered":"https:\/\/stoic-curie.212-227-153-4.plesk.page\/producto\/huile-pour-teck-claire-tropical-de-star-brite-1-l\/"},"modified":"2026-02-24T23:08:31","modified_gmt":"2026-02-24T23:08:31","slug":"huile-pour-teck-claire-tropical-de-star-brite-1-l","status":"publish","type":"product","link":"https:\/\/stoic-curie.212-227-153-4.plesk.page\/fr\/product\/huile-pour-teck-claire-tropical-de-star-brite-1-l\/","title":{"rendered":"Star Brite Teak Sealer Tropical Natural 1lt"},"content":{"rendered":"<p>Star Brite Teak Sealer Tropical Natural 1lt &#8211; <\/p>\n<p>\u2022 Huile de teck tropicale de couleur naturelle<br \/>\u2022 Scellant qui dure plus longtemps que n&#8217;importe quelle autre huile de teck ou scellant<br \/>\u2022 Formule sans gouttes ni \u00e9claboussures<br \/>\u2022 Prot\u00e8ge des rayons ultraviolets<br \/>\u2022 Durable, p\u00e9n\u00e8tre profond\u00e9ment pour une protection compl\u00e8te<br \/>\u2022 Une seule couche n\u00e9cessaire<\/p>\n","protected":false},"excerpt":{"rendered":"<p>Star Brite Teak Sealer Tropical Natural 1lt &#8211; \u2022 Huile de teck tropicale de couleur naturelle\u2022 Scellant qui dure plus<\/p>\n","protected":false},"featured_media":5941769,"comment_status":"open","ping_status":"closed","template":"","meta":[],"product_brand":[3434],"product_cat":[1051],"product_tag":[],"class_list":{"0":"post-728987","1":"product","2":"type-product","3":"status-publish","4":"has-post-thumbnail","6":"product_brand-starbrite-fr","7":"product_cat-vernis-marin-et-huile-de-teck","9":"first","10":"instock","11":"shipping-taxable","12":"purchasable","13":"product-type-simple"},"_links":{"self":[{"href":"https:\/\/stoic-curie.212-227-153-4.plesk.page\/fr\/wp-json\/wp\/v2\/product\/728987","targetHints":{"allow":["GET"]}}],"collection":[{"href":"https:\/\/stoic-curie.212-227-153-4.plesk.page\/fr\/wp-json\/wp\/v2\/product"}],"about":[{"href":"https:\/\/stoic-curie.212-227-153-4.plesk.page\/fr\/wp-json\/wp\/v2\/types\/product"}],"replies":[{"embeddable":true,"href":"https:\/\/stoic-curie.212-227-153-4.plesk.page\/fr\/wp-json\/wp\/v2\/comments?post=728987"}],"version-history":[{"count":0,"href":"https:\/\/stoic-curie.212-227-153-4.plesk.page\/fr\/wp-json\/wp\/v2\/product\/728987\/revisions"}],"wp:featuredmedia":[{"embeddable":true,"href":"https:\/\/stoic-curie.212-227-153-4.plesk.page\/fr\/wp-json\/wp\/v2\/media\/5941769"}],"wp:attachment":[{"href":"https:\/\/stoic-curie.212-227-153-4.plesk.page\/fr\/wp-json\/wp\/v2\/media?parent=728987"}],"wp:term":[{"taxonomy":"product_brand","embeddable":true,"href":"https:\/\/stoic-curie.212-227-153-4.plesk.page\/fr\/wp-json\/wp\/v2\/product_brand?post=728987"},{"taxonomy":"product_cat","embeddable":true,"href":"https:\/\/stoic-curie.212-227-153-4.plesk.page\/fr\/wp-json\/wp\/v2\/product_cat?post=728987"},{"taxonomy":"product_tag","embeddable":true,"href":"https:\/\/stoic-curie.212-227-153-4.plesk.page\/fr\/wp-json\/wp\/v2\/product_tag?post=728987"}],"curies":[{"name":"wp","href":"https:\/\/api.w.org\/{rel}","templated":true}]}}