{"id":728991,"date":"2025-03-03T16:03:03","date_gmt":"2025-03-03T15:03:03","guid":{"rendered":"https:\/\/stoic-curie.212-227-153-4.plesk.page\/producto\/ventilateur-electrique-en-ligne-puissant-24-v-1000-m3-h\/"},"modified":"2026-02-24T23:08:31","modified_gmt":"2026-02-24T23:08:31","slug":"ventilateur-electrique-en-ligne-puissant-24-v-1000-m3-h","status":"publish","type":"product","link":"https:\/\/stoic-curie.212-227-153-4.plesk.page\/fr\/product\/ventilateur-electrique-en-ligne-puissant-24-v-1000-m3-h\/","title":{"rendered":"Ventilateur \u00e9lectrique en ligne puissant, 24\u00a0V, 1000\u00a0m3\/h"},"content":{"rendered":"<p>Ventilateur \u00e9lectrique en ligne puissant, 24\u00a0V, 1000\u00a0m3\/h &#8211; <\/p>\n<p>Souffleurs \u00e9lectriques en ligne \u00e0 grande capacit\u00e9 avec ventilateur silencieux \u00e0 haute efficacit\u00e9 con\u00e7u avec une technologie a\u00e9rospatiale selon ISO8846 EN55014.<\/p>\n","protected":false},"excerpt":{"rendered":"<p>Ventilateur \u00e9lectrique en ligne puissant, 24\u00a0V, 1000\u00a0m3\/h &#8211; Souffleurs \u00e9lectriques en ligne \u00e0 grande capacit\u00e9 avec ventilateur silencieux \u00e0 haute<\/p>\n","protected":false},"featured_media":5941830,"comment_status":"open","ping_status":"closed","template":"","meta":[],"product_brand":[3139],"product_cat":[1158,1252],"product_tag":[],"class_list":{"0":"post-728991","1":"product","2":"type-product","3":"status-publish","4":"has-post-thumbnail","6":"product_brand-matromarine-fr","7":"product_cat-soufflantes-de-cale","8":"product_cat-systemes-daeration-du-moteur","10":"first","11":"instock","12":"shipping-taxable","13":"purchasable","14":"product-type-simple"},"_links":{"self":[{"href":"https:\/\/stoic-curie.212-227-153-4.plesk.page\/fr\/wp-json\/wp\/v2\/product\/728991","targetHints":{"allow":["GET"]}}],"collection":[{"href":"https:\/\/stoic-curie.212-227-153-4.plesk.page\/fr\/wp-json\/wp\/v2\/product"}],"about":[{"href":"https:\/\/stoic-curie.212-227-153-4.plesk.page\/fr\/wp-json\/wp\/v2\/types\/product"}],"replies":[{"embeddable":true,"href":"https:\/\/stoic-curie.212-227-153-4.plesk.page\/fr\/wp-json\/wp\/v2\/comments?post=728991"}],"version-history":[{"count":0,"href":"https:\/\/stoic-curie.212-227-153-4.plesk.page\/fr\/wp-json\/wp\/v2\/product\/728991\/revisions"}],"wp:featuredmedia":[{"embeddable":true,"href":"https:\/\/stoic-curie.212-227-153-4.plesk.page\/fr\/wp-json\/wp\/v2\/media\/5941830"}],"wp:attachment":[{"href":"https:\/\/stoic-curie.212-227-153-4.plesk.page\/fr\/wp-json\/wp\/v2\/media?parent=728991"}],"wp:term":[{"taxonomy":"product_brand","embeddable":true,"href":"https:\/\/stoic-curie.212-227-153-4.plesk.page\/fr\/wp-json\/wp\/v2\/product_brand?post=728991"},{"taxonomy":"product_cat","embeddable":true,"href":"https:\/\/stoic-curie.212-227-153-4.plesk.page\/fr\/wp-json\/wp\/v2\/product_cat?post=728991"},{"taxonomy":"product_tag","embeddable":true,"href":"https:\/\/stoic-curie.212-227-153-4.plesk.page\/fr\/wp-json\/wp\/v2\/product_tag?post=728991"}],"curies":[{"name":"wp","href":"https:\/\/api.w.org\/{rel}","templated":true}]}}