{"id":728992,"date":"2025-03-03T16:03:04","date_gmt":"2025-03-03T15:03:04","guid":{"rendered":"https:\/\/stoic-curie.212-227-153-4.plesk.page\/producto\/hale-bas-bamar-100-1600-mm-pour-voiliers-de-8-105-m\/"},"modified":"2026-02-24T23:08:31","modified_gmt":"2026-02-24T23:08:31","slug":"hale-bas-bamar-100-1600-mm-pour-voiliers-de-8-105-m","status":"publish","type":"product","link":"https:\/\/stoic-curie.212-227-153-4.plesk.page\/fr\/product\/hale-bas-bamar-100-1600-mm-pour-voiliers-de-8-105-m\/","title":{"rendered":"Hale-bas Bamar 100"},"content":{"rendered":"<p>Hale-bas Bamar 100 &#8211; <\/p>\n<p style=\"color: rgb(34, 34, 34); font-family: Arial, Helvetica, sans-serif; font-size: small;\">Le kickeur m\u00e9canique Bamar est dot\u00e9 d&#8217;un ressort en acier inoxydable interne qui soul\u00e8ve le m\u00e2t.<\/p>\n<p style=\"color: rgb(34, 34, 34); font-family: Arial, Helvetica, sans-serif; font-size: small;\">Fabriqu\u00e9 en aluminium anodis\u00e9, il inclut des bornes de connexion sp\u00e9ciales qui int\u00e8grent des poulies, cr\u00e9ant ainsi un syst\u00e8me de tirage compact. Vous pouvez contr\u00f4ler la ligne depuis le cockpit ou la s\u00e9curiser sur le kickeur \u00e0 l&#8217;aide de l&#8217;\u00e9quipement suppl\u00e9mentaire. Le ressort permet un r\u00e9glage facile de la pouss\u00e9e en tournant simplement le tube sup\u00e9rieur ou la borne. Ce kickeur est disponible en cinq mod\u00e8les, con\u00e7us pour s&#8217;adapter \u00e0 des bateaux de 30 \u00e0 62 pieds. Vous pouvez personnaliser sa longueur lors de son installation sur votre bateau.<\/p>\n<p style=\"color: rgb(34, 34, 34); font-family: Arial, Helvetica, sans-serif; font-size: small;\">Ce kickeur est disponible en aluminium anodis\u00e9 noir ou argent. Il se compose de deux tubes t\u00e9lescopiques avec des bornes de connexion uniques qui int\u00e8grent des poulies pour un tirage compact. La ligne peut \u00eatre dirig\u00e9e vers le cockpit ou verrouill\u00e9e sur le kickeur \u00e0 l&#8217;aide d&#8217;un \u00e9quipement suppl\u00e9mentaire avec une manille. Le m\u00e9canisme \u00e0 ressort vous permet d&#8217;ajuster la pouss\u00e9e en vangs en tournant le tube sup\u00e9rieur ou la borne.<\/p>\n<p style=\"color: rgb(34, 34, 34); font-family: Arial, Helvetica, sans-serif; font-size: small;\">Caract\u00e9ristiques :<\/p>\n<ul style=\"color: rgb(34, 34, 34); font-family: Arial, Helvetica, sans-serif; font-size: small;\">\n<li>Diam\u00e8tre de la corde : 8 mm<\/li>\n<li>Taille de bateau maximale recommand\u00e9e : 34 pieds<\/li>\n<li>Taille de bateau minimale recommand\u00e9e : 30 pieds<\/li>\n<li>Longueur maximale : 1600 mm<\/li>\n<li>Ratio d&#8217;achat : 4:1<\/li>\n<li>Force du ressort : 1080 N<\/li>\n<li>Diam\u00e8tre de la goupille : 10 mm<\/li>\n<li>Course : 200 mm<\/li>\n<li>Longueur A : 1600 mm<\/li>\n<li>Poids : 3000 g<\/li>\n<\/ul>\n","protected":false},"excerpt":{"rendered":"<p>Hale-bas Bamar 100 &#8211; Le kickeur m\u00e9canique Bamar est dot\u00e9 d&#8217;un ressort en acier inoxydable interne qui soul\u00e8ve le m\u00e2t.<\/p>\n","protected":false},"featured_media":5943709,"comment_status":"open","ping_status":"closed","template":"","meta":[],"product_brand":[2809],"product_cat":[1189],"product_tag":[],"class_list":{"0":"post-728992","1":"product","2":"type-product","3":"status-publish","4":"has-post-thumbnail","6":"product_brand-bamar-fr","7":"product_cat-soutien-de-bome","9":"first","10":"instock","11":"shipping-taxable","12":"purchasable","13":"product-type-simple"},"_links":{"self":[{"href":"https:\/\/stoic-curie.212-227-153-4.plesk.page\/fr\/wp-json\/wp\/v2\/product\/728992","targetHints":{"allow":["GET"]}}],"collection":[{"href":"https:\/\/stoic-curie.212-227-153-4.plesk.page\/fr\/wp-json\/wp\/v2\/product"}],"about":[{"href":"https:\/\/stoic-curie.212-227-153-4.plesk.page\/fr\/wp-json\/wp\/v2\/types\/product"}],"replies":[{"embeddable":true,"href":"https:\/\/stoic-curie.212-227-153-4.plesk.page\/fr\/wp-json\/wp\/v2\/comments?post=728992"}],"version-history":[{"count":0,"href":"https:\/\/stoic-curie.212-227-153-4.plesk.page\/fr\/wp-json\/wp\/v2\/product\/728992\/revisions"}],"wp:featuredmedia":[{"embeddable":true,"href":"https:\/\/stoic-curie.212-227-153-4.plesk.page\/fr\/wp-json\/wp\/v2\/media\/5943709"}],"wp:attachment":[{"href":"https:\/\/stoic-curie.212-227-153-4.plesk.page\/fr\/wp-json\/wp\/v2\/media?parent=728992"}],"wp:term":[{"taxonomy":"product_brand","embeddable":true,"href":"https:\/\/stoic-curie.212-227-153-4.plesk.page\/fr\/wp-json\/wp\/v2\/product_brand?post=728992"},{"taxonomy":"product_cat","embeddable":true,"href":"https:\/\/stoic-curie.212-227-153-4.plesk.page\/fr\/wp-json\/wp\/v2\/product_cat?post=728992"},{"taxonomy":"product_tag","embeddable":true,"href":"https:\/\/stoic-curie.212-227-153-4.plesk.page\/fr\/wp-json\/wp\/v2\/product_tag?post=728992"}],"curies":[{"name":"wp","href":"https:\/\/api.w.org\/{rel}","templated":true}]}}