{"id":728995,"date":"2025-03-03T16:03:04","date_gmt":"2025-03-03T15:03:04","guid":{"rendered":"https:\/\/stoic-curie.212-227-153-4.plesk.page\/producto\/hale-bas-bamar-300-2500-mm-pour-voiliers-de-15-17-m\/"},"modified":"2026-02-24T23:08:31","modified_gmt":"2026-02-24T23:08:31","slug":"hale-bas-bamar-300-2500-mm-pour-voiliers-de-15-17-m","status":"publish","type":"product","link":"https:\/\/stoic-curie.212-227-153-4.plesk.page\/fr\/product\/hale-bas-bamar-300-2500-mm-pour-voiliers-de-15-17-m\/","title":{"rendered":"Hale-bas Bamar 300"},"content":{"rendered":"<p>Hale-bas Bamar 300 &#8211; <\/p>\n<p><strong>Vang Kicker avec ressort m\u00e9canique<\/strong><\/p>\n<p>Le Vang Kicker est \u00e9quip\u00e9 d&#8217;un ressort en acier interne qui \u00e9l\u00e8ve efficacement le m\u00e2t. Il est disponible en cinq mod\u00e8les, adapt\u00e9s aux bateaux de 30 \u00e0 62 pieds de long.<\/p>\n<p>Lors de l&#8217;installation, vous pouvez personnaliser la longueur du kicker en fonction de vos besoins sp\u00e9cifiques \u00e0 bord.<\/p>\n<p>Construit en alliage d&#8217;aluminium anodis\u00e9 en argent ou en noir, ce kicker se compose de deux tubes t\u00e9lescopiques. Ces tubes poss\u00e8dent des terminaux de connexion sp\u00e9cialis\u00e9s avec des poulies int\u00e9gr\u00e9es, permettant un faible encombrement. La ligne peut \u00eatre dirig\u00e9e vers le cockpit ou fix\u00e9e au kicker lui-m\u00eame \u00e0 l&#8217;aide d&#8217;un \u00e9quipement suppl\u00e9mentaire avec un coinceur.<\/p>\n<p>Le m\u00e9canisme de ressort int\u00e9gr\u00e9 permet un r\u00e9glage pr\u00e9cis de la pouss\u00e9e du kicker en faisant simplement pivoter le tube sup\u00e9rieur ou le terminal.<\/p>\n<p><strong>Comment utiliser la sangle de coup ou Vang<\/strong><\/p>\n<p>En navigation, l&#8217;un des m\u00e9canismes de contr\u00f4le les plus cruciaux pour r\u00e9gler la grand-voile est le vang ou la sangle de coup (kicker).<\/p>\n<p>Dans la terminologie de la navigation, nous faisons souvent r\u00e9f\u00e9rence \u00e0 un m\u00e9canisme bas\u00e9 sur une ligne\/poulie comme un kicker ou sangle de coup, tandis qu&#8217;un syst\u00e8me \u00e0 tige ou hydraulique est appel\u00e9 un vang. Cependant, ces termes sont fr\u00e9quemment utilis\u00e9s de mani\u00e8re interchangeable, m\u00eame parmi les membres d&#8217;\u00e9quipage sur le m\u00eame bateau.<\/p>\n<p>Pour comprendre l&#8217;objectif du vang, nous devons d&#8217;abord examiner comment nous ajustons la grand-voile. Les options de r\u00e9glage les plus courantes utilis\u00e9es par les marins sont la drisse de la grand-voile et le chariot. Les deux ajustent l&#8217;angle d&#8217;attaque, mais la drisse de la grand-voile modifie \u00e9galement la forme de la voile. Desserrer la drisse permet \u00e0 la gune de s&#8217;\u00e9tendre (chang\u00e9 l&#8217;angle d&#8217;attaque) et provoque une \u00e9l\u00e9vation, induisant une torsion au niveau de la bordure.<\/p>\n<p>Lorsque nous naviguons \u00ab au vent \u00bb (ce qui signifie plus profond\u00e9ment qu&#8217;un bord), nous pouvons souhaiter desserrer la drisse pour pr\u00e9senter la voile plus efficacement au vent. Cependant, si nous le faisons sans appliquer de vang, le m\u00e2t montera, ce qui entra\u00eenera une torsion excessive de la voile et la d\u00e9puissante.<\/p>\n<p>Pour \u00e9viter cela, lorsque nous desserrons la drisse, nous devons nous assurer que le vang reste solidement serr\u00e9. Cette action maintient le m\u00e2t en bas et conserve la tension sur la bordure lors du desserrage du m\u00e2t.<\/p>\n<p>Il est essentiel de noter que si le vang est trop serr\u00e9, notamment apr\u00e8s avoir navigu\u00e9 contre le vent, vous devez l&#8217;ajuster si n\u00e9cessaire au moment de l&#8217;abatt\u00e9e pour \u00e9viter toute surcharge. Les charges impliqu\u00e9es peuvent \u00eatre significatives, et le fait de ne pas surveiller et ajuster peut entra\u00eener des cassures.<\/p>\n<p>De plus, lorsqu&#8217;il y a une tension consid\u00e9rable sur le vang, le rel\u00e2cher tout en passant par un anneau ou un verrou peut \u00eatre difficile. Si le vang est sous charge sur un appareil, vous devez d&#8217;abord transf\u00e9rer la charge sur le winch \u00e0 l&#8217;aide d&#8217;un levier de winch.<\/p>\n<p>\u00c9tant donn\u00e9 que la principale raison de rel\u00e2cher le vang est de rapidement d\u00e9charger la grand-voile, il est conseill\u00e9 de garder le poids du vang sur un winch avec le verrou ouvert lors de la navigation de pr\u00e8s ou en profondeur. De nombreux skippers positionnent un membre d&#8217;\u00e9quipage pr\u00e8s du vang dans de telles conditions, souvent appel\u00e9 \u00ab surveillance du vang \u00bb. Cela permet un rel\u00e2chement rapide du vang en cas de chavirement ou si le gouvernail tourne trop vers le vent alors que le yacht porte une surface de voile excessive pour ce point de navigation.<\/p>\n<p>Lorsque vous naviguez au vent, le vang doit \u00eatre l\u00e9g\u00e8rement serr\u00e9 \u00e0 la main. Si le bateau est en course et se rapproche des conditions de surpuissance, le vang doit \u00eatre de nouveau plac\u00e9 sur un winch, avec un membre d&#8217;\u00e9quipage pr\u00eat \u00e0 le rel\u00e2cher si n\u00e9cessaire.<\/p>\n<p>Ajuster le vang ou tensionner un hauban r\u00e9glable a un impact significatif sur la maniabilit\u00e9 et la vitesse du yacht, d\u00e9chargeant effectivement le plan de voilure, en particulier la grand-voile.<\/p>\n<p>Lors de l&#8217;ajustement de la hauteur du m\u00e2t, comme pendant le reffage, desserrer le vang est une partie critique du processus. N\u00e9gliger cela nuira \u00e0 votre capacit\u00e9 \u00e0 d\u00e9charger la grand-voile lors du reffage et \u00e0 emp\u00eacher le m\u00e2t de se lever, ce qu&#8217;il ferait naturellement lorsque la ligne de reffage est tendue.<\/p>\n","protected":false},"excerpt":{"rendered":"<p>Hale-bas Bamar 300 &#8211; Vang Kicker avec ressort m\u00e9canique Le Vang Kicker est \u00e9quip\u00e9 d&#8217;un ressort en acier interne qui<\/p>\n","protected":false},"featured_media":5943709,"comment_status":"open","ping_status":"closed","template":"","meta":[],"product_brand":[2809],"product_cat":[1189],"product_tag":[],"class_list":{"0":"post-728995","1":"product","2":"type-product","3":"status-publish","4":"has-post-thumbnail","6":"product_brand-bamar-fr","7":"product_cat-soutien-de-bome","9":"first","10":"instock","11":"shipping-taxable","12":"purchasable","13":"product-type-simple"},"_links":{"self":[{"href":"https:\/\/stoic-curie.212-227-153-4.plesk.page\/fr\/wp-json\/wp\/v2\/product\/728995","targetHints":{"allow":["GET"]}}],"collection":[{"href":"https:\/\/stoic-curie.212-227-153-4.plesk.page\/fr\/wp-json\/wp\/v2\/product"}],"about":[{"href":"https:\/\/stoic-curie.212-227-153-4.plesk.page\/fr\/wp-json\/wp\/v2\/types\/product"}],"replies":[{"embeddable":true,"href":"https:\/\/stoic-curie.212-227-153-4.plesk.page\/fr\/wp-json\/wp\/v2\/comments?post=728995"}],"version-history":[{"count":0,"href":"https:\/\/stoic-curie.212-227-153-4.plesk.page\/fr\/wp-json\/wp\/v2\/product\/728995\/revisions"}],"wp:featuredmedia":[{"embeddable":true,"href":"https:\/\/stoic-curie.212-227-153-4.plesk.page\/fr\/wp-json\/wp\/v2\/media\/5943709"}],"wp:attachment":[{"href":"https:\/\/stoic-curie.212-227-153-4.plesk.page\/fr\/wp-json\/wp\/v2\/media?parent=728995"}],"wp:term":[{"taxonomy":"product_brand","embeddable":true,"href":"https:\/\/stoic-curie.212-227-153-4.plesk.page\/fr\/wp-json\/wp\/v2\/product_brand?post=728995"},{"taxonomy":"product_cat","embeddable":true,"href":"https:\/\/stoic-curie.212-227-153-4.plesk.page\/fr\/wp-json\/wp\/v2\/product_cat?post=728995"},{"taxonomy":"product_tag","embeddable":true,"href":"https:\/\/stoic-curie.212-227-153-4.plesk.page\/fr\/wp-json\/wp\/v2\/product_tag?post=728995"}],"curies":[{"name":"wp","href":"https:\/\/api.w.org\/{rel}","templated":true}]}}