{"id":728996,"date":"2025-03-03T16:03:04","date_gmt":"2025-03-03T15:03:04","guid":{"rendered":"https:\/\/stoic-curie.212-227-153-4.plesk.page\/producto\/haut-parleur-compact-portable-boss-marine-mrbt200\/"},"modified":"2026-02-24T23:08:31","modified_gmt":"2026-02-24T23:08:31","slug":"haut-parleur-compact-portable-boss-marine-mrbt200","status":"publish","type":"product","link":"https:\/\/stoic-curie.212-227-153-4.plesk.page\/fr\/product\/haut-parleur-compact-portable-boss-marine-mrbt200\/","title":{"rendered":"Haut-parleur compact portable Boss Marine MRBT200"},"content":{"rendered":"<p>Haut-parleur compact portable Boss Marine MRBT200 &#8211; <\/p>\n<p>Enceinte portable compacte Boss Marine MRBT200 envelopp\u00e9e dans un caoutchouc \u00e9pais r\u00e9sistant \u00e0 l&#8217;eau. Compos\u00e9e de 3 drivers actifs parfaitement r\u00e9gl\u00e9s et de 2 radiateurs passifs, elle couvre parfaitement toutes les fr\u00e9quences audio n\u00e9cessaires et garantit un son lin\u00e9aire. Avec microphone, fonction mains libres, connexions Bluetooth et couplage NFC (Android), entr\u00e9e AUX. Fourni avec un crochet de suspension et une batterie au lithium avec 8 heures d&#8217;autonomie, rechargeable avec le c\u00e2ble micro USB inclus.<\/p>\n","protected":false},"excerpt":{"rendered":"<p>Haut-parleur compact portable Boss Marine MRBT200 &#8211; Enceinte portable compacte Boss Marine MRBT200 envelopp\u00e9e dans un caoutchouc \u00e9pais r\u00e9sistant \u00e0<\/p>\n","protected":false},"featured_media":5943711,"comment_status":"open","ping_status":"closed","template":"","meta":[],"product_brand":[2839],"product_cat":[1159],"product_tag":[],"class_list":{"0":"post-728996","1":"product","2":"type-product","3":"status-publish","4":"has-post-thumbnail","6":"product_brand-boss-marine-fr","7":"product_cat-stereo-et-haut-parleurs","9":"first","10":"instock","11":"shipping-taxable","12":"purchasable","13":"product-type-simple"},"_links":{"self":[{"href":"https:\/\/stoic-curie.212-227-153-4.plesk.page\/fr\/wp-json\/wp\/v2\/product\/728996","targetHints":{"allow":["GET"]}}],"collection":[{"href":"https:\/\/stoic-curie.212-227-153-4.plesk.page\/fr\/wp-json\/wp\/v2\/product"}],"about":[{"href":"https:\/\/stoic-curie.212-227-153-4.plesk.page\/fr\/wp-json\/wp\/v2\/types\/product"}],"replies":[{"embeddable":true,"href":"https:\/\/stoic-curie.212-227-153-4.plesk.page\/fr\/wp-json\/wp\/v2\/comments?post=728996"}],"version-history":[{"count":0,"href":"https:\/\/stoic-curie.212-227-153-4.plesk.page\/fr\/wp-json\/wp\/v2\/product\/728996\/revisions"}],"wp:featuredmedia":[{"embeddable":true,"href":"https:\/\/stoic-curie.212-227-153-4.plesk.page\/fr\/wp-json\/wp\/v2\/media\/5943711"}],"wp:attachment":[{"href":"https:\/\/stoic-curie.212-227-153-4.plesk.page\/fr\/wp-json\/wp\/v2\/media?parent=728996"}],"wp:term":[{"taxonomy":"product_brand","embeddable":true,"href":"https:\/\/stoic-curie.212-227-153-4.plesk.page\/fr\/wp-json\/wp\/v2\/product_brand?post=728996"},{"taxonomy":"product_cat","embeddable":true,"href":"https:\/\/stoic-curie.212-227-153-4.plesk.page\/fr\/wp-json\/wp\/v2\/product_cat?post=728996"},{"taxonomy":"product_tag","embeddable":true,"href":"https:\/\/stoic-curie.212-227-153-4.plesk.page\/fr\/wp-json\/wp\/v2\/product_tag?post=728996"}],"curies":[{"name":"wp","href":"https:\/\/api.w.org\/{rel}","templated":true}]}}