{"id":729005,"date":"2025-03-03T16:03:06","date_gmt":"2025-03-03T15:03:06","guid":{"rendered":"https:\/\/stoic-curie.212-227-153-4.plesk.page\/producto\/cable-de-direction-ultraflex-mach-90-40-pi-1219-m\/"},"modified":"2026-02-24T23:08:31","modified_gmt":"2026-02-24T23:08:31","slug":"cable-de-direction-ultraflex-mach-90-40-pi-1219-m","status":"publish","type":"product","link":"https:\/\/stoic-curie.212-227-153-4.plesk.page\/fr\/product\/cable-de-direction-ultraflex-mach-90-40-pi-1219-m\/","title":{"rendered":"C\u00e2ble de direction Ultraflex Mach 90, 40\u00a0pi. (12,19\u00a0m)"},"content":{"rendered":"<p>C\u00e2ble de direction Ultraflex Mach 90, 40\u00a0pi. (12,19\u00a0m) &#8211; <\/p>\n<p>Facilit\u00e9 de mouvement, haute flexibilit\u00e9 : c\u00e2ble de direction Ultraflex M90 Mach pour volants de direction : Ultraflex T85 \u2013 T71FC \u2013 T72FC \u2013 T73NRFC \u2013 T74NRFC \u2013 T81FC \u2013 T83NFRC \u2013 T91 \u2013 T93ZT \u2013 T101 \u2013 T103ZT Teleflex Safe TQC \u2013 NFB s\u00fbr TII \u2013 NFB4.2 Morse D290<\/p>\n","protected":false},"excerpt":{"rendered":"<p>C\u00e2ble de direction Ultraflex Mach 90, 40\u00a0pi. (12,19\u00a0m) &#8211; Facilit\u00e9 de mouvement, haute flexibilit\u00e9 : c\u00e2ble de direction Ultraflex M90<\/p>\n","protected":false},"featured_media":5943714,"comment_status":"open","ping_status":"closed","template":"","meta":[],"product_brand":[3499],"product_cat":[1254],"product_tag":[],"class_list":{"0":"post-729005","1":"product","2":"type-product","3":"status-publish","4":"has-post-thumbnail","6":"product_brand-ultraflex-uflex-fr","7":"product_cat-direction-de-cable","9":"first","10":"instock","11":"shipping-taxable","12":"purchasable","13":"product-type-simple"},"_links":{"self":[{"href":"https:\/\/stoic-curie.212-227-153-4.plesk.page\/fr\/wp-json\/wp\/v2\/product\/729005","targetHints":{"allow":["GET"]}}],"collection":[{"href":"https:\/\/stoic-curie.212-227-153-4.plesk.page\/fr\/wp-json\/wp\/v2\/product"}],"about":[{"href":"https:\/\/stoic-curie.212-227-153-4.plesk.page\/fr\/wp-json\/wp\/v2\/types\/product"}],"replies":[{"embeddable":true,"href":"https:\/\/stoic-curie.212-227-153-4.plesk.page\/fr\/wp-json\/wp\/v2\/comments?post=729005"}],"version-history":[{"count":0,"href":"https:\/\/stoic-curie.212-227-153-4.plesk.page\/fr\/wp-json\/wp\/v2\/product\/729005\/revisions"}],"wp:featuredmedia":[{"embeddable":true,"href":"https:\/\/stoic-curie.212-227-153-4.plesk.page\/fr\/wp-json\/wp\/v2\/media\/5943714"}],"wp:attachment":[{"href":"https:\/\/stoic-curie.212-227-153-4.plesk.page\/fr\/wp-json\/wp\/v2\/media?parent=729005"}],"wp:term":[{"taxonomy":"product_brand","embeddable":true,"href":"https:\/\/stoic-curie.212-227-153-4.plesk.page\/fr\/wp-json\/wp\/v2\/product_brand?post=729005"},{"taxonomy":"product_cat","embeddable":true,"href":"https:\/\/stoic-curie.212-227-153-4.plesk.page\/fr\/wp-json\/wp\/v2\/product_cat?post=729005"},{"taxonomy":"product_tag","embeddable":true,"href":"https:\/\/stoic-curie.212-227-153-4.plesk.page\/fr\/wp-json\/wp\/v2\/product_tag?post=729005"}],"curies":[{"name":"wp","href":"https:\/\/api.w.org\/{rel}","templated":true}]}}