{"id":729008,"date":"2025-03-03T16:03:06","date_gmt":"2025-03-03T15:03:06","guid":{"rendered":"https:\/\/stoic-curie.212-227-153-4.plesk.page\/producto\/echelle-de-bain-en-inox-deux-montants-telescopique-3-echelons-37-x-h-87-cm\/"},"modified":"2026-02-24T23:08:31","modified_gmt":"2026-02-24T23:08:31","slug":"echelle-de-bain-en-inox-deux-montants-telescopique-3-echelons-37-x-h-87-cm","status":"publish","type":"product","link":"https:\/\/stoic-curie.212-227-153-4.plesk.page\/fr\/product\/echelle-de-bain-en-inox-deux-montants-telescopique-3-echelons-37-x-h-87-cm\/","title":{"rendered":"\u00c9chelle de bain en inox (deux montants) t\u00e9lescopique, 3\u00a0\u00e9chelons, 37\u00a0x\u00a0H\u00a087\u00a0cm"},"content":{"rendered":"<p>\u00c9chelle de bain en inox (deux montants) t\u00e9lescopique, 3\u00a0\u00e9chelons, 37\u00a0x\u00a0H\u00a087\u00a0cm &#8211; <\/p>\n<p>\u00c9chelles t\u00e9lescopiques pliables en acier inoxydable poli miroir avec axe central double. Acc\u00e8s facile avec des ailerons et du mat\u00e9riel lourd gr\u00e2ce aux marches libres des deux c\u00f4t\u00e9s.<\/p>\n","protected":false},"excerpt":{"rendered":"<p>\u00c9chelle de bain en inox (deux montants) t\u00e9lescopique, 3\u00a0\u00e9chelons, 37\u00a0x\u00a0H\u00a087\u00a0cm &#8211; \u00c9chelles t\u00e9lescopiques pliables en acier inoxydable poli miroir avec<\/p>\n","protected":false},"featured_media":5943717,"comment_status":"open","ping_status":"closed","template":"","meta":[],"product_brand":[3489],"product_cat":[1044],"product_tag":[],"class_list":{"0":"post-729008","1":"product","2":"type-product","3":"status-publish","4":"has-post-thumbnail","6":"product_brand-trem-fr","7":"product_cat-echelles","9":"first","10":"instock","11":"shipping-taxable","12":"purchasable","13":"product-type-simple"},"_links":{"self":[{"href":"https:\/\/stoic-curie.212-227-153-4.plesk.page\/fr\/wp-json\/wp\/v2\/product\/729008","targetHints":{"allow":["GET"]}}],"collection":[{"href":"https:\/\/stoic-curie.212-227-153-4.plesk.page\/fr\/wp-json\/wp\/v2\/product"}],"about":[{"href":"https:\/\/stoic-curie.212-227-153-4.plesk.page\/fr\/wp-json\/wp\/v2\/types\/product"}],"replies":[{"embeddable":true,"href":"https:\/\/stoic-curie.212-227-153-4.plesk.page\/fr\/wp-json\/wp\/v2\/comments?post=729008"}],"version-history":[{"count":0,"href":"https:\/\/stoic-curie.212-227-153-4.plesk.page\/fr\/wp-json\/wp\/v2\/product\/729008\/revisions"}],"wp:featuredmedia":[{"embeddable":true,"href":"https:\/\/stoic-curie.212-227-153-4.plesk.page\/fr\/wp-json\/wp\/v2\/media\/5943717"}],"wp:attachment":[{"href":"https:\/\/stoic-curie.212-227-153-4.plesk.page\/fr\/wp-json\/wp\/v2\/media?parent=729008"}],"wp:term":[{"taxonomy":"product_brand","embeddable":true,"href":"https:\/\/stoic-curie.212-227-153-4.plesk.page\/fr\/wp-json\/wp\/v2\/product_brand?post=729008"},{"taxonomy":"product_cat","embeddable":true,"href":"https:\/\/stoic-curie.212-227-153-4.plesk.page\/fr\/wp-json\/wp\/v2\/product_cat?post=729008"},{"taxonomy":"product_tag","embeddable":true,"href":"https:\/\/stoic-curie.212-227-153-4.plesk.page\/fr\/wp-json\/wp\/v2\/product_tag?post=729008"}],"curies":[{"name":"wp","href":"https:\/\/api.w.org\/{rel}","templated":true}]}}