{"id":729012,"date":"2025-03-03T16:03:07","date_gmt":"2025-03-03T15:03:07","guid":{"rendered":"https:\/\/stoic-curie.212-227-153-4.plesk.page\/producto\/kit-de-flaps-dassiette-bennett-1512-300-x-300-mm\/"},"modified":"2026-02-24T23:08:31","modified_gmt":"2026-02-24T23:08:31","slug":"kit-de-flaps-dassiette-bennett-1512-300-x-300-mm","status":"publish","type":"product","link":"https:\/\/stoic-curie.212-227-153-4.plesk.page\/fr\/product\/kit-de-flaps-dassiette-bennett-1512-300-x-300-mm\/","title":{"rendered":"Kit de flaps Bennett Bolt 1212 300 x 300mm"},"content":{"rendered":"<p>Kit de flaps Bennett Bolt 1212 300 x 300mm &#8211; <\/p>\n<p style=\"color: rgb(34, 34, 34); font-family: Arial, Helvetica, sans-serif; font-size: small;\"><strong>BOLT1212 \u2013 Kit de volets \u00e9lectriques 12&#8243; x 12&#8243;<\/strong><\/p>\n<p style=\"color: rgb(34, 34, 34); font-family: Arial, Helvetica, sans-serif; font-size: small;\">Ce kit complet de volets Bennett fonctionne sur 12V et comprend deux actionneurs ainsi que deux volets en acier inoxydable. Il est con\u00e7u pour les bateaux mesurant entre 5,8 et 7,3 m\u00e8tres. Veuillez noter que le panneau de contr\u00f4le doit \u00eatre command\u00e9 s\u00e9par\u00e9ment.<\/p>\n<p style=\"color: rgb(34, 34, 34); font-family: Arial, Helvetica, sans-serif; font-size: small;\"><strong>Caract\u00e9ristiques cl\u00e9s :<\/strong><\/p>\n<ul style=\"color: rgb(34, 34, 34); font-family: Arial, Helvetica, sans-serif; font-size: small;\">\n<li>Syst\u00e8mes de volets \u00e9lectriques exceptionnellement robustes et fiables<\/li>\n<li>Garantie \u00e0 vie sur les actionneurs \u00e9lectriques<\/li>\n<li>Conception \u00e9tanche garantissant un fonctionnement sans probl\u00e8me pendant des ann\u00e9es<\/li>\n<li>Construction solide con\u00e7ue pour durer<\/li>\n<li>Installation rapide et simple<\/li>\n<li>Diff\u00e9rentes options de contr\u00f4le, tailles de volets et options de montage disponibles<\/li>\n<\/ul>\n<p style=\"color: rgb(34, 34, 34); font-family: Arial, Helvetica, sans-serif; font-size: small;\"><strong>Caract\u00e9ristiques du produit :<\/strong><\/p>\n<ul style=\"color: rgb(34, 34, 34); font-family: Arial, Helvetica, sans-serif; font-size: small;\">\n<li>\n<p><strong>Espace vertical requis pour le tableau arri\u00e8re :<\/strong><\/p>\n<ul>\n<li>Charni\u00e8re sup\u00e9rieure fixe (BEA2000): 13&#8243;<\/li>\n<li>Charni\u00e8re sup\u00e9rieure r\u00e9glable (BEA3000): 6,39&#8243;<\/li>\n<\/ul>\n<\/li>\n<li>\n<p><strong>Cours : <\/strong> 2,5&#8243;<\/p>\n<\/li>\n<li>\n<p><strong>Longueur : <\/strong> 13,25&#8243;<\/p>\n<\/li>\n<li>\n<p><strong>Voltage : <\/strong> 12V<\/p>\n<\/li>\n<li>\n<p><strong>Connecteurs : <\/strong> Deutsch, s\u00e9rie DT, 13A<\/p>\n<\/li>\n<\/ul>\n<p style=\"color: rgb(34, 34, 34); font-family: Arial, Helvetica, sans-serif; font-size: small;\"><strong>Forces de travail :<\/strong><\/p>\n<ul style=\"color: rgb(34, 34, 34); font-family: Arial, Helvetica, sans-serif; font-size: small;\">\n<li><strong>Force d&#8217;actionnement : <\/strong> 750 lb.<\/li>\n<li><strong>Force de retour : <\/strong> 750 lb.<\/li>\n<\/ul>\n<p style=\"color: rgb(34, 34, 34); font-family: Arial, Helvetica, sans-serif; font-size: small;\"><strong>Consommation \u00e9lectrique :<\/strong><\/p>\n<ul style=\"color: rgb(34, 34, 34); font-family: Arial, Helvetica, sans-serif; font-size: small;\">\n<li><strong>Actionneurs : <\/strong> 20 amp max<\/li>\n<li><strong>Contr\u00f4le du poste de pilotage : <\/strong> 20 amp max<\/li>\n<li><strong>Unit\u00e9 de contr\u00f4le \/ Module relais : <\/strong> 20 amp max<\/li>\n<\/ul>\n<p style=\"color: rgb(34, 34, 34); font-family: Arial, Helvetica, sans-serif; font-size: small;\"><strong>Composants inclus :<\/strong><\/p>\n<ul style=\"color: rgb(34, 34, 34); font-family: Arial, Helvetica, sans-serif; font-size: small;\">\n<li>(2) Plans de volets en acier inoxydable et plaques de montage<\/li>\n<li>(2) Faisceaux de 20 pieds avec connecteurs \u00e9tanches (BAW2020)<\/li>\n<li>(2) Actionneurs 12 volts avec faisceaux de 6 pieds et connecteurs \u00e9tanches (BEA2000 ou BEA3000)<\/li>\n<\/ul>\n<p style=\"color: rgb(34, 34, 34); font-family: Arial, Helvetica, sans-serif; font-size: small;\">Ce kit de volets est un excellent choix pour am\u00e9liorer les performances de votre bateau et garantir une navigation en douceur.<\/p>\n","protected":false},"excerpt":{"rendered":"<p>Kit de flaps Bennett Bolt 1212 300 x 300mm &#8211; BOLT1212 \u2013 Kit de volets \u00e9lectriques 12&#8243; x 12&#8243; Ce<\/p>\n","protected":false},"featured_media":5941929,"comment_status":"open","ping_status":"closed","template":"","meta":[],"product_brand":[2819],"product_cat":[1232],"product_tag":[],"class_list":{"0":"post-729012","1":"product","2":"type-product","3":"status-publish","4":"has-post-thumbnail","6":"product_brand-bennett-marine-fr","7":"product_cat-volets-compensateurs","9":"first","10":"instock","11":"shipping-taxable","12":"purchasable","13":"product-type-simple"},"_links":{"self":[{"href":"https:\/\/stoic-curie.212-227-153-4.plesk.page\/fr\/wp-json\/wp\/v2\/product\/729012","targetHints":{"allow":["GET"]}}],"collection":[{"href":"https:\/\/stoic-curie.212-227-153-4.plesk.page\/fr\/wp-json\/wp\/v2\/product"}],"about":[{"href":"https:\/\/stoic-curie.212-227-153-4.plesk.page\/fr\/wp-json\/wp\/v2\/types\/product"}],"replies":[{"embeddable":true,"href":"https:\/\/stoic-curie.212-227-153-4.plesk.page\/fr\/wp-json\/wp\/v2\/comments?post=729012"}],"version-history":[{"count":0,"href":"https:\/\/stoic-curie.212-227-153-4.plesk.page\/fr\/wp-json\/wp\/v2\/product\/729012\/revisions"}],"wp:featuredmedia":[{"embeddable":true,"href":"https:\/\/stoic-curie.212-227-153-4.plesk.page\/fr\/wp-json\/wp\/v2\/media\/5941929"}],"wp:attachment":[{"href":"https:\/\/stoic-curie.212-227-153-4.plesk.page\/fr\/wp-json\/wp\/v2\/media?parent=729012"}],"wp:term":[{"taxonomy":"product_brand","embeddable":true,"href":"https:\/\/stoic-curie.212-227-153-4.plesk.page\/fr\/wp-json\/wp\/v2\/product_brand?post=729012"},{"taxonomy":"product_cat","embeddable":true,"href":"https:\/\/stoic-curie.212-227-153-4.plesk.page\/fr\/wp-json\/wp\/v2\/product_cat?post=729012"},{"taxonomy":"product_tag","embeddable":true,"href":"https:\/\/stoic-curie.212-227-153-4.plesk.page\/fr\/wp-json\/wp\/v2\/product_tag?post=729012"}],"curies":[{"name":"wp","href":"https:\/\/api.w.org\/{rel}","templated":true}]}}