{"id":729013,"date":"2025-03-03T16:03:07","date_gmt":"2025-03-03T15:03:07","guid":{"rendered":"https:\/\/stoic-curie.212-227-153-4.plesk.page\/producto\/poignee-de-porte-tournante-157-x-30-mm\/"},"modified":"2026-02-24T23:08:31","modified_gmt":"2026-02-24T23:08:31","slug":"poignee-de-porte-tournante-157-x-30-mm","status":"publish","type":"product","link":"https:\/\/stoic-curie.212-227-153-4.plesk.page\/fr\/product\/poignee-de-porte-tournante-157-x-30-mm\/","title":{"rendered":"Poign\u00e9e de porte tournante, 157\u00a0x\u00a030\u00a0mm"},"content":{"rendered":"<p>Poign\u00e9e de porte tournante, 157\u00a0x\u00a030\u00a0mm &#8211; <\/p>\n<p>Serrure de porte \u00e0 poign\u00e9e rotative en laiton chrom\u00e9 \u00e0 installer comme poign\u00e9e de r\u00e9frig\u00e9rateur, sur des portes, des volets et des portails. P\u00eane standard ou angulaire pour des \u00e9paisseurs de porte allant jusqu&#8217;\u00e0 30 mm.<\/p>\n","protected":false},"excerpt":{"rendered":"<p>Poign\u00e9e de porte tournante, 157\u00a0x\u00a030\u00a0mm &#8211; Serrure de porte \u00e0 poign\u00e9e rotative en laiton chrom\u00e9 \u00e0 installer comme poign\u00e9e de<\/p>\n","protected":false},"featured_media":5943726,"comment_status":"open","ping_status":"closed","template":"","meta":[],"product_brand":[2944],"product_cat":[1134],"product_tag":[],"class_list":{"0":"post-729013","1":"product","2":"type-product","3":"status-publish","4":"has-post-thumbnail","6":"product_brand-foresti-suardi-fr","7":"product_cat-serrures","9":"first","10":"instock","11":"shipping-taxable","12":"purchasable","13":"product-type-simple"},"_links":{"self":[{"href":"https:\/\/stoic-curie.212-227-153-4.plesk.page\/fr\/wp-json\/wp\/v2\/product\/729013","targetHints":{"allow":["GET"]}}],"collection":[{"href":"https:\/\/stoic-curie.212-227-153-4.plesk.page\/fr\/wp-json\/wp\/v2\/product"}],"about":[{"href":"https:\/\/stoic-curie.212-227-153-4.plesk.page\/fr\/wp-json\/wp\/v2\/types\/product"}],"replies":[{"embeddable":true,"href":"https:\/\/stoic-curie.212-227-153-4.plesk.page\/fr\/wp-json\/wp\/v2\/comments?post=729013"}],"version-history":[{"count":0,"href":"https:\/\/stoic-curie.212-227-153-4.plesk.page\/fr\/wp-json\/wp\/v2\/product\/729013\/revisions"}],"wp:featuredmedia":[{"embeddable":true,"href":"https:\/\/stoic-curie.212-227-153-4.plesk.page\/fr\/wp-json\/wp\/v2\/media\/5943726"}],"wp:attachment":[{"href":"https:\/\/stoic-curie.212-227-153-4.plesk.page\/fr\/wp-json\/wp\/v2\/media?parent=729013"}],"wp:term":[{"taxonomy":"product_brand","embeddable":true,"href":"https:\/\/stoic-curie.212-227-153-4.plesk.page\/fr\/wp-json\/wp\/v2\/product_brand?post=729013"},{"taxonomy":"product_cat","embeddable":true,"href":"https:\/\/stoic-curie.212-227-153-4.plesk.page\/fr\/wp-json\/wp\/v2\/product_cat?post=729013"},{"taxonomy":"product_tag","embeddable":true,"href":"https:\/\/stoic-curie.212-227-153-4.plesk.page\/fr\/wp-json\/wp\/v2\/product_tag?post=729013"}],"curies":[{"name":"wp","href":"https:\/\/api.w.org\/{rel}","templated":true}]}}