{"id":729020,"date":"2025-03-03T16:03:08","date_gmt":"2025-03-03T15:03:08","guid":{"rendered":"https:\/\/stoic-curie.212-227-153-4.plesk.page\/producto\/propulseur-detrave-a-double-helice-quick-btq-185-85-24-v\/"},"modified":"2026-02-24T23:08:31","modified_gmt":"2026-02-24T23:08:31","slug":"propulseur-detrave-a-double-helice-quick-btq-185-85-24-v","status":"publish","type":"product","link":"https:\/\/stoic-curie.212-227-153-4.plesk.page\/fr\/product\/propulseur-detrave-a-double-helice-quick-btq-185-85-24-v\/","title":{"rendered":"Propulseur d\u2019\u00e9trave \u00e0 double h\u00e9lice Quick BTQ 185-85, 24\u00a0V"},"content":{"rendered":"<p>Propulseur d\u2019\u00e9trave \u00e0 double h\u00e9lice Quick BTQ 185-85, 24\u00a0V &#8211; <\/p>\n<p>Nous vous pr\u00e9sentons le Quick BTQ185 24v Propulseur d&#8217;\u00e9trave, con\u00e7u avec deux h\u00e9lices contrarotatives pour offrir des performances exceptionnelles. Ce mod\u00e8le se distingue par une construction robuste en mat\u00e9riaux composites, garantissant \u00e0 la fois durabilit\u00e9 et fiabilit\u00e9. Il comprend un r\u00e9ducteur en bronze et un capot de sol\u00e9no\u00efde protecteur, tous deux fabriqu\u00e9s \u00e0 partir de mat\u00e9riau composite r\u00e9sistant. L&#8217;anode en zinc fonctionne ind\u00e9pendamment du r\u00e9ducteur, ce qui permet un remplacement facile en cas de besoin. De plus, le propulseur int\u00e8gre un accouplement \u00e9lastique pour am\u00e9liorer sa fonctionnalit\u00e9.<\/p>\n<p>Le Quick BTQ185-85 fonctionne avec un syst\u00e8me DC de 24V et est adapt\u00e9 aux embarcations mesurant entre 8 et 15 m\u00e8tres (26 \u00e0 49 pieds) de long.<\/p>\n<p><strong>Sp\u00e9cifications:<\/strong><\/p>\n<ul>\n<li><strong>Mod\u00e8le:<\/strong> BTQ 185-85 (24V)<\/li>\n<li><strong>Type d&#8217;h\u00e9lice:<\/strong> Deux contrarotatives<\/li>\n<li><strong>Diam\u00e8tre du tunnel:<\/strong> 185 mm (7&#8243; 18\/64)<\/li>\n<li><strong>Puissance du moteur:<\/strong> 4.3 kW<\/li>\n<li><strong>Tension:<\/strong> 24V<\/li>\n<li><strong>Fusible:<\/strong> 400A CNL DIN<\/li>\n<li><strong>Pousse:<\/strong> 85 kgf (187,4 lb)<\/li>\n<li><strong>Poids:<\/strong> 17,9 kg (39,4 lb)<\/li>\n<\/ul>\n<p><strong>Contenu du produit:<\/strong><\/p>\n<ul>\n<li>Propulseur<\/li>\n<li>Mod\u00e8le de per\u00e7age<\/li>\n<li>Joint<\/li>\n<li>Joint torique (pour le montage)<\/li>\n<li>Manuel d&#8217;installation et d&#8217;utilisation<\/li>\n<li>Conditions de garantie<\/li>\n<\/ul>\n<p>Ce paquet complet assure que vous avez tout le n\u00e9cessaire pour l&#8217;installation et le fonctionnement, faisant du Quick BTQ185 Propulseur d&#8217;\u00e9trave un excellent choix pour am\u00e9liorer vos exp\u00e9riences nautiques.<\/p>\n","protected":false},"excerpt":{"rendered":"<p>Propulseur d\u2019\u00e9trave \u00e0 double h\u00e9lice Quick BTQ 185-85, 24\u00a0V &#8211; Nous vous pr\u00e9sentons le Quick BTQ185 24v Propulseur d&#8217;\u00e9trave, con\u00e7u<\/p>\n","protected":false},"featured_media":5941968,"comment_status":"open","ping_status":"closed","template":"","meta":[],"product_brand":[3279],"product_cat":[1036],"product_tag":[],"class_list":{"0":"post-729020","1":"product","2":"type-product","3":"status-publish","4":"has-post-thumbnail","6":"product_brand-quick-fr","7":"product_cat-propulseurs-detrave-quick","9":"first","10":"instock","11":"shipping-taxable","12":"purchasable","13":"product-type-simple"},"_links":{"self":[{"href":"https:\/\/stoic-curie.212-227-153-4.plesk.page\/fr\/wp-json\/wp\/v2\/product\/729020","targetHints":{"allow":["GET"]}}],"collection":[{"href":"https:\/\/stoic-curie.212-227-153-4.plesk.page\/fr\/wp-json\/wp\/v2\/product"}],"about":[{"href":"https:\/\/stoic-curie.212-227-153-4.plesk.page\/fr\/wp-json\/wp\/v2\/types\/product"}],"replies":[{"embeddable":true,"href":"https:\/\/stoic-curie.212-227-153-4.plesk.page\/fr\/wp-json\/wp\/v2\/comments?post=729020"}],"version-history":[{"count":0,"href":"https:\/\/stoic-curie.212-227-153-4.plesk.page\/fr\/wp-json\/wp\/v2\/product\/729020\/revisions"}],"wp:featuredmedia":[{"embeddable":true,"href":"https:\/\/stoic-curie.212-227-153-4.plesk.page\/fr\/wp-json\/wp\/v2\/media\/5941968"}],"wp:attachment":[{"href":"https:\/\/stoic-curie.212-227-153-4.plesk.page\/fr\/wp-json\/wp\/v2\/media?parent=729020"}],"wp:term":[{"taxonomy":"product_brand","embeddable":true,"href":"https:\/\/stoic-curie.212-227-153-4.plesk.page\/fr\/wp-json\/wp\/v2\/product_brand?post=729020"},{"taxonomy":"product_cat","embeddable":true,"href":"https:\/\/stoic-curie.212-227-153-4.plesk.page\/fr\/wp-json\/wp\/v2\/product_cat?post=729020"},{"taxonomy":"product_tag","embeddable":true,"href":"https:\/\/stoic-curie.212-227-153-4.plesk.page\/fr\/wp-json\/wp\/v2\/product_tag?post=729020"}],"curies":[{"name":"wp","href":"https:\/\/api.w.org\/{rel}","templated":true}]}}