{"id":729021,"date":"2025-03-03T16:03:08","date_gmt":"2025-03-03T15:03:08","guid":{"rendered":"https:\/\/stoic-curie.212-227-153-4.plesk.page\/producto\/kit-de-propulseur-detrave-quick-btq-185-55-12-v\/"},"modified":"2026-02-24T23:08:31","modified_gmt":"2026-02-24T23:08:31","slug":"kit-de-propulseur-detrave-quick-btq-185-55-12-v","status":"publish","type":"product","link":"https:\/\/stoic-curie.212-227-153-4.plesk.page\/fr\/product\/kit-de-propulseur-detrave-quick-btq-185-55-12-v\/","title":{"rendered":"Kit de propulseur d\u2019\u00e9trave Quick BTQ 185-55, 12\u00a0V"},"content":{"rendered":"<p>Kit de propulseur d\u2019\u00e9trave Quick BTQ 185-55, 12\u00a0V &#8211; <\/p>\n<p style=\"color: rgb(34, 34, 34); font-family: Arial, Helvetica, sans-serif; font-size: small;\">Nous vous pr\u00e9sentons le kit d&#8217;installation complet de propulseur d&#8217;\u00e9trave Quick, con\u00e7u pour une installation simple et des performances am\u00e9lior\u00e9es. Ce kit comprend un mat\u00e9riau composite robuste pour la protection du carter, une bo\u00eete de vitesses en bronze durable et un accouplement \u00e9lastique. Les composants inclus sont les suivants :<\/p>\n<ul style=\"color: rgb(34, 34, 34); font-family: Arial, Helvetica, sans-serif; font-size: small;\">\n<li>Longueurs de tunnel : 75 cm (BTQ 125\/140) et 100 cm (BTQ 185)<\/li>\n<li>Panneaux : Panneau tactile TCD1022 (BTQ 125\/140) et joystick TCD1042 (BTQ 185)<\/li>\n<li>C\u00e2bles \u00e9lectriques : 6 m (BTQ 125\/140) et 12 m (BTQ 185)<\/li>\n<li>Fusible et porte-fusible<\/li>\n<\/ul>\n<p style=\"color: rgb(34, 34, 34); font-family: Arial, Helvetica, sans-serif; font-size: small;\">D\u00e9velopp\u00e9 par l&#8217;un des principaux fabricants du secteur des propulseurs d&#8217;\u00e9trave, ce kit de propulseur d&#8217;\u00e9trave est de confiance pour de nombreux propri\u00e9taires de bateaux qui privil\u00e9gient la fiabilit\u00e9 et la s\u00e9curit\u00e9. Quick maintient un strict contr\u00f4le de qualit\u00e9 et un engagement dans le d\u00e9veloppement de produits, ce qui donne des propulseurs d&#8217;\u00e9trave qui offrent :<\/p>\n<ul style=\"color: rgb(34, 34, 34); font-family: Arial, Helvetica, sans-serif; font-size: small;\">\n<li>Technologie de propulsion avanc\u00e9e<\/li>\n<li>H\u00e9lices en composite l\u00e9g\u00e8res<\/li>\n<li>Moteurs \u00e9lectriques puissants<\/li>\n<li>Car\u00e9nage de vitesse a\u00e9rodynamique<\/li>\n<li>Production, assemblage et contr\u00f4le qualit\u00e9 internes<\/li>\n<li>Utilisation de mat\u00e9riaux haut de gamme<\/li>\n<\/ul>\n<p style=\"color: rgb(34, 34, 34); font-family: Arial, Helvetica, sans-serif; font-size: small;\">Caract\u00e9ristiques cl\u00e9s :<\/p>\n<ol style=\"color: rgb(34, 34, 34); font-family: Arial, Helvetica, sans-serif; font-size: small;\">\n<li>\n<p>Les moteurs \u00e9lectriques sont sp\u00e9cialement con\u00e7us pour les applications de propulseurs d&#8217;\u00e9trave, garantissant une dur\u00e9e de fonctionnement minimum de trois minutes au niveau de performance sp\u00e9cifi\u00e9. Ils incluent une protection contre les surcharges et la chaleur int\u00e9gr\u00e9e.<\/p>\n<\/li>\n<li>\n<p>Les relais sont mont\u00e9s directement sur le moteur et prot\u00e9g\u00e9s par un couvercle robuste. Chaque propulseur d&#8217;\u00e9trave est \u00e9quip\u00e9 d&#8217;une fonction de retard pour \u00e9viter des changements rapides de direction de rotation.<\/p>\n<\/li>\n<li>\n<p>Les composants sous-marins et les engrenages sont construits en bronze marin, optimis\u00e9s pour minimiser les turbulences.<\/p>\n<\/li>\n<li>\n<p>Les h\u00e9lices sont fabriqu\u00e9es en plastique composite de haute qualit\u00e9, offrant une pouss\u00e9e constante dans les deux sens.<\/p>\n<\/li>\n<\/ol>\n<p style=\"color: rgb(34, 34, 34); font-family: Arial, Helvetica, sans-serif; font-size: small;\">Le propulseur Quick BTQ 185-55 12V DC est recommand\u00e9 pour les bateaux mesurant entre 8 et 15 m\u00e8tres (26 \u00e0 49 pieds) de long. Ce mod\u00e8le dispose d&#8217;une h\u00e9lice unique en mat\u00e9riau composite robuste, d&#8217;une bo\u00eete de vitesses en bronze et d&#8217;un carter de protection en mat\u00e9riau composite durable. Il comprend un accouplement \u00e9lastique et un anode en zinc ind\u00e9pendant de la bo\u00eete de vitesses, permettant un remplacement facile.<\/p>\n<p style=\"color: rgb(34, 34, 34); font-family: Arial, Helvetica, sans-serif; font-size: small;\">Sp\u00e9cifications :<\/p>\n<ul style=\"color: rgb(34, 34, 34); font-family: Arial, Helvetica, sans-serif; font-size: small;\">\n<li>Mod\u00e8le : BTQ 185-55 (12V)<\/li>\n<li>Type d&#8217;h\u00e9lice : Simple<\/li>\n<li>Diam\u00e8tre du tunnel : 185 mm (7&#8243; 18\/64)<\/li>\n<li>Puissance du moteur : 3.0 kW<\/li>\n<li>Tension : 12V<\/li>\n<li>\u00c9valuation du fusible : 250A CNL DIN<\/li>\n<li>Pouss\u00e9e : 55 kgf (121,2 lb)<\/li>\n<li>Poids : 16,7 kg (36,8 lb)<\/li>\n<\/ul>\n<p style=\"color: rgb(34, 34, 34); font-family: Arial, Helvetica, sans-serif; font-size: small;\">Ce kit de propulseur d&#8217;\u00e9trave allie qualit\u00e9, fiabilit\u00e9 et performances, ce qui en fait un excellent choix pour les propri\u00e9taires de bateaux \u00e0 la recherche d&#8217;\u00e9quipements fiables.<\/p>\n","protected":false},"excerpt":{"rendered":"<p>Kit de propulseur d\u2019\u00e9trave Quick BTQ 185-55, 12\u00a0V &#8211; Nous vous pr\u00e9sentons le kit d&#8217;installation complet de propulseur d&#8217;\u00e9trave Quick,<\/p>\n","protected":false},"featured_media":5941982,"comment_status":"open","ping_status":"closed","template":"","meta":[],"product_brand":[3279],"product_cat":[1036],"product_tag":[],"class_list":{"0":"post-729021","1":"product","2":"type-product","3":"status-publish","4":"has-post-thumbnail","6":"product_brand-quick-fr","7":"product_cat-propulseurs-detrave-quick","9":"first","10":"instock","11":"shipping-taxable","12":"purchasable","13":"product-type-simple"},"_links":{"self":[{"href":"https:\/\/stoic-curie.212-227-153-4.plesk.page\/fr\/wp-json\/wp\/v2\/product\/729021","targetHints":{"allow":["GET"]}}],"collection":[{"href":"https:\/\/stoic-curie.212-227-153-4.plesk.page\/fr\/wp-json\/wp\/v2\/product"}],"about":[{"href":"https:\/\/stoic-curie.212-227-153-4.plesk.page\/fr\/wp-json\/wp\/v2\/types\/product"}],"replies":[{"embeddable":true,"href":"https:\/\/stoic-curie.212-227-153-4.plesk.page\/fr\/wp-json\/wp\/v2\/comments?post=729021"}],"version-history":[{"count":0,"href":"https:\/\/stoic-curie.212-227-153-4.plesk.page\/fr\/wp-json\/wp\/v2\/product\/729021\/revisions"}],"wp:featuredmedia":[{"embeddable":true,"href":"https:\/\/stoic-curie.212-227-153-4.plesk.page\/fr\/wp-json\/wp\/v2\/media\/5941982"}],"wp:attachment":[{"href":"https:\/\/stoic-curie.212-227-153-4.plesk.page\/fr\/wp-json\/wp\/v2\/media?parent=729021"}],"wp:term":[{"taxonomy":"product_brand","embeddable":true,"href":"https:\/\/stoic-curie.212-227-153-4.plesk.page\/fr\/wp-json\/wp\/v2\/product_brand?post=729021"},{"taxonomy":"product_cat","embeddable":true,"href":"https:\/\/stoic-curie.212-227-153-4.plesk.page\/fr\/wp-json\/wp\/v2\/product_cat?post=729021"},{"taxonomy":"product_tag","embeddable":true,"href":"https:\/\/stoic-curie.212-227-153-4.plesk.page\/fr\/wp-json\/wp\/v2\/product_tag?post=729021"}],"curies":[{"name":"wp","href":"https:\/\/api.w.org\/{rel}","templated":true}]}}