{"id":729022,"date":"2025-03-03T16:03:09","date_gmt":"2025-03-03T15:03:09","guid":{"rendered":"https:\/\/stoic-curie.212-227-153-4.plesk.page\/producto\/echelle-de-bain-telescopique-a-mains-courantes-3-echelons\/"},"modified":"2026-02-24T23:08:31","modified_gmt":"2026-02-24T23:08:31","slug":"echelle-de-bain-telescopique-a-mains-courantes-3-echelons","status":"publish","type":"product","link":"https:\/\/stoic-curie.212-227-153-4.plesk.page\/fr\/product\/echelle-de-bain-telescopique-a-mains-courantes-3-echelons\/","title":{"rendered":"\u00c9chelle de bain t\u00e9lescopique \u00e0 mains courantes, 3\u00a0\u00e9chelons"},"content":{"rendered":"<p>\u00c9chelle de bain t\u00e9lescopique \u00e0 mains courantes, 3\u00a0\u00e9chelons &#8211; <\/p>\n<p>\u00c9chelles t\u00e9lescopiques en acier inoxydable avec rampe au-dessus de la plateforme. Marches en poly plat pour un confort accru. Dimensions de la rampe L36 x H20.<\/p>\n","protected":false},"excerpt":{"rendered":"<p>\u00c9chelle de bain t\u00e9lescopique \u00e0 mains courantes, 3\u00a0\u00e9chelons &#8211; \u00c9chelles t\u00e9lescopiques en acier inoxydable avec rampe au-dessus de la plateforme.<\/p>\n","protected":false},"featured_media":5943750,"comment_status":"open","ping_status":"closed","template":"","meta":[],"product_brand":[3489],"product_cat":[1044],"product_tag":[],"class_list":{"0":"post-729022","1":"product","2":"type-product","3":"status-publish","4":"has-post-thumbnail","6":"product_brand-trem-fr","7":"product_cat-echelles","9":"first","10":"instock","11":"shipping-taxable","12":"purchasable","13":"product-type-simple"},"_links":{"self":[{"href":"https:\/\/stoic-curie.212-227-153-4.plesk.page\/fr\/wp-json\/wp\/v2\/product\/729022","targetHints":{"allow":["GET"]}}],"collection":[{"href":"https:\/\/stoic-curie.212-227-153-4.plesk.page\/fr\/wp-json\/wp\/v2\/product"}],"about":[{"href":"https:\/\/stoic-curie.212-227-153-4.plesk.page\/fr\/wp-json\/wp\/v2\/types\/product"}],"replies":[{"embeddable":true,"href":"https:\/\/stoic-curie.212-227-153-4.plesk.page\/fr\/wp-json\/wp\/v2\/comments?post=729022"}],"version-history":[{"count":0,"href":"https:\/\/stoic-curie.212-227-153-4.plesk.page\/fr\/wp-json\/wp\/v2\/product\/729022\/revisions"}],"wp:featuredmedia":[{"embeddable":true,"href":"https:\/\/stoic-curie.212-227-153-4.plesk.page\/fr\/wp-json\/wp\/v2\/media\/5943750"}],"wp:attachment":[{"href":"https:\/\/stoic-curie.212-227-153-4.plesk.page\/fr\/wp-json\/wp\/v2\/media?parent=729022"}],"wp:term":[{"taxonomy":"product_brand","embeddable":true,"href":"https:\/\/stoic-curie.212-227-153-4.plesk.page\/fr\/wp-json\/wp\/v2\/product_brand?post=729022"},{"taxonomy":"product_cat","embeddable":true,"href":"https:\/\/stoic-curie.212-227-153-4.plesk.page\/fr\/wp-json\/wp\/v2\/product_cat?post=729022"},{"taxonomy":"product_tag","embeddable":true,"href":"https:\/\/stoic-curie.212-227-153-4.plesk.page\/fr\/wp-json\/wp\/v2\/product_tag?post=729022"}],"curies":[{"name":"wp","href":"https:\/\/api.w.org\/{rel}","templated":true}]}}