{"id":729023,"date":"2025-03-03T16:03:09","date_gmt":"2025-03-03T15:03:09","guid":{"rendered":"https:\/\/stoic-curie.212-227-153-4.plesk.page\/producto\/drap-housse-en-coton-avec-elastique-bleu-type-e\/"},"modified":"2026-02-24T23:08:31","modified_gmt":"2026-02-24T23:08:31","slug":"drap-housse-en-coton-avec-elastique-bleu-type-e","status":"publish","type":"product","link":"https:\/\/stoic-curie.212-227-153-4.plesk.page\/fr\/product\/drap-housse-en-coton-avec-elastique-bleu-type-e\/","title":{"rendered":"Drap-housse en coton avec \u00e9lastique, bleu, Type\u00a0E"},"content":{"rendered":"<p>Drap-housse en coton avec \u00e9lastique, bleu, Type\u00a0E &#8211; <\/p>\n<p>Draps en coton \u00e9lastique avec bande \u00e9lastique renforc\u00e9e. Ils s&#8217;adaptent parfaitement \u00e0 tous les matelas et canap\u00e9s. 96% coton et 4% \u00e9lasthanne avec une \u00e9lasticit\u00e9 de 25%.<\/p>\n","protected":false},"excerpt":{"rendered":"<p>Drap-housse en coton avec \u00e9lastique, bleu, Type\u00a0E &#8211; Draps en coton \u00e9lastique avec bande \u00e9lastique renforc\u00e9e. Ils s&#8217;adaptent parfaitement \u00e0<\/p>\n","protected":false},"featured_media":5942039,"comment_status":"open","ping_status":"closed","template":"","meta":[],"product_brand":[3109],"product_cat":[1069],"product_tag":[],"class_list":{"0":"post-729023","1":"product","2":"type-product","3":"status-publish","4":"has-post-thumbnail","6":"product_brand-marine-business-mb-fr","7":"product_cat-tapis-et-literie","9":"first","10":"instock","11":"shipping-taxable","12":"purchasable","13":"product-type-simple"},"_links":{"self":[{"href":"https:\/\/stoic-curie.212-227-153-4.plesk.page\/fr\/wp-json\/wp\/v2\/product\/729023","targetHints":{"allow":["GET"]}}],"collection":[{"href":"https:\/\/stoic-curie.212-227-153-4.plesk.page\/fr\/wp-json\/wp\/v2\/product"}],"about":[{"href":"https:\/\/stoic-curie.212-227-153-4.plesk.page\/fr\/wp-json\/wp\/v2\/types\/product"}],"replies":[{"embeddable":true,"href":"https:\/\/stoic-curie.212-227-153-4.plesk.page\/fr\/wp-json\/wp\/v2\/comments?post=729023"}],"version-history":[{"count":0,"href":"https:\/\/stoic-curie.212-227-153-4.plesk.page\/fr\/wp-json\/wp\/v2\/product\/729023\/revisions"}],"wp:featuredmedia":[{"embeddable":true,"href":"https:\/\/stoic-curie.212-227-153-4.plesk.page\/fr\/wp-json\/wp\/v2\/media\/5942039"}],"wp:attachment":[{"href":"https:\/\/stoic-curie.212-227-153-4.plesk.page\/fr\/wp-json\/wp\/v2\/media?parent=729023"}],"wp:term":[{"taxonomy":"product_brand","embeddable":true,"href":"https:\/\/stoic-curie.212-227-153-4.plesk.page\/fr\/wp-json\/wp\/v2\/product_brand?post=729023"},{"taxonomy":"product_cat","embeddable":true,"href":"https:\/\/stoic-curie.212-227-153-4.plesk.page\/fr\/wp-json\/wp\/v2\/product_cat?post=729023"},{"taxonomy":"product_tag","embeddable":true,"href":"https:\/\/stoic-curie.212-227-153-4.plesk.page\/fr\/wp-json\/wp\/v2\/product_tag?post=729023"}],"curies":[{"name":"wp","href":"https:\/\/api.w.org\/{rel}","templated":true}]}}