{"id":729026,"date":"2025-03-03T16:03:09","date_gmt":"2025-03-03T15:03:09","guid":{"rendered":"https:\/\/stoic-curie.212-227-153-4.plesk.page\/producto\/tunnel-en-fibre-de-verre-vetus-d-250-mm-x-1-m\/"},"modified":"2026-02-24T23:08:31","modified_gmt":"2026-02-24T23:08:31","slug":"tunnel-en-fibre-de-verre-vetus-d-250-mm-x-1-m","status":"publish","type":"product","link":"https:\/\/stoic-curie.212-227-153-4.plesk.page\/fr\/product\/tunnel-en-fibre-de-verre-vetus-d-250-mm-x-1-m\/","title":{"rendered":"Tunnel en fibre de verre 250\u00a0mm\u00a0x\u00a01\u00a0m"},"content":{"rendered":"<p>Tunnel en fibre de verre 250\u00a0mm\u00a0x\u00a01\u00a0m &#8211; <\/p>\n<p>Nous sommes heureux de vous pr\u00e9senter notre tunnel GRP premium de 1 m\u00e8tre, d&#8217;un diam\u00e8tre de 250 mm. Ce tunnel est sp\u00e9cifiquement con\u00e7u pour fonctionner sans accroc avec les propulseurs d&#8217;\u00e9trave Quick et Vetus BOW125 &amp; 160.<\/p>\n<p>Les \u00e9valuations pratiques montrent qu&#8217;incorporer du mat\u00e9riau acoustique ARM peut r\u00e9duire consid\u00e9rablement le bruit produit par les propulseurs d&#8217;\u00e9trave. En appliquant une couche de compos\u00e9 ARM ou en ajoutant un mat\u00e9riau en feuille autour du tunnel, vous pouvez diminuer le niveau sonore d&#8217;environ 3 dB(A). Avec deux couches, la r\u00e9duction du bruit peut atteindre jusqu&#8217;\u00e0 7 dB(A).<\/p>\n<p><strong>Sp\u00e9cifications<\/strong><\/p>\n<ul>\n<li><strong>Dimensions<\/strong>\n<ul>\n<li>Tunnel Spring: 1000 mm<\/li>\n<li>Diam\u00e8tre interne du tunnel: 250 mm<\/li>\n<li>Diam\u00e8tre externe du tunnel: 265 mm<\/li>\n<\/ul>\n<\/li>\n<\/ul>\n<p><strong>Caract\u00e9ristiques cl\u00e9s<\/strong><\/p>\n<ul>\n<li><strong>Marque:<\/strong> Quick<\/li>\n<li><strong>Mat\u00e9riau:<\/strong> Polyester renforc\u00e9 de fibre de verre (FRV)<\/li>\n<li><strong>Id\u00e9al pour:<\/strong> Bateaux en polyester<\/li>\n<li><strong>Compatible avec ces marques de propulseurs d&#8217;\u00e9trave:<\/strong>\n<ul>\n<li>Vetus<\/li>\n<li>Side-Power<\/li>\n<li>Craftsman Marine<\/li>\n<li>Quick<\/li>\n<\/ul>\n<\/li>\n<\/ul>\n<p>Ce tunnel est une excellente option pour am\u00e9liorer \u00e0 la fois les performances et le confort de votre bateau.<\/p>\n","protected":false},"excerpt":{"rendered":"<p>Tunnel en fibre de verre 250\u00a0mm\u00a0x\u00a01\u00a0m &#8211; Nous sommes heureux de vous pr\u00e9senter notre tunnel GRP premium de 1 m\u00e8tre,<\/p>\n","protected":false},"featured_media":5942044,"comment_status":"open","ping_status":"closed","template":"","meta":[],"product_brand":[3279],"product_cat":[1036,1035],"product_tag":[],"class_list":{"0":"post-729026","1":"product","2":"type-product","3":"status-publish","4":"has-post-thumbnail","6":"product_brand-quick-fr","7":"product_cat-propulseurs-detrave-quick","8":"product_cat-propulseurs-detrave-vetus","10":"first","11":"instock","12":"shipping-taxable","13":"purchasable","14":"product-type-simple"},"_links":{"self":[{"href":"https:\/\/stoic-curie.212-227-153-4.plesk.page\/fr\/wp-json\/wp\/v2\/product\/729026","targetHints":{"allow":["GET"]}}],"collection":[{"href":"https:\/\/stoic-curie.212-227-153-4.plesk.page\/fr\/wp-json\/wp\/v2\/product"}],"about":[{"href":"https:\/\/stoic-curie.212-227-153-4.plesk.page\/fr\/wp-json\/wp\/v2\/types\/product"}],"replies":[{"embeddable":true,"href":"https:\/\/stoic-curie.212-227-153-4.plesk.page\/fr\/wp-json\/wp\/v2\/comments?post=729026"}],"version-history":[{"count":0,"href":"https:\/\/stoic-curie.212-227-153-4.plesk.page\/fr\/wp-json\/wp\/v2\/product\/729026\/revisions"}],"wp:featuredmedia":[{"embeddable":true,"href":"https:\/\/stoic-curie.212-227-153-4.plesk.page\/fr\/wp-json\/wp\/v2\/media\/5942044"}],"wp:attachment":[{"href":"https:\/\/stoic-curie.212-227-153-4.plesk.page\/fr\/wp-json\/wp\/v2\/media?parent=729026"}],"wp:term":[{"taxonomy":"product_brand","embeddable":true,"href":"https:\/\/stoic-curie.212-227-153-4.plesk.page\/fr\/wp-json\/wp\/v2\/product_brand?post=729026"},{"taxonomy":"product_cat","embeddable":true,"href":"https:\/\/stoic-curie.212-227-153-4.plesk.page\/fr\/wp-json\/wp\/v2\/product_cat?post=729026"},{"taxonomy":"product_tag","embeddable":true,"href":"https:\/\/stoic-curie.212-227-153-4.plesk.page\/fr\/wp-json\/wp\/v2\/product_tag?post=729026"}],"curies":[{"name":"wp","href":"https:\/\/api.w.org\/{rel}","templated":true}]}}