{"id":729035,"date":"2025-03-03T16:03:11","date_gmt":"2025-03-03T15:03:11","guid":{"rendered":"https:\/\/stoic-curie.212-227-153-4.plesk.page\/producto\/cordage-flottant-tresse-gris-d-14-mm-x-150-m\/"},"modified":"2026-02-24T23:08:32","modified_gmt":"2026-02-24T23:08:32","slug":"cordage-flottant-tresse-gris-d-14-mm-x-150-m","status":"publish","type":"product","link":"https:\/\/stoic-curie.212-227-153-4.plesk.page\/fr\/product\/cordage-flottant-tresse-gris-d-14-mm-x-150-m\/","title":{"rendered":"Cordage flottant tress\u00e9 gris, D\u00a014\u00a0mm\u00a0x\u00a0150\u00a0m"},"content":{"rendered":"<p>Cordage flottant tress\u00e9 gris, D\u00a014\u00a0mm\u00a0x\u00a0150\u00a0m &#8211; <\/p>\n<p>Corde multifilament multifonctionnelle id\u00e9ale pour les inflatables et les annexes. Douce et l\u00e9g\u00e8re, elle flotte et n&#8217;absorbe pas l&#8217;humidit\u00e9. Construction : tress\u00e9e \u00e0 16 brins, poly\u00e9thyl\u00e8ne 100 % stabilis\u00e9 UV.<\/p>\n","protected":false},"excerpt":{"rendered":"<p>Cordage flottant tress\u00e9 gris, D\u00a014\u00a0mm\u00a0x\u00a0150\u00a0m &#8211; Corde multifilament multifonctionnelle id\u00e9ale pour les inflatables et les annexes. Douce et l\u00e9g\u00e8re, elle<\/p>\n","protected":false},"featured_media":5942148,"comment_status":"open","ping_status":"closed","template":"","meta":[],"product_brand":[3099],"product_cat":[1047],"product_tag":[],"class_list":{"0":"post-729035","1":"product","2":"type-product","3":"status-publish","4":"has-post-thumbnail","6":"product_brand-marco-benvenuti-fr","7":"product_cat-corde-flottante","9":"first","10":"instock","11":"shipping-taxable","12":"purchasable","13":"product-type-simple"},"_links":{"self":[{"href":"https:\/\/stoic-curie.212-227-153-4.plesk.page\/fr\/wp-json\/wp\/v2\/product\/729035","targetHints":{"allow":["GET"]}}],"collection":[{"href":"https:\/\/stoic-curie.212-227-153-4.plesk.page\/fr\/wp-json\/wp\/v2\/product"}],"about":[{"href":"https:\/\/stoic-curie.212-227-153-4.plesk.page\/fr\/wp-json\/wp\/v2\/types\/product"}],"replies":[{"embeddable":true,"href":"https:\/\/stoic-curie.212-227-153-4.plesk.page\/fr\/wp-json\/wp\/v2\/comments?post=729035"}],"version-history":[{"count":0,"href":"https:\/\/stoic-curie.212-227-153-4.plesk.page\/fr\/wp-json\/wp\/v2\/product\/729035\/revisions"}],"wp:featuredmedia":[{"embeddable":true,"href":"https:\/\/stoic-curie.212-227-153-4.plesk.page\/fr\/wp-json\/wp\/v2\/media\/5942148"}],"wp:attachment":[{"href":"https:\/\/stoic-curie.212-227-153-4.plesk.page\/fr\/wp-json\/wp\/v2\/media?parent=729035"}],"wp:term":[{"taxonomy":"product_brand","embeddable":true,"href":"https:\/\/stoic-curie.212-227-153-4.plesk.page\/fr\/wp-json\/wp\/v2\/product_brand?post=729035"},{"taxonomy":"product_cat","embeddable":true,"href":"https:\/\/stoic-curie.212-227-153-4.plesk.page\/fr\/wp-json\/wp\/v2\/product_cat?post=729035"},{"taxonomy":"product_tag","embeddable":true,"href":"https:\/\/stoic-curie.212-227-153-4.plesk.page\/fr\/wp-json\/wp\/v2\/product_tag?post=729035"}],"curies":[{"name":"wp","href":"https:\/\/api.w.org\/{rel}","templated":true}]}}