{"id":729037,"date":"2025-03-03T16:03:11","date_gmt":"2025-03-03T15:03:11","guid":{"rendered":"https:\/\/stoic-curie.212-227-153-4.plesk.page\/producto\/ancre-pool-hhp-en-acier-galvanise-80-kg\/"},"modified":"2026-02-24T23:08:32","modified_gmt":"2026-02-24T23:08:32","slug":"ancre-pool-hhp-en-acier-galvanise-80-kg","status":"publish","type":"product","link":"https:\/\/stoic-curie.212-227-153-4.plesk.page\/fr\/product\/ancre-pool-hhp-en-acier-galvanise-80-kg\/","title":{"rendered":"Ancre \u00ab\u00a0Pool HHP\u00a0\u00bb en acier galvanis\u00e9, 80\u00a0kg"},"content":{"rendered":"<p>Ancre \u00ab\u00a0Pool HHP\u00a0\u00bb en acier galvanis\u00e9, 80\u00a0kg &#8211; <\/p>\n<p>Pr\u00e9sentation de l&#8217;ancre en acier galvanis\u00e9 &#8220;Pool HHP&#8221; (High Holding Power), sp\u00e9cialement con\u00e7ue pour exceller dans des environnements sablonneux et boueux. Cet ancre de type TW est une ancre \u00e0 haute tenue sans stock, soigneusement con\u00e7ue pour offrir des capacit\u00e9s d&#8217;ancrage exceptionnelles sur lesquelles les propri\u00e9taires de bateaux peuvent compter. L&#8217;une des caract\u00e9ristiques remarquables de cette ancre est sa capacit\u00e9 remarquable \u00e0 fournir plus de deux fois la force de tenue par rapport aux ancres conventionnelles du m\u00eame poids. Cela signifie que lorsque vous choisissez l&#8217;ancre Pool HHP, vous investissez dans un produit offrant des performances et une s\u00e9curit\u00e9 sup\u00e9rieures pour votre embarcation.<\/p>\n<p>L&#8217;ancre est con\u00e7ue avec de grandes flukes plates fabriqu\u00e9es en plaque d&#8217;acier \u00e0 haute r\u00e9sistance. L&#8217;\u00e9paisseur de ces flukes varie de 15 mm \u00e0 140 mm, en fonction de la taille sp\u00e9cifique de l&#8217;ancre que vous s\u00e9lectionnez. Cette variation d&#8217;\u00e9paisseur garantit que chaque ancre est adapt\u00e9e aux exigences de diff\u00e9rentes conditions de navigation et tailles.<\/p>\n<p><strong>Sp\u00e9cifications du produit:<\/strong><\/p>\n<ul>\n<li><strong>Type:<\/strong> Ancre \u00e0 haute tenue<\/li>\n<li><strong>Mat\u00e9riau:<\/strong> Acier ZG230-45CH<\/li>\n<li><strong>Plage de poids:<\/strong> 50 kg \u00e0 150 kg<\/li>\n<li><strong>Options de finition:<\/strong> Galvanis\u00e9 \u00e0 chaud pour une durabilit\u00e9 accrue<\/li>\n<li><strong>Certifications:<\/strong> BV, ABS, DNV, GL, LRS, RINA, RS, IRS, CCS, KR, NK<\/li>\n<\/ul>\n<p>Cet ancre est un excellent choix pour les propri\u00e9taires de bateaux \u00e0 la recherche d&#8217;une solution d&#8217;ancrage fiable et robuste, surtout dans des conditions difficiles. Avec sa haute tenue et sa construction durable, l&#8217;ancre Pool HHP garantit que votre bateau reste solidement ancr\u00e9, vous apportant la tranquillit\u00e9 d&#8217;esprit pendant que vous profitez de votre temps sur l&#8217;eau.<\/p>\n","protected":false},"excerpt":{"rendered":"<p>Ancre \u00ab\u00a0Pool HHP\u00a0\u00bb en acier galvanis\u00e9, 80\u00a0kg &#8211; Pr\u00e9sentation de l&#8217;ancre en acier galvanis\u00e9 &#8220;Pool HHP&#8221; (High Holding Power), sp\u00e9cialement<\/p>\n","protected":false},"featured_media":5942158,"comment_status":"open","ping_status":"closed","template":"","meta":[],"product_brand":[3084],"product_cat":[1297],"product_tag":[],"class_list":{"0":"post-729037","1":"product","2":"type-product","3":"status-publish","4":"has-post-thumbnail","6":"product_brand-maggigroup-fr","7":"product_cat-ancres-danforth","9":"first","10":"instock","11":"shipping-taxable","12":"purchasable","13":"product-type-simple"},"_links":{"self":[{"href":"https:\/\/stoic-curie.212-227-153-4.plesk.page\/fr\/wp-json\/wp\/v2\/product\/729037","targetHints":{"allow":["GET"]}}],"collection":[{"href":"https:\/\/stoic-curie.212-227-153-4.plesk.page\/fr\/wp-json\/wp\/v2\/product"}],"about":[{"href":"https:\/\/stoic-curie.212-227-153-4.plesk.page\/fr\/wp-json\/wp\/v2\/types\/product"}],"replies":[{"embeddable":true,"href":"https:\/\/stoic-curie.212-227-153-4.plesk.page\/fr\/wp-json\/wp\/v2\/comments?post=729037"}],"version-history":[{"count":0,"href":"https:\/\/stoic-curie.212-227-153-4.plesk.page\/fr\/wp-json\/wp\/v2\/product\/729037\/revisions"}],"wp:featuredmedia":[{"embeddable":true,"href":"https:\/\/stoic-curie.212-227-153-4.plesk.page\/fr\/wp-json\/wp\/v2\/media\/5942158"}],"wp:attachment":[{"href":"https:\/\/stoic-curie.212-227-153-4.plesk.page\/fr\/wp-json\/wp\/v2\/media?parent=729037"}],"wp:term":[{"taxonomy":"product_brand","embeddable":true,"href":"https:\/\/stoic-curie.212-227-153-4.plesk.page\/fr\/wp-json\/wp\/v2\/product_brand?post=729037"},{"taxonomy":"product_cat","embeddable":true,"href":"https:\/\/stoic-curie.212-227-153-4.plesk.page\/fr\/wp-json\/wp\/v2\/product_cat?post=729037"},{"taxonomy":"product_tag","embeddable":true,"href":"https:\/\/stoic-curie.212-227-153-4.plesk.page\/fr\/wp-json\/wp\/v2\/product_tag?post=729037"}],"curies":[{"name":"wp","href":"https:\/\/api.w.org\/{rel}","templated":true}]}}