{"id":729038,"date":"2025-03-03T16:03:11","date_gmt":"2025-03-03T15:03:11","guid":{"rendered":"https:\/\/stoic-curie.212-227-153-4.plesk.page\/producto\/ancre-pool-hhp-en-acier-galvanise-150-kg\/"},"modified":"2026-02-24T23:08:32","modified_gmt":"2026-02-24T23:08:32","slug":"ancre-pool-hhp-en-acier-galvanise-150-kg","status":"publish","type":"product","link":"https:\/\/stoic-curie.212-227-153-4.plesk.page\/fr\/product\/ancre-pool-hhp-en-acier-galvanise-150-kg\/","title":{"rendered":"Ancre \u00a0Pool HHP 150\u00a0kg"},"content":{"rendered":"<p>Ancre \u00a0Pool HHP 150\u00a0kg &#8211; <\/p>\n<p style=\"color: rgb(34, 34, 34); font-family: Arial, Helvetica, sans-serif; font-size: small;\">Ancre en acier galvanis\u00e9 &#8220;Pool HHP&#8221; (High Holding Power) : Id\u00e9ale pour une utilisation dans le sable et la boue. L&#8217;ancre de type TW est une ancre sans stock \u00e0 haute puissance de maintien, con\u00e7ue pour offrir des capacit\u00e9s d&#8217;ancrage sup\u00e9rieures. Elle offre plus du double de la puissance de maintien par rapport aux ancres conventionnelles du m\u00eame poids. Cette ancre dispose de grandes pattes plates en acier \u00e0 haute r\u00e9sistance, avec des \u00e9paisseurs variant de 15 mm \u00e0 140 mm, selon la taille de l&#8217;ancre.<\/p>\n<p style=\"color: rgb(34, 34, 34); font-family: Arial, Helvetica, sans-serif; font-size: small;\"><strong>D\u00e9tails du produit :<\/strong><\/p>\n<ul style=\"color: rgb(34, 34, 34); font-family: Arial, Helvetica, sans-serif; font-size: small;\">\n<li><strong>Type :<\/strong>\u00a0Ancre \u00e0 haute puissance de maintien<\/li>\n<li><strong>Mat\u00e9riau :<\/strong>\u00a0Acier ZG230-45CH<\/li>\n<li><strong>Plage de poids :<\/strong>\u00a050 kg \u00e0 150 kg<\/li>\n<li><strong>Options de finition :<\/strong>\u00a0galvanis\u00e9 \u00e0 chaud<\/li>\n<li><strong>Certifications :<\/strong>\u00a0BV, ABS, DNV, GL, LRS, RINA, RS, IRS, CCS, KR, NK<\/li>\n<\/ul>\n<p style=\"color: rgb(34, 34, 34); font-family: Arial, Helvetica, sans-serif; font-size: small;\">Cette ancre est un excellent choix pour les propri\u00e9taires de bateau \u00e0 la recherche de solutions d&#8217;ancrage fiables et robustes dans des environnements difficiles.<\/p>\n","protected":false},"excerpt":{"rendered":"<p>Ancre \u00a0Pool HHP 150\u00a0kg &#8211; Ancre en acier galvanis\u00e9 &#8220;Pool HHP&#8221; (High Holding Power) : Id\u00e9ale pour une utilisation dans<\/p>\n","protected":false},"featured_media":5942158,"comment_status":"open","ping_status":"closed","template":"","meta":[],"product_brand":[3084],"product_cat":[1297],"product_tag":[],"class_list":{"0":"post-729038","1":"product","2":"type-product","3":"status-publish","4":"has-post-thumbnail","6":"product_brand-maggigroup-fr","7":"product_cat-ancres-danforth","9":"first","10":"instock","11":"shipping-taxable","12":"purchasable","13":"product-type-simple"},"_links":{"self":[{"href":"https:\/\/stoic-curie.212-227-153-4.plesk.page\/fr\/wp-json\/wp\/v2\/product\/729038","targetHints":{"allow":["GET"]}}],"collection":[{"href":"https:\/\/stoic-curie.212-227-153-4.plesk.page\/fr\/wp-json\/wp\/v2\/product"}],"about":[{"href":"https:\/\/stoic-curie.212-227-153-4.plesk.page\/fr\/wp-json\/wp\/v2\/types\/product"}],"replies":[{"embeddable":true,"href":"https:\/\/stoic-curie.212-227-153-4.plesk.page\/fr\/wp-json\/wp\/v2\/comments?post=729038"}],"version-history":[{"count":0,"href":"https:\/\/stoic-curie.212-227-153-4.plesk.page\/fr\/wp-json\/wp\/v2\/product\/729038\/revisions"}],"wp:featuredmedia":[{"embeddable":true,"href":"https:\/\/stoic-curie.212-227-153-4.plesk.page\/fr\/wp-json\/wp\/v2\/media\/5942158"}],"wp:attachment":[{"href":"https:\/\/stoic-curie.212-227-153-4.plesk.page\/fr\/wp-json\/wp\/v2\/media?parent=729038"}],"wp:term":[{"taxonomy":"product_brand","embeddable":true,"href":"https:\/\/stoic-curie.212-227-153-4.plesk.page\/fr\/wp-json\/wp\/v2\/product_brand?post=729038"},{"taxonomy":"product_cat","embeddable":true,"href":"https:\/\/stoic-curie.212-227-153-4.plesk.page\/fr\/wp-json\/wp\/v2\/product_cat?post=729038"},{"taxonomy":"product_tag","embeddable":true,"href":"https:\/\/stoic-curie.212-227-153-4.plesk.page\/fr\/wp-json\/wp\/v2\/product_tag?post=729038"}],"curies":[{"name":"wp","href":"https:\/\/api.w.org\/{rel}","templated":true}]}}