{"id":729039,"date":"2025-03-03T16:03:11","date_gmt":"2025-03-03T15:03:11","guid":{"rendered":"https:\/\/stoic-curie.212-227-153-4.plesk.page\/producto\/wc-marin-tecma-breeze-12-v-avec-panneau-de-commande-tout-en-un-sft\/"},"modified":"2026-02-24T23:08:32","modified_gmt":"2026-02-24T23:08:32","slug":"wc-marin-tecma-breeze-12-v-avec-panneau-de-commande-tout-en-un-sft","status":"publish","type":"product","link":"https:\/\/stoic-curie.212-227-153-4.plesk.page\/fr\/product\/wc-marin-tecma-breeze-12-v-avec-panneau-de-commande-tout-en-un-sft\/","title":{"rendered":"WC Tecma Breeze 12v ( Panneau SFT tout-en-un)"},"content":{"rendered":"<p>WC Tecma Breeze 12v ( Panneau SFT tout-en-un) &#8211; <\/p>\n<p style=\"color: rgb(34, 34, 34); font-family: Arial, Helvetica, sans-serif; font-size: small;\"><strong>Toilette Tecma Breeze 12V avec panneau SFT tout-en-un.\u00a0<\/strong>La toilette Tecma Breeze offre un design moderne qui privil\u00e9gie le confort et les principes ergonomiques. Elle dispose d&#8217;un si\u00e8ge en thermo-durcissant avec un m\u00e9canisme de fermeture douce, ce qui minimise \u00e0 la fois les dommages potentiels et le bruit. De plus, la toilette est \u00e9quip\u00e9e d&#8217;un syst\u00e8me de charni\u00e8re \u00e0 retrait rapide, simplifiant le nettoyage et l&#8217;entretien. Con\u00e7ue pour l&#8217;efficacit\u00e9, elle garantit un usage minimal d&#8217;eau, une faible consommation \u00e9lectrique et des niveaux sonores r\u00e9duits. Le processus d&#8217;installation et de c\u00e2blage est simple et ne n\u00e9cessite aucun entretien continu.<\/p>\n<p style=\"color: rgb(34, 34, 34); font-family: Arial, Helvetica, sans-serif; font-size: small;\"><strong>Cette toilette peut \u00eatre op\u00e9r\u00e9e \u00e0 l&#8217;aide de deux types de panneaux de contr\u00f4le distincts :<\/strong><\/p>\n<p style=\"color: rgb(34, 34, 34); font-family: Arial, Helvetica, sans-serif; font-size: small;\"><strong>Panneau SFT tout-en-un :<\/strong>&#038;nbsp>Ce panneau \u00e0 deux boutons permet l&#8217;ajout d&#8217;eau et la chasse d&#8217;eau. Il int\u00e8gre la technologie Smart Flush pour assurer une faible consommation et des \u00e9missions sonores r\u00e9duites. De plus, il comprend une protection contre le d\u00e9bordement d&#8217;eau et des capacit\u00e9s de surveillance du r\u00e9servoir \u00e0 d\u00e9chets.<\/p>\n<p style=\"color: rgb(34, 34, 34); font-family: Arial, Helvetica, sans-serif; font-size: small;\"><strong>Panneau tactile SFT :<\/strong>&#038;nbsp>Ce panneau sensible au toucher fournit \u00e9galement des commandes pour ajouter de l&#8217;eau et pour chasser. Comme le panneau tout-en-un, il utilise la technologie Smart Flush pour un fonctionnement efficace et une minimisation du son. Il dispose d&#8217;une protection contre le d\u00e9bordement d&#8217;eau avec programmation du d\u00e9bit et d&#8217;une surveillance du r\u00e9servoir \u00e0 d\u00e9chets, et peut \u00eatre configur\u00e9 pour le mode croisi\u00e8re ou port.<\/p>\n<p style=\"color: rgb(34, 34, 34); font-family: Arial, Helvetica, sans-serif; font-size: small;\"><strong>La collection Breeze, un design innovant de Tecma, se caract\u00e9rise par ses contours doux et arrondis qui cr\u00e9ent une apparence unique &#8216;comme \u00e0 la maison&#8217;, am\u00e9liorant \u00e0 la fois le confort d&#8217;assise et le soutien ergonomique. Cette collection a \u00e9t\u00e9 soigneusement con\u00e7ue pour s&#8217;adapter \u00e0 la g\u00e9om\u00e9trie des mod\u00e8les traditionnels de Tecma, assurant une r\u00e9trofit et une installation sans faille dans les environnements de salle de bain existants.<\/strong><\/p>\n<p style=\"color: rgb(34, 34, 34); font-family: Arial, Helvetica, sans-serif; font-size: small;\"><strong>Le toilette est bien \u00e9quilibr\u00e9 et int\u00e8gre un syst\u00e8me de fermeture douce innovant pour le couvercle. Le m\u00e9canisme d&#8217;amortissement contr\u00f4le doucement la vitesse de fermeture, \u00e9vitant tout dommage potentiel et bruit qui pourrait perturber le confort et le repos des invit\u00e9s. Pour l&#8217;inspection ou l&#8217;entretien, le syst\u00e8me de charni\u00e8re \u00e0 retrait rapide unique permet un d\u00e9montage rapide et facile.<\/strong><\/p>\n<p style=\"color: rgb(34, 34, 34); font-family: Arial, Helvetica, sans-serif; font-size: small;\"><strong>Caract\u00e9ristiques cl\u00e9s :<\/strong><\/p>\n<ul style=\"color: rgb(34, 34, 34); font-family: Arial, Helvetica, sans-serif; font-size: small;\">\n<li>Esth\u00e9tique propre et moderne<\/li>\n<li>Fonctionnement exceptionnellement silencieux<\/li>\n<li>Installation rapide et simple<\/li>\n<li>Performances fiables<\/li>\n<li>Mat\u00e9riaux de haute qualit\u00e9<\/li>\n<\/ul>\n<p style=\"color: rgb(34, 34, 34); font-family: Arial, Helvetica, sans-serif; font-size: small;\"><strong>La toilette Tecma Breeze se trouve \u00e9galement sur des navires prestigieux de marques telles que Delta Powerboats, Monte Carlo Yachts et Azimut.<\/strong><\/p>\n<p style=\"color: rgb(34, 34, 34); font-family: Arial, Helvetica, sans-serif; font-size: small;\"><strong>Caract\u00e9ristiques techniques :<\/strong><\/p>\n<ul style=\"color: rgb(34, 34, 34); font-family: Arial, Helvetica, sans-serif; font-size: small;\">\n<li>Toilette en c\u00e9ramique italienne : 27 kg<\/li>\n<li>Bidet : 16 kg<\/li>\n<li>Large gamme de panneaux de contr\u00f4le disponibles<\/li>\n<li>Fonctionnement de chasse silencieuse<\/li>\n<li>Faible consommation : 0,5-2,7L \/ 0,1-0,7 gallons par chasse<\/li>\n<li>Bidet int\u00e9gr\u00e9 en option<\/li>\n<li>Fonction de fermeture douce<\/li>\n<\/ul>\n","protected":false},"excerpt":{"rendered":"<p>WC Tecma Breeze 12v ( Panneau SFT tout-en-un) &#8211; Toilette Tecma Breeze 12V avec panneau SFT tout-en-un.\u00a0La toilette Tecma Breeze<\/p>\n","protected":false},"featured_media":5943764,"comment_status":"open","ping_status":"closed","template":"","meta":[],"product_brand":[3469],"product_cat":[1101],"product_tag":[],"class_list":{"0":"post-729039","1":"product","2":"type-product","3":"status-publish","4":"has-post-thumbnail","6":"product_brand-tecma-fr","7":"product_cat-toilettes-marines","9":"first","10":"instock","11":"shipping-taxable","12":"purchasable","13":"product-type-simple"},"_links":{"self":[{"href":"https:\/\/stoic-curie.212-227-153-4.plesk.page\/fr\/wp-json\/wp\/v2\/product\/729039","targetHints":{"allow":["GET"]}}],"collection":[{"href":"https:\/\/stoic-curie.212-227-153-4.plesk.page\/fr\/wp-json\/wp\/v2\/product"}],"about":[{"href":"https:\/\/stoic-curie.212-227-153-4.plesk.page\/fr\/wp-json\/wp\/v2\/types\/product"}],"replies":[{"embeddable":true,"href":"https:\/\/stoic-curie.212-227-153-4.plesk.page\/fr\/wp-json\/wp\/v2\/comments?post=729039"}],"version-history":[{"count":0,"href":"https:\/\/stoic-curie.212-227-153-4.plesk.page\/fr\/wp-json\/wp\/v2\/product\/729039\/revisions"}],"wp:featuredmedia":[{"embeddable":true,"href":"https:\/\/stoic-curie.212-227-153-4.plesk.page\/fr\/wp-json\/wp\/v2\/media\/5943764"}],"wp:attachment":[{"href":"https:\/\/stoic-curie.212-227-153-4.plesk.page\/fr\/wp-json\/wp\/v2\/media?parent=729039"}],"wp:term":[{"taxonomy":"product_brand","embeddable":true,"href":"https:\/\/stoic-curie.212-227-153-4.plesk.page\/fr\/wp-json\/wp\/v2\/product_brand?post=729039"},{"taxonomy":"product_cat","embeddable":true,"href":"https:\/\/stoic-curie.212-227-153-4.plesk.page\/fr\/wp-json\/wp\/v2\/product_cat?post=729039"},{"taxonomy":"product_tag","embeddable":true,"href":"https:\/\/stoic-curie.212-227-153-4.plesk.page\/fr\/wp-json\/wp\/v2\/product_tag?post=729039"}],"curies":[{"name":"wp","href":"https:\/\/api.w.org\/{rel}","templated":true}]}}